{"id":334310,"date":"2026-03-07T00:31:51","date_gmt":"2026-03-06T21:31:51","guid":{"rendered":"https:\/\/baldumarket.lt\/?post_type=product&#038;p=334310"},"modified":"2026-03-25T10:10:25","modified_gmt":"2026-03-25T07:10:25","slug":"maza-komoda-su-stalciais-ir-spintelemis-120-cm-sonoma-sviesa-kinga-3","status":"publish","type":"product","link":"https:\/\/baldumarket.lt\/lt\/produktas\/maza-komoda-su-stalciais-ir-spintelemis-120-cm-sonoma-sviesa-kinga-3\/","title":{"rendered":"Ma\u017ea komoda su stal\u010diais ir spintel\u0117mis, 120 cm, Olcha \u2013 KINGA"},"content":{"rendered":"<p>120 cm plo\u010dio \u201eKinga\u201c indauja buvo sukurta kaip kompakti\u0161kas daiktad\u0117\u017e\u0117s blokas, kuriame paprasta forma derinama su funkcionaliu i\u0161d\u0117stymu. Jos matmenys leid\u017eia patogiai i\u0161d\u0117styti j\u0105 \u012fvairiose nam\u0173 vietose neu\u017eimant erdv\u0117s.<br \/>\nErdvi\u0173 spinteli\u0173 ir stal\u010di\u0173 naudojimas leid\u017eia logi\u0161kai sutvarkyti laikomus daiktus. Spintel\u0117s su lentynomis puikiai tinka didesniems daiktams, pavyzd\u017eiui, tekstilei, stalo \u012frankiams ar aksesuarams, o stal\u010diai palengvina ma\u017eesni\u0173 daikt\u0173, kuriuos reikia greitai pasiekti ir sutvarkyti, sutvarkym\u0105.<br \/>\nVir\u0161utin\u0117 indauja tarnauja kaip papildoma naudinga erdv\u0117. Joje galima laikyti dekoracijas, lemp\u0105 ar kasdienius daiktus, i\u0161laikant vientis\u0105 ir tvarking\u0105 vaizd\u0105.<br \/>\nAlksnio spalva suteikia komodai \u0161ilt\u0105, nat\u016bral\u0173 charakter\u012f, \u012fkv\u0117pt\u0105 klasikin\u0117s medienos. \u0160is atspalvis gerai dera su neutraliomis interjero spalvomis ir skatina ram\u0173, harmoning\u0105 i\u0161d\u0117stym\u0105, vizualiai neu\u017ego\u017edamas erdv\u0117s.<br \/>\n\u201eKinga\u201c indauja pagaminta i\u0161 18 mm storio laminuotos plok\u0161t\u0117s, u\u017etikrinan\u010dios konstrukcijos stabilum\u0105 ir atsparum\u0105 kasdieniam naudojimui. Kra\u0161tai apsaugoti PVC apvadais, o galin\u0117s sienel\u0117s \u2013 i\u0161 HDF plok\u0161t\u0117s. Produktas pagamintas Lenkijoje ir gali b\u016bti pritaikytas pagal matmenis, spalvas ir furnit\u016br\u0105, \u012fskaitant \u0161velniai u\u017esidaran\u010dius vyrius ir pilno i\u0161traukimo stal\u010dius.<\/p>","protected":false},"excerpt":{"rendered":"<p>Matmenys:<br \/>\nPlotis: 120 cm<br \/>\nAuk\u0161tis: 92 cm<br \/>\nGylis: 44 cm<\/p>","protected":false},"featured_media":334382,"comment_status":"open","ping_status":"closed","template":"","meta":[],"product_brand":[],"product_cat":[9987,9857,1173],"product_tag":[],"class_list":{"0":"post-334310","1":"product","2":"type-product","3":"status-publish","4":"has-post-thumbnail","6":"product_cat-chests-of-drawers-meblast","7":"product_cat-meblast","8":"product_cat-chests-of-drawers","10":"first","11":"instock","12":"shipping-taxable","13":"purchasable","14":"product-type-variable","15":"wvs-archive-product-wrapper"},"_links":{"self":[{"href":"https:\/\/baldumarket.lt\/lt\/wp-json\/wp\/v2\/product\/334310","targetHints":{"allow":["GET"]}}],"collection":[{"href":"https:\/\/baldumarket.lt\/lt\/wp-json\/wp\/v2\/product"}],"about":[{"href":"https:\/\/baldumarket.lt\/lt\/wp-json\/wp\/v2\/types\/product"}],"replies":[{"embeddable":true,"href":"https:\/\/baldumarket.lt\/lt\/wp-json\/wp\/v2\/comments?post=334310"}],"wp:featuredmedia":[{"embeddable":true,"href":"https:\/\/baldumarket.lt\/lt\/wp-json\/wp\/v2\/media\/334382"}],"wp:attachment":[{"href":"https:\/\/baldumarket.lt\/lt\/wp-json\/wp\/v2\/media?parent=334310"}],"wp:term":[{"taxonomy":"product_brand","embeddable":true,"href":"https:\/\/baldumarket.lt\/lt\/wp-json\/wp\/v2\/product_brand?post=334310"},{"taxonomy":"product_cat","embeddable":true,"href":"https:\/\/baldumarket.lt\/lt\/wp-json\/wp\/v2\/product_cat?post=334310"},{"taxonomy":"product_tag","embeddable":true,"href":"https:\/\/baldumarket.lt\/lt\/wp-json\/wp\/v2\/product_tag?post=334310"}],"curies":[{"name":"wp","href":"https:\/\/api.w.org\/{rel}","templated":true}]}}