{"id":334308,"date":"2026-03-07T00:31:49","date_gmt":"2026-03-06T21:31:49","guid":{"rendered":"https:\/\/baldumarket.lt\/?post_type=product&#038;p=334308"},"modified":"2026-03-25T10:10:25","modified_gmt":"2026-03-25T07:10:25","slug":"maza-komoda-su-stalciais-ir-spintelemis-120-cm-sonoma-sviesa-kinga-2","status":"publish","type":"product","link":"https:\/\/baldumarket.lt\/lt\/produktas\/maza-komoda-su-stalciais-ir-spintelemis-120-cm-sonoma-sviesa-kinga-2\/","title":{"rendered":"Ma\u017ea komoda su stal\u010diais ir spintel\u0117mis, 120 cm, Sonoma Jasna \u2013 KINGA"},"content":{"rendered":"<p>120 cm plo\u010dio \u201eKinga\u201c komoda \u2013 tai kompakti\u0161kas baldas, skirtas kasdieniams daiktams laikyti nam\u0173 interjere. D\u0117l savo proporcij\u0173 j\u012f patogu pastatyti erdv\u0117se, kur svarbiausia funkcionalumas, tuo pa\u010diu i\u0161laikant kompakti\u0161k\u0105 dyd\u012f.<br \/>\nSpinteli\u0173 i\u0161d\u0117stymas pagr\u012fstas stal\u010di\u0173 ir rakinam\u0173 spinteli\u0173 deriniu, leid\u017eian\u010diu logi\u0161kai sutvarkyti laikomus daiktus. Spintel\u0117s su lentynomis puikiai tinka didesniems daiktams, pavyzd\u017eiui, drabu\u017eiams, tekstilei ar indams, o stal\u010diai palengvina ma\u017eesni\u0173 daikt\u0173, kuriuos patogu laikyti lengvai pasiekiamus, bet pasl\u0117ptus nuo tiesiogini\u0173 aki\u0173, sutvarkym\u0105.<br \/>\nKomoda suteikia papildomos naudingos erdv\u0117s, kuri\u0105 galima panaudoti dekoracijoms, stalinei lempai ar kitiems papildomiems elementams eksponuoti. Tai leid\u017eia i\u0161laikyti tvark\u0105 ir vizualin\u0119 darn\u0105, netrukdant bald\u0173 funkcionalumui.<br \/>\n\u0160viesi Sonoma spalva suteikia komodai nat\u016brali\u0105, rami\u0105 \u0161viesios medienos \u012fkv\u0117pt\u0105 i\u0161vaizd\u0105. \u0160i spalv\u0173 gama dera su \u012fvairiomis med\u017eiagomis ir apdailomis, tod\u0117l puikiai tinka \u012fvairiems interjero dizainams. \u201eKinga\u201c indauja pagaminta i\u0161 18 mm storio laminuotos plok\u0161t\u0117s, u\u017etikrinan\u010dios konstrukcijos stabilum\u0105 ir atsparum\u0105 kasdieniam naudojimui. Kra\u0161tai apsaugoti PVC apvadais, o galin\u0117s sienel\u0117s \u2013 i\u0161 HDF plok\u0161t\u0117s. Produktas pagamintas Lenkijoje ir gali b\u016bti pritaikytas pagal matmenis, spalvas ir furnit\u016br\u0105, \u012fskaitant \u0161velniai u\u017esidaran\u010dius vyrius ir pilno i\u0161traukimo stal\u010dius.<\/p>","protected":false},"excerpt":{"rendered":"<p>Matmenys:<br \/>\nPlotis: 120 cm<br \/>\nAuk\u0161tis: 92 cm<br \/>\nGylis: 44 cm<\/p>","protected":false},"featured_media":334371,"comment_status":"open","ping_status":"closed","template":"","meta":[],"product_brand":[],"product_cat":[9987,9857,1173],"product_tag":[],"class_list":{"0":"post-334308","1":"product","2":"type-product","3":"status-publish","4":"has-post-thumbnail","6":"product_cat-chests-of-drawers-meblast","7":"product_cat-meblast","8":"product_cat-chests-of-drawers","10":"first","11":"instock","12":"shipping-taxable","13":"purchasable","14":"product-type-variable","15":"wvs-archive-product-wrapper"},"_links":{"self":[{"href":"https:\/\/baldumarket.lt\/lt\/wp-json\/wp\/v2\/product\/334308","targetHints":{"allow":["GET"]}}],"collection":[{"href":"https:\/\/baldumarket.lt\/lt\/wp-json\/wp\/v2\/product"}],"about":[{"href":"https:\/\/baldumarket.lt\/lt\/wp-json\/wp\/v2\/types\/product"}],"replies":[{"embeddable":true,"href":"https:\/\/baldumarket.lt\/lt\/wp-json\/wp\/v2\/comments?post=334308"}],"wp:featuredmedia":[{"embeddable":true,"href":"https:\/\/baldumarket.lt\/lt\/wp-json\/wp\/v2\/media\/334371"}],"wp:attachment":[{"href":"https:\/\/baldumarket.lt\/lt\/wp-json\/wp\/v2\/media?parent=334308"}],"wp:term":[{"taxonomy":"product_brand","embeddable":true,"href":"https:\/\/baldumarket.lt\/lt\/wp-json\/wp\/v2\/product_brand?post=334308"},{"taxonomy":"product_cat","embeddable":true,"href":"https:\/\/baldumarket.lt\/lt\/wp-json\/wp\/v2\/product_cat?post=334308"},{"taxonomy":"product_tag","embeddable":true,"href":"https:\/\/baldumarket.lt\/lt\/wp-json\/wp\/v2\/product_tag?post=334308"}],"curies":[{"name":"wp","href":"https:\/\/api.w.org\/{rel}","templated":true}]}}