{"id":334306,"date":"2026-03-07T00:31:47","date_gmt":"2026-03-06T21:31:47","guid":{"rendered":"https:\/\/baldumarket.lt\/?post_type=product&#038;p=334306"},"modified":"2026-03-25T10:10:25","modified_gmt":"2026-03-25T07:10:25","slug":"maza-komoda-su-stalciais-ir-spintelemis-120-cm-sonoma-sviesa-kinga","status":"publish","type":"product","link":"https:\/\/baldumarket.lt\/lt\/produktas\/maza-komoda-su-stalciais-ir-spintelemis-120-cm-sonoma-sviesa-kinga\/","title":{"rendered":"Ma\u017ea komoda su stal\u010diais ir spintel\u0117mis, 120 cm, Sonoma Ciemna \u2013 KINGA"},"content":{"rendered":"<p>120 cm plo\u010dio \u201eKinga\u201c indauja \u2013 tai kompakti\u0161kas baldas, skirtas kasdieniams daiktams laikyti nam\u0173 interjere. D\u0117l savo proporcij\u0173 j\u0105 patogu pastatyti net ir ribotoje erdv\u0117je, neprarandant funkcionalumo.<br \/>\nStal\u010di\u0173 ir rakinam\u0173 spinteli\u0173 derinys leid\u017eia logi\u0161kai sutvarkyti turin\u012f. Spintel\u0117s su lentynomis puikiai tinka didesniems daiktams, o stal\u010diai palengvina ma\u017eesni\u0173, patogiai i\u0161d\u0117styt\u0173, bet nematom\u0173 daikt\u0173 sutvarkym\u0105.<br \/>\nKomodos vir\u0161us suteikia papildomos naudingos erdv\u0117s dekoracijoms, ap\u0161vietimui ar naudingiems aksesuarams eksponuoti. Jo forma i\u0161laiko vizualin\u012f vientisum\u0105 ir tuo pa\u010diu pagerina spintel\u0117s naudojimo patogum\u0105.<br \/>\n\u201eDark Sonoma\u201c spalva suteikia komodai ry\u0161kesn\u012f, gilesn\u012f charakter\u012f, \u012fkv\u0117pt\u0105 nat\u016bralios medienos. Tamsesnis atspalvis suteikia vizualinio stabilumo ir gerai dera su \u0161viesi\u0173 spalv\u0173 sienomis bei kitais baldais.<br \/>\n\u201eKinga\u201c indauja pagaminta i\u0161 18 mm storio laminuotos plok\u0161t\u0117s, u\u017etikrinan\u010dios patvarum\u0105 ir atsparum\u0105 kasdieniam naudojimui. Kra\u0161tai apsaugoti PVC apvadais, o galin\u0117s plok\u0161t\u0117s \u2013 i\u0161 HDF plok\u0161t\u0117s. Produktas pagamintas Lenkijoje ir gali b\u016bti kei\u010diami pagal matmenis, spalvas ir furnit\u016br\u0105, \u012fskaitant \u0161velniai u\u017esidaran\u010dius vyrius ir pilno i\u0161traukimo stal\u010dius.<\/p>","protected":false},"excerpt":{"rendered":"<p>Matmenys:<br \/>\nPlotis: 120 cm<br \/>\nAuk\u0161tis: 92 cm<br \/>\nGylis: 44 cm<\/p>","protected":false},"featured_media":334369,"comment_status":"open","ping_status":"closed","template":"","meta":[],"product_brand":[],"product_cat":[9987,9857,1173],"product_tag":[],"class_list":{"0":"post-334306","1":"product","2":"type-product","3":"status-publish","4":"has-post-thumbnail","6":"product_cat-chests-of-drawers-meblast","7":"product_cat-meblast","8":"product_cat-chests-of-drawers","10":"first","11":"instock","12":"shipping-taxable","13":"purchasable","14":"product-type-variable","15":"wvs-archive-product-wrapper"},"_links":{"self":[{"href":"https:\/\/baldumarket.lt\/lt\/wp-json\/wp\/v2\/product\/334306","targetHints":{"allow":["GET"]}}],"collection":[{"href":"https:\/\/baldumarket.lt\/lt\/wp-json\/wp\/v2\/product"}],"about":[{"href":"https:\/\/baldumarket.lt\/lt\/wp-json\/wp\/v2\/types\/product"}],"replies":[{"embeddable":true,"href":"https:\/\/baldumarket.lt\/lt\/wp-json\/wp\/v2\/comments?post=334306"}],"wp:featuredmedia":[{"embeddable":true,"href":"https:\/\/baldumarket.lt\/lt\/wp-json\/wp\/v2\/media\/334369"}],"wp:attachment":[{"href":"https:\/\/baldumarket.lt\/lt\/wp-json\/wp\/v2\/media?parent=334306"}],"wp:term":[{"taxonomy":"product_brand","embeddable":true,"href":"https:\/\/baldumarket.lt\/lt\/wp-json\/wp\/v2\/product_brand?post=334306"},{"taxonomy":"product_cat","embeddable":true,"href":"https:\/\/baldumarket.lt\/lt\/wp-json\/wp\/v2\/product_cat?post=334306"},{"taxonomy":"product_tag","embeddable":true,"href":"https:\/\/baldumarket.lt\/lt\/wp-json\/wp\/v2\/product_tag?post=334306"}],"curies":[{"name":"wp","href":"https:\/\/api.w.org\/{rel}","templated":true}]}}