{"id":334304,"date":"2026-03-07T00:31:45","date_gmt":"2026-03-06T21:31:45","guid":{"rendered":"https:\/\/baldumarket.lt\/?post_type=product&#038;p=334304"},"modified":"2026-03-25T10:15:35","modified_gmt":"2026-03-25T07:15:35","slug":"didele-komoda-su-stalciais-ir-spintelemis-140-cm-alksnis-silva","status":"publish","type":"product","link":"https:\/\/baldumarket.lt\/lt\/product\/didele-komoda-su-stalciais-ir-spintelemis-140-cm-alksnis-silva\/","title":{"rendered":"Didel\u0117 komoda su stal\u010diais ir spintel\u0117mis, 140 cm, Olcha \u2013 SILVA"},"content":{"rendered":"<p>140 cm plo\u010dio \u201eSilva\u201c komoda sukurta kaip didelis, funkcionalus daikt\u0173 laikymo blokas, puikiai tinkantis \u012fvairiems kambariams. Stal\u010di\u0173 ir rakinam\u0173 spinteli\u0173 derinys leid\u017eia patogiai susitvarkyti daiktus miegamajame, vaik\u0173 kambaryje, paauglio kambaryje ar svetain\u0117je.<\/p>\n<p>Rakinamose spintel\u0117se su lentynomis galima laikyti didesnius daiktus, tokius kaip drabu\u017eiai, patalyn\u0117 ir nam\u0173 aksesuarai, o stal\u010diuose lengviau susitvarkyti ma\u017eesnius daiktus, kuriuos naudinga tur\u0117ti po ranka, bet pasl\u0117pti. Toks i\u0161d\u0117stymas skatina tvark\u0105 ir palengvina kasdien\u012f naudojim\u0105.<\/p>\n<p>Komodos vir\u0161us suteikia papildomos naudingos erdv\u0117s. Jis gali b\u016bti naudojamas dekoracijoms, nuotrauk\u0173 r\u0117meliams, stalin\u0117ms lempoms ar vazoniniams augalams eksponuoti, papildydamas interjero dizain\u0105 ir suteikdamas jam tvarkingumo poj\u016bt\u012f.<\/p>\n<p>Alksnio spalva suteikia \u0161ilt\u0105, nat\u016bral\u0173 medienos atspalv\u012f, kuris dera su \u0161viesiomis sienomis, sm\u0117lio spalvos atspalviais ir sant\u016briais aksesuarais. \u0160is sprendimas padeda sukurti rami\u0105 ir harmoning\u0105 gyvenam\u0105j\u0105 erdv\u0119. \u201eSilva\u201c indauja pagaminta i\u0161 18 mm storio laminuotos plok\u0161t\u0117s, u\u017etikrinan\u010dios konstrukcijos stabilum\u0105 ir atsparum\u0105 kasdieniam naudojimui. Kra\u0161tai apsaugoti PVC apvadais, o galin\u0117s sienel\u0117s pagamintos i\u0161 HDF plok\u0161t\u0117s, sutvirtinan\u010dios vis\u0105 gamin\u012f. Produktas pagamintas Lenkijoje ir gali b\u016bti pritaikytas pagal spalv\u0105, matmenis ir furnit\u016br\u0105, tod\u0117l galite pritaikyti indauja pagal savo individualius poreikius.<\/p>","protected":false},"excerpt":{"rendered":"<p>Matmenys:<br \/>\nPlotis: 140 cm<br \/>\n\u016agis: 112 cm<br \/>\nGylis: 44 cm<\/p>","protected":false},"featured_media":334367,"comment_status":"open","ping_status":"closed","template":"","meta":[],"product_brand":[],"product_cat":[9987,9857,1173],"product_tag":[],"class_list":{"0":"post-334304","1":"product","2":"type-product","3":"status-publish","4":"has-post-thumbnail","6":"product_cat-chests-of-drawers-meblast","7":"product_cat-meblast","8":"product_cat-chests-of-drawers","10":"first","11":"instock","12":"shipping-taxable","13":"purchasable","14":"product-type-variable","15":"wvs-archive-product-wrapper"},"_links":{"self":[{"href":"https:\/\/baldumarket.lt\/lt\/wp-json\/wp\/v2\/product\/334304","targetHints":{"allow":["GET"]}}],"collection":[{"href":"https:\/\/baldumarket.lt\/lt\/wp-json\/wp\/v2\/product"}],"about":[{"href":"https:\/\/baldumarket.lt\/lt\/wp-json\/wp\/v2\/types\/product"}],"replies":[{"embeddable":true,"href":"https:\/\/baldumarket.lt\/lt\/wp-json\/wp\/v2\/comments?post=334304"}],"wp:featuredmedia":[{"embeddable":true,"href":"https:\/\/baldumarket.lt\/lt\/wp-json\/wp\/v2\/media\/334367"}],"wp:attachment":[{"href":"https:\/\/baldumarket.lt\/lt\/wp-json\/wp\/v2\/media?parent=334304"}],"wp:term":[{"taxonomy":"product_brand","embeddable":true,"href":"https:\/\/baldumarket.lt\/lt\/wp-json\/wp\/v2\/product_brand?post=334304"},{"taxonomy":"product_cat","embeddable":true,"href":"https:\/\/baldumarket.lt\/lt\/wp-json\/wp\/v2\/product_cat?post=334304"},{"taxonomy":"product_tag","embeddable":true,"href":"https:\/\/baldumarket.lt\/lt\/wp-json\/wp\/v2\/product_tag?post=334304"}],"curies":[{"name":"wp","href":"https:\/\/api.w.org\/{rel}","templated":true}]}}