{"id":334289,"date":"2026-03-07T00:31:07","date_gmt":"2026-03-06T21:31:07","guid":{"rendered":"https:\/\/baldumarket.lt\/?post_type=product&#038;p=334289"},"modified":"2026-03-25T10:15:19","modified_gmt":"2026-03-25T07:15:19","slug":"didele-komoda-su-stalciais-ir-spintelemis-140-cm-biel-silva","status":"publish","type":"product","link":"https:\/\/baldumarket.lt\/lt\/product\/didele-komoda-su-stalciais-ir-spintelemis-140-cm-biel-silva\/","title":{"rendered":"Didel\u0117 komoda su stal\u010diais ir spintel\u0117mis, 140 cm, Biel \u2013 SILVA"},"content":{"rendered":"<p>140 cm plo\u010dio \u201eSilva\u201c komoda sukurta kaip didelis, funkcionalus daikt\u0173 laikymo blokas \u012fvairioms nam\u0173 erdv\u0117ms. Stal\u010di\u0173 ir rakinam\u0173 spinteli\u0173 derinys leid\u017eia patogiai susitvarkyti daiktus miegamajame, vaik\u0173 kambaryje, paauglio kambaryje ar svetain\u0117je.<br \/>\nRakinamose spintel\u0117se su lentynomis galima laikyti didesnius daiktus, tokius kaip drabu\u017eiai, patalyn\u0117 ir nam\u0173 aksesuarai, o stal\u010diuose lengviau susitvarkyti ma\u017eesnius daiktus, kuriuos pravartu tur\u0117ti po ranka, bet pasl\u0117pti. Toks i\u0161d\u0117stymas skatina tvark\u0105 ir kasdienio naudojimo komfort\u0105.<br \/>\nKomodos vir\u0161us suteikia papildomos naudingos erdv\u0117s. Jis gali b\u016bti naudojamas dekoracijoms, nuotrauk\u0173 r\u0117meliams, stalin\u0117ms lempoms ar vazoniniams augalams eksponuoti, papildant interjero dizain\u0105 ir suteikiant jam tvarkos poj\u016bt\u012f.<br \/>\nBalta spalva suteikia komodai ry\u0161ki\u0105, neutrali\u0105 i\u0161vaizd\u0105 ir vizualiai pagyvina interjer\u0105. Vienodas pavir\u0161ius dera prie \u012fvairi\u0173 interjero stili\u0173, tapdamas universaliu fonu aksesuarams, tekstilei ir kitiems baldams.<br \/>\nKomoda \u201eSilva\u201c pagaminta i\u0161 18 mm storio laminuotos plok\u0161t\u0117s, u\u017etikrinan\u010dios konstrukcijos stabilum\u0105 ir atsparum\u0105 kasdieniam naudojimui. Kra\u0161tai apsaugoti PVC apvadais, o galin\u0117s sienel\u0117s pagamintos i\u0161 HDF plok\u0161t\u0117s, sutvirtinan\u010dios vis\u0105 gamin\u012f. Produktas pagamintas Lenkijoje ir gali b\u016bti pritaikytas pagal spalv\u0105, matmenis ir furnit\u016br\u0105, tod\u0117l galite pritaikyti komod\u0105 pagal savo individualius poreikius.<\/p>","protected":false},"excerpt":{"rendered":"<p>Matmenys:<br \/>\nPlotis: 140 cm<br \/>\n\u016agis: 112 cm<br \/>\nGylis: 44 cm<\/p>","protected":false},"featured_media":334363,"comment_status":"open","ping_status":"closed","template":"","meta":[],"product_brand":[],"product_cat":[9987,9857,1173],"product_tag":[],"class_list":{"0":"post-334289","1":"product","2":"type-product","3":"status-publish","4":"has-post-thumbnail","6":"product_cat-chests-of-drawers-meblast","7":"product_cat-meblast","8":"product_cat-chests-of-drawers","10":"first","11":"instock","12":"shipping-taxable","13":"purchasable","14":"product-type-variable","15":"wvs-archive-product-wrapper"},"_links":{"self":[{"href":"https:\/\/baldumarket.lt\/lt\/wp-json\/wp\/v2\/product\/334289","targetHints":{"allow":["GET"]}}],"collection":[{"href":"https:\/\/baldumarket.lt\/lt\/wp-json\/wp\/v2\/product"}],"about":[{"href":"https:\/\/baldumarket.lt\/lt\/wp-json\/wp\/v2\/types\/product"}],"replies":[{"embeddable":true,"href":"https:\/\/baldumarket.lt\/lt\/wp-json\/wp\/v2\/comments?post=334289"}],"wp:featuredmedia":[{"embeddable":true,"href":"https:\/\/baldumarket.lt\/lt\/wp-json\/wp\/v2\/media\/334363"}],"wp:attachment":[{"href":"https:\/\/baldumarket.lt\/lt\/wp-json\/wp\/v2\/media?parent=334289"}],"wp:term":[{"taxonomy":"product_brand","embeddable":true,"href":"https:\/\/baldumarket.lt\/lt\/wp-json\/wp\/v2\/product_brand?post=334289"},{"taxonomy":"product_cat","embeddable":true,"href":"https:\/\/baldumarket.lt\/lt\/wp-json\/wp\/v2\/product_cat?post=334289"},{"taxonomy":"product_tag","embeddable":true,"href":"https:\/\/baldumarket.lt\/lt\/wp-json\/wp\/v2\/product_tag?post=334289"}],"curies":[{"name":"wp","href":"https:\/\/api.w.org\/{rel}","templated":true}]}}