{"id":334287,"date":"2026-03-07T00:31:05","date_gmt":"2026-03-06T21:31:05","guid":{"rendered":"https:\/\/baldumarket.lt\/?post_type=product&#038;p=334287"},"modified":"2026-03-25T10:15:19","modified_gmt":"2026-03-25T07:15:19","slug":"komoda-su-stalciais-ir-spintelemis-140-cm-vanilla-silva","status":"publish","type":"product","link":"https:\/\/baldumarket.lt\/lt\/produktas\/komoda-su-stalciais-ir-spintelemis-140-cm-vanilla-silva\/","title":{"rendered":"Komoda su stal\u010diais ir spintel\u0117mis 140 cm Wanilia \u2013 SILVA"},"content":{"rendered":"<p>140 cm plo\u010dio komoda \u2019Silva\u201c sukurta kaip universalus daikt\u0173 laikymo baldas \u012fvairiems nam\u0173 kambariams. D\u0117l stal\u010di\u0173 ir u\u017erakinam\u0173 spinteli\u0173 derinio ji puikiai tinka miegamuosiuose, vaik\u0173 kambariuose, paaugli\u0173 kambariuose ir svetain\u0117se, kur svarbiausia tvarka ir funkcionalus erdv\u0117s i\u0161naudojimas.<br \/>\nRakinamos spintel\u0117s su lentynomis leid\u017eia laikyti didesnius daiktus, tokius kaip drabu\u017eiai, patalyn\u0117 ir nam\u0173 aksesuarai, o stal\u010diai palengvina ma\u017eesni\u0173 daikt\u0173, kuriuos svarbu tur\u0117ti po ranka, bet pasl\u0117pti, sutvarkym\u0105. Toks i\u0161d\u0117stymas leid\u017eia patogiai sutvarkyti laikomus daiktus pagal j\u0173 paskirt\u012f.<br \/>\nKomodos vir\u0161us suteikia papildomos naudingos erdv\u0117s. Jis gali b\u016bti naudojamas dekoracijoms, nuotrauk\u0173 r\u0117meliams, stalin\u0117ms lempoms ar vazoniniams augalams eksponuoti, papildant kambario dizain\u0105 ir suteikiant jam asmeni\u0161kumo.<br \/>\nVanil\u0117s spalva suteikia interjerui lengv\u0105, raminant\u012f ton\u0105, vizualiai pa\u0161viesina erdv\u0119 ir dera su neutraliomis sienomis bei pasteliniais aksesuarais. Tai universalus sprendimas interjerams, vertinantiems lengvum\u0105 ir harmonij\u0105. \u201eSilva\u201c indauja pagaminta i\u0161 18 mm storio laminuotos plok\u0161t\u0117s, u\u017etikrinan\u010dios konstrukcijos stabilum\u0105 ir atsparum\u0105 kasdieniam naudojimui. Kra\u0161tai apsaugoti PVC apvadais, o galin\u0117s sienel\u0117s pagamintos i\u0161 HDF plok\u0161t\u0117s, sutvirtinan\u010dios vis\u0105 gamin\u012f. Produktas pagamintas Lenkijoje ir gali b\u016bti pritaikytas pagal spalv\u0105, matmenis ir furnit\u016br\u0105, tod\u0117l galite pritaikyti indauja pagal savo individualius poreikius.<\/p>","protected":false},"excerpt":{"rendered":"<p>Matmenys:<br \/>\nPlotis: 140 cm<br \/>\n\u016agis: 112 cm<br \/>\nGylis: 44 cm<\/p>","protected":false},"featured_media":334354,"comment_status":"open","ping_status":"closed","template":"","meta":[],"product_brand":[],"product_cat":[9987,9857,1173],"product_tag":[],"class_list":{"0":"post-334287","1":"product","2":"type-product","3":"status-publish","4":"has-post-thumbnail","6":"product_cat-chests-of-drawers-meblast","7":"product_cat-meblast","8":"product_cat-chests-of-drawers","10":"first","11":"instock","12":"shipping-taxable","13":"purchasable","14":"product-type-variable","15":"wvs-archive-product-wrapper"},"_links":{"self":[{"href":"https:\/\/baldumarket.lt\/lt\/wp-json\/wp\/v2\/product\/334287","targetHints":{"allow":["GET"]}}],"collection":[{"href":"https:\/\/baldumarket.lt\/lt\/wp-json\/wp\/v2\/product"}],"about":[{"href":"https:\/\/baldumarket.lt\/lt\/wp-json\/wp\/v2\/types\/product"}],"replies":[{"embeddable":true,"href":"https:\/\/baldumarket.lt\/lt\/wp-json\/wp\/v2\/comments?post=334287"}],"wp:featuredmedia":[{"embeddable":true,"href":"https:\/\/baldumarket.lt\/lt\/wp-json\/wp\/v2\/media\/334354"}],"wp:attachment":[{"href":"https:\/\/baldumarket.lt\/lt\/wp-json\/wp\/v2\/media?parent=334287"}],"wp:term":[{"taxonomy":"product_brand","embeddable":true,"href":"https:\/\/baldumarket.lt\/lt\/wp-json\/wp\/v2\/product_brand?post=334287"},{"taxonomy":"product_cat","embeddable":true,"href":"https:\/\/baldumarket.lt\/lt\/wp-json\/wp\/v2\/product_cat?post=334287"},{"taxonomy":"product_tag","embeddable":true,"href":"https:\/\/baldumarket.lt\/lt\/wp-json\/wp\/v2\/product_tag?post=334287"}],"curies":[{"name":"wp","href":"https:\/\/api.w.org\/{rel}","templated":true}]}}