{"id":334267,"date":"2026-03-07T00:30:15","date_gmt":"2026-03-06T21:30:15","guid":{"rendered":"https:\/\/baldumarket.lt\/?post_type=product&#038;p=334267"},"modified":"2026-03-25T10:26:31","modified_gmt":"2026-03-25T07:26:31","slug":"didele-svetaines-komoda-su-spintelemis-ir-daugybe-stalciu-150-cm-alksnio-grande-medienos","status":"publish","type":"product","link":"https:\/\/baldumarket.lt\/lt\/produktas\/didele-svetaines-komoda-su-spintelemis-ir-daugybe-stalciu-150-cm-alksnio-grande-medienos\/","title":{"rendered":"Didel\u0117 svetain\u0117s komoda su spintel\u0117mis ir daugybe stal\u010di\u0173, 150 cm, Olcha \u2013 GRANDE"},"content":{"rendered":"<p>150 cm plo\u010dio \u201eGrande\u201c komoda buvo sukurta kaip erdvus svetain\u0117s baldas, kuriame derinamos rakinamos spintel\u0117s su didele stal\u010di\u0173 sistema. Toks dizainas leid\u017eia patogiai laikyti tiek didesnius baldus, tiek smulkius daiktus, kuriuos reikia tvarkingai sud\u0117ti.<\/p>\n<p>Didelis stal\u010di\u0173 skai\u010dius leid\u017eia tvarkingai susid\u0117ti dokumentus, aksesuarus, tekstil\u0117s gaminius ir kasdienius daiktus, o u\u017erakinamos spintel\u0117s puikiai tinka laikyti didesnius daiktus, tokius kaip stalo \u012frankiai, stalties\u0117s ir svetain\u0117s aksesuarai. Tai leid\u017eia indaujai tarnauti kaip pagrindinei daikt\u0173 laikymo vietai svetain\u0117je.<\/p>\n<p>Komodos vir\u0161us suteikia papildomos naudingos erdv\u0117s. Ant jo galima sud\u0117ti dekoracijas, nuotrauk\u0173 r\u0117melius, stalines lempas ar vazoninius augalus, papildant svetain\u0117s dizain\u0105 ir suteikiant jam tvarkingumo poj\u016bt\u012f.<\/p>\n<p>Alksnio spalva suteikia interjerui \u0161ilt\u0105, nat\u016bralaus med\u017eio atspalv\u012f, kuris puikiai dera su \u0161viesiomis sienomis, sm\u0117lio spalvos tonais ir sant\u016briais aksesuarais. \u0160is tonas padeda sukurti rami\u0105 ir harmoning\u0105 gyvenam\u0105j\u0105 erdv\u0119. Komoda \u201eGrande\u201c pagaminta i\u0161 18 mm storio laminuotos plok\u0161t\u0117s, u\u017etikrinan\u010dios konstrukcijos stabilum\u0105 ir atsparum\u0105 kasdieniam naudojimui. Kra\u0161tai apsaugoti PVC apvadais, o galin\u0117s sienel\u0117s pagamintos i\u0161 HDF plok\u0161t\u0117s, sutvirtinan\u010dios vis\u0105 gamin\u012f. Produktas pagamintas Lenkijoje ir gali b\u016bti pritaikytas pagal spalv\u0105, matmenis ir furnit\u016br\u0105, tod\u0117l galite pritaikyti komod\u0105 pagal savo individualius poreikius.<\/p>","protected":false},"excerpt":{"rendered":"<p>Matmenys:<br \/>\nPlotis: 150 cm<br \/>\n\u016agis: 112 cm<br \/>\nGylis: 44 cm<\/p>","protected":false},"featured_media":334334,"comment_status":"open","ping_status":"closed","template":"","meta":[],"product_brand":[],"product_cat":[9987,9857,1173],"product_tag":[],"class_list":{"0":"post-334267","1":"product","2":"type-product","3":"status-publish","4":"has-post-thumbnail","6":"product_cat-chests-of-drawers-meblast","7":"product_cat-meblast","8":"product_cat-chests-of-drawers","10":"first","11":"instock","12":"shipping-taxable","13":"purchasable","14":"product-type-variable","15":"wvs-archive-product-wrapper"},"_links":{"self":[{"href":"https:\/\/baldumarket.lt\/lt\/wp-json\/wp\/v2\/product\/334267","targetHints":{"allow":["GET"]}}],"collection":[{"href":"https:\/\/baldumarket.lt\/lt\/wp-json\/wp\/v2\/product"}],"about":[{"href":"https:\/\/baldumarket.lt\/lt\/wp-json\/wp\/v2\/types\/product"}],"replies":[{"embeddable":true,"href":"https:\/\/baldumarket.lt\/lt\/wp-json\/wp\/v2\/comments?post=334267"}],"wp:featuredmedia":[{"embeddable":true,"href":"https:\/\/baldumarket.lt\/lt\/wp-json\/wp\/v2\/media\/334334"}],"wp:attachment":[{"href":"https:\/\/baldumarket.lt\/lt\/wp-json\/wp\/v2\/media?parent=334267"}],"wp:term":[{"taxonomy":"product_brand","embeddable":true,"href":"https:\/\/baldumarket.lt\/lt\/wp-json\/wp\/v2\/product_brand?post=334267"},{"taxonomy":"product_cat","embeddable":true,"href":"https:\/\/baldumarket.lt\/lt\/wp-json\/wp\/v2\/product_cat?post=334267"},{"taxonomy":"product_tag","embeddable":true,"href":"https:\/\/baldumarket.lt\/lt\/wp-json\/wp\/v2\/product_tag?post=334267"}],"curies":[{"name":"wp","href":"https:\/\/api.w.org\/{rel}","templated":true}]}}