{"id":334249,"date":"2026-03-07T00:29:21","date_gmt":"2026-03-06T21:29:21","guid":{"rendered":"https:\/\/baldumarket.lt\/?post_type=product&#038;p=334249"},"modified":"2026-03-25T10:56:42","modified_gmt":"2026-03-25T07:56:42","slug":"kompaktiska-komoda-su-4-stalciais-80-cm-balta-nano","status":"publish","type":"product","link":"https:\/\/baldumarket.lt\/lt\/produktas\/kompaktiska-komoda-su-4-stalciais-80-cm-balta-nano\/","title":{"rendered":"Kompakti\u0161ka komoda su 4 stal\u010diais, 80 cm, Biel \u2013 NANO"},"content":{"rendered":"<p>Kompakti\u0161ka komoda, 80 cm, balta \u2013 Nano<\/p>\n<p>80 cm plo\u010dio komoda \u201eNano\u201c \u2013 tai kompakti\u0161kas baldas su keturiais stal\u010diais, skirtas drabu\u017eiams ir kasdieniams daiktams susitvarkyti. Formos proporcijos leid\u017eia efektyviai i\u0161naudoti turim\u0105 erdv\u0119 nedidinant spintel\u0117s plo\u010dio.<br \/>\nKeturi stal\u010diai u\u017etikrina ai\u0161k\u0173 turinio suskirstym\u0105 ir leid\u017eia patogiai organizuoti spintas ar tekstil\u0117s gaminius. Toks dizainas skatina tvark\u0105 ir greit\u0105 prieig\u0105 prie laikom\u0173 daikt\u0173.<\/p>\n<p>92 cm auk\u0161tis ir 44 cm gylis garantuoja stabilum\u0105 ir naudojimo patogum\u0105. Vir\u0161utin\u0119 dal\u012f galima naudoti kaip papildom\u0105 nauding\u0105 erdv\u0119, tinkam\u0105 ap\u0161vietimui ar dekoratyviniams elementams pastatyti.<br \/>\n\u201eLight Sonoma\u201c spalva suteikia nat\u016bral\u0173, med\u017eio \u012fkv\u0117pt\u0105 atspalv\u012f \u0161viesesniame tone. \u0160viesi apdaila dera su neutraliomis sienomis ir paprastais baldais, pabr\u0117\u017edama tvarking\u0105 baldo charakter\u012f.<\/p>\n<p>Komoda pagaminta i\u0161 18 mm storio laminuotos plok\u0161t\u0117s, kurios kra\u0161tai apsaugoti PVC apvadais. Galin\u0117 sienel\u0117 pagaminta i\u0161 HDF plok\u0161t\u0117s. Modelio matmenis galima modifikuoti ir komplektuoti su pilno i\u0161traukimo stal\u010diais su \u0161velnaus u\u017edarymo funkcija.<\/p>","protected":false},"excerpt":{"rendered":"<p>Matmenys:<br \/>\nPlotis: 80 cm<br \/>\nAuk\u0161tis: 92 cm<br \/>\nGylis: 44 cm<\/p>","protected":false},"featured_media":334311,"comment_status":"open","ping_status":"closed","template":"","meta":[],"product_brand":[],"product_cat":[9987,9857,1173],"product_tag":[],"class_list":{"0":"post-334249","1":"product","2":"type-product","3":"status-publish","4":"has-post-thumbnail","6":"product_cat-chests-of-drawers-meblast","7":"product_cat-meblast","8":"product_cat-chests-of-drawers","10":"first","11":"instock","12":"shipping-taxable","13":"purchasable","14":"product-type-variable","15":"wvs-archive-product-wrapper"},"_links":{"self":[{"href":"https:\/\/baldumarket.lt\/lt\/wp-json\/wp\/v2\/product\/334249","targetHints":{"allow":["GET"]}}],"collection":[{"href":"https:\/\/baldumarket.lt\/lt\/wp-json\/wp\/v2\/product"}],"about":[{"href":"https:\/\/baldumarket.lt\/lt\/wp-json\/wp\/v2\/types\/product"}],"replies":[{"embeddable":true,"href":"https:\/\/baldumarket.lt\/lt\/wp-json\/wp\/v2\/comments?post=334249"}],"wp:featuredmedia":[{"embeddable":true,"href":"https:\/\/baldumarket.lt\/lt\/wp-json\/wp\/v2\/media\/334311"}],"wp:attachment":[{"href":"https:\/\/baldumarket.lt\/lt\/wp-json\/wp\/v2\/media?parent=334249"}],"wp:term":[{"taxonomy":"product_brand","embeddable":true,"href":"https:\/\/baldumarket.lt\/lt\/wp-json\/wp\/v2\/product_brand?post=334249"},{"taxonomy":"product_cat","embeddable":true,"href":"https:\/\/baldumarket.lt\/lt\/wp-json\/wp\/v2\/product_cat?post=334249"},{"taxonomy":"product_tag","embeddable":true,"href":"https:\/\/baldumarket.lt\/lt\/wp-json\/wp\/v2\/product_tag?post=334249"}],"curies":[{"name":"wp","href":"https:\/\/api.w.org\/{rel}","templated":true}]}}