{"id":334247,"date":"2026-03-07T00:29:17","date_gmt":"2026-03-06T21:29:17","guid":{"rendered":"https:\/\/baldumarket.lt\/?post_type=product&#038;p=334247"},"modified":"2026-03-25T10:56:42","modified_gmt":"2026-03-25T07:56:42","slug":"kompaktiska-komoda-su-4-stalciais-80-cm-sonoma-light-nano","status":"publish","type":"product","link":"https:\/\/baldumarket.lt\/lt\/produktas\/kompaktiska-komoda-su-4-stalciais-80-cm-sonoma-light-nano\/","title":{"rendered":"Kompakti\u0161ka komoda su 4 stal\u010diais, 80 cm, Sonoma Jasna \u2013 NANO"},"content":{"rendered":"<p>Kompakti\u0161ka komoda su stal\u010diais, 80 cm, \u201eSonoma Light\u201c \u2013 Nano<\/p>\n<p>Ie\u0161kote vietos daiktams susid\u0117ti? Rinkit\u0117s 80 stal\u010di\u0173 komod\u0105, kuri puikiai der\u0117s tiek moderniame, tiek klasikiniame interjere. Komoda, puikiai papildanti kambario dizain\u0105, ne tik leis laikyti drabu\u017eius ir kitus nieku\u010dius, bet ir bus dekoratyvinis elementas.<br \/>\n\u0160i komoda puikiai tiks ne tik svetain\u0117je, bet ir koridoriuje, kur ji pad\u0117s sutvarkyti erdv\u0119. Vir\u0161 jos galima pad\u0117ti veidrod\u012f, vizualiai i\u0161pl\u0117sdamas erdv\u0119 ir suteikdamas jai lengvumo. Ant vir\u0161aus galima pad\u0117ti dekoratyvin\u012f augal\u0105 ar nedidelius vazon\u0117lius.<br \/>\nRinkit\u0117s kokybi\u0161kus Lenkijos gamintojo baldus. Priderinkite komod\u0105 prie savo interjero stiliaus, pakeisdami jos spalv\u0105 ar dyd\u012f.<\/p>","protected":false},"excerpt":{"rendered":"<p>Matmenys:<br \/>\nPlotis: 80 cm<br \/>\nAuk\u0161tis: 92 cm<br \/>\nGylis: 44 cm<\/p>","protected":false},"featured_media":334301,"comment_status":"open","ping_status":"closed","template":"","meta":[],"product_brand":[],"product_cat":[9987,9857,1173],"product_tag":[],"class_list":{"0":"post-334247","1":"product","2":"type-product","3":"status-publish","4":"has-post-thumbnail","6":"product_cat-chests-of-drawers-meblast","7":"product_cat-meblast","8":"product_cat-chests-of-drawers","10":"first","11":"instock","12":"shipping-taxable","13":"purchasable","14":"product-type-variable","15":"wvs-archive-product-wrapper"},"_links":{"self":[{"href":"https:\/\/baldumarket.lt\/lt\/wp-json\/wp\/v2\/product\/334247","targetHints":{"allow":["GET"]}}],"collection":[{"href":"https:\/\/baldumarket.lt\/lt\/wp-json\/wp\/v2\/product"}],"about":[{"href":"https:\/\/baldumarket.lt\/lt\/wp-json\/wp\/v2\/types\/product"}],"replies":[{"embeddable":true,"href":"https:\/\/baldumarket.lt\/lt\/wp-json\/wp\/v2\/comments?post=334247"}],"wp:featuredmedia":[{"embeddable":true,"href":"https:\/\/baldumarket.lt\/lt\/wp-json\/wp\/v2\/media\/334301"}],"wp:attachment":[{"href":"https:\/\/baldumarket.lt\/lt\/wp-json\/wp\/v2\/media?parent=334247"}],"wp:term":[{"taxonomy":"product_brand","embeddable":true,"href":"https:\/\/baldumarket.lt\/lt\/wp-json\/wp\/v2\/product_brand?post=334247"},{"taxonomy":"product_cat","embeddable":true,"href":"https:\/\/baldumarket.lt\/lt\/wp-json\/wp\/v2\/product_cat?post=334247"},{"taxonomy":"product_tag","embeddable":true,"href":"https:\/\/baldumarket.lt\/lt\/wp-json\/wp\/v2\/product_tag?post=334247"}],"curies":[{"name":"wp","href":"https:\/\/api.w.org\/{rel}","templated":true}]}}