{"id":334212,"date":"2026-03-07T00:27:50","date_gmt":"2026-03-06T21:27:50","guid":{"rendered":"https:\/\/baldumarket.lt\/?post_type=product&#038;p=334212"},"modified":"2026-03-25T10:32:38","modified_gmt":"2026-03-25T07:32:38","slug":"erdvi-komoda-su-spintelemis-ir-mazais-bei-dideliais-stalciais-160-cm-sonoma-light-linea","status":"publish","type":"product","link":"https:\/\/baldumarket.lt\/lt\/produktas\/erdvi-komoda-su-spintelemis-ir-mazais-bei-dideliais-stalciais-160-cm-sonoma-light-linea\/","title":{"rendered":"Erdvi komoda su spintel\u0117mis ir ma\u017eais bei dideliais stal\u010diais, 160 cm, Sonoma Jasna \u2013 LINEA"},"content":{"rendered":"<p>160 cm plo\u010dio \u201eLinea\u201c komoda sukurta kaip erdvus daikt\u0173 laikymo blokas, kuriame sujungtos rakinamos spintel\u0117s su ma\u017e\u0173 ir dideli\u0173 stal\u010di\u0173 komplektu. Toks i\u0161d\u0117stymas leid\u017eia patogiai susitvarkyti \u012fvairi\u0173 kategorij\u0173 daiktus \u2013 nuo apatini\u0173 drabu\u017ei\u0173 ir drabu\u017ei\u0173 spintos reikmen\u0173 iki nam\u0173 aksesuar\u0173, \u017eaisl\u0173 ir kasdieni\u0173 daikt\u0173.<br \/>\nD\u0117l didel\u0117s daikt\u0173 laikymo vietos komoda tinka miegamiesiems, svetain\u0117ms ir vaik\u0173 kambariams. Rakinamos spintel\u0117s leid\u017eia laikyti didesnius daiktus, o stal\u010diai palengvina ma\u017eesni\u0173 daikt\u0173, kurie visada yra patogiai po ranka, bet nematomi, sutvarkym\u0105.<br \/>\nKomodos stal\u010dius suteikia papildomos naudingos erdv\u0117s. Jis gali b\u016bti naudojamas nuotraukoms, suvenyrams, dekoratyvin\u0117ms lempoms ar vazoniniams augalams eksponuoti, papildant interjero dizain\u0105 ir suteikiant jam asmeni\u0161kumo.<br \/>\n\u0160viesi Sonoma spalva suteikia interjerui vizualinio lengvumo ir nat\u016bralumo. \u0160viesus med\u017eio atspalvis dera su neutraliomis sienomis, baltais ir pasteliniais aksesuarais, sukurdamas \u0161viesi\u0105 ir tvarking\u0105 erdv\u0119. Komoda \u201eLinea\u201c pagaminta i\u0161 18 mm storio laminuotos plok\u0161t\u0117s, u\u017etikrinan\u010dios konstrukcijos stabilum\u0105 ir atsparum\u0105 kasdieniam naudojimui. Kra\u0161tai apsaugoti PVC apvadais, o galin\u0117s sienel\u0117s pagamintos i\u0161 HDF plok\u0161t\u0117s, sutvirtinan\u010dios vis\u0105 gamin\u012f. Produktas pagamintas Lenkijoje ir gali b\u016bti pritaikytas pagal spalv\u0105, matmenis ir furnit\u016br\u0105, tod\u0117l galite pritaikyti komod\u0105 pagal savo individualius poreikius.<\/p>","protected":false},"excerpt":{"rendered":"<p>Matmenys:<br \/>\nPlotis: 160 cm<br \/>\nAuk\u0161tis: 92 cm<br \/>\nGylis: 44 cm<\/p>","protected":false},"featured_media":334277,"comment_status":"open","ping_status":"closed","template":"","meta":[],"product_brand":[],"product_cat":[9987,9857,1173],"product_tag":[],"class_list":{"0":"post-334212","1":"product","2":"type-product","3":"status-publish","4":"has-post-thumbnail","6":"product_cat-chests-of-drawers-meblast","7":"product_cat-meblast","8":"product_cat-chests-of-drawers","10":"first","11":"instock","12":"shipping-taxable","13":"purchasable","14":"product-type-variable","15":"wvs-archive-product-wrapper"},"_links":{"self":[{"href":"https:\/\/baldumarket.lt\/lt\/wp-json\/wp\/v2\/product\/334212","targetHints":{"allow":["GET"]}}],"collection":[{"href":"https:\/\/baldumarket.lt\/lt\/wp-json\/wp\/v2\/product"}],"about":[{"href":"https:\/\/baldumarket.lt\/lt\/wp-json\/wp\/v2\/types\/product"}],"replies":[{"embeddable":true,"href":"https:\/\/baldumarket.lt\/lt\/wp-json\/wp\/v2\/comments?post=334212"}],"wp:featuredmedia":[{"embeddable":true,"href":"https:\/\/baldumarket.lt\/lt\/wp-json\/wp\/v2\/media\/334277"}],"wp:attachment":[{"href":"https:\/\/baldumarket.lt\/lt\/wp-json\/wp\/v2\/media?parent=334212"}],"wp:term":[{"taxonomy":"product_brand","embeddable":true,"href":"https:\/\/baldumarket.lt\/lt\/wp-json\/wp\/v2\/product_brand?post=334212"},{"taxonomy":"product_cat","embeddable":true,"href":"https:\/\/baldumarket.lt\/lt\/wp-json\/wp\/v2\/product_cat?post=334212"},{"taxonomy":"product_tag","embeddable":true,"href":"https:\/\/baldumarket.lt\/lt\/wp-json\/wp\/v2\/product_tag?post=334212"}],"curies":[{"name":"wp","href":"https:\/\/api.w.org\/{rel}","templated":true}]}}