{"id":334210,"date":"2026-03-07T00:27:48","date_gmt":"2026-03-06T21:27:48","guid":{"rendered":"https:\/\/baldumarket.lt\/?post_type=product&#038;p=334210"},"modified":"2026-03-25T10:32:38","modified_gmt":"2026-03-25T07:32:38","slug":"erdvi-komoda-su-spintelemis-ir-mazais-bei-dideliais-stalciais-160-cm-sonoma-dark-linea","status":"publish","type":"product","link":"https:\/\/baldumarket.lt\/lt\/produktas\/erdvi-komoda-su-spintelemis-ir-mazais-bei-dideliais-stalciais-160-cm-sonoma-dark-linea\/","title":{"rendered":"Erdvi komoda su spintel\u0117mis ir ma\u017eais bei dideliais stal\u010diais 160 cm Sonoma Ciemna \u2013 LINEA"},"content":{"rendered":"<p>160 cm plo\u010dio \u201eLinea\u201c komoda sukurta kaip erdvus daikt\u0173 laikymo blokas, kuriame sujungtos rakinamos spintel\u0117s su ma\u017e\u0173 ir dideli\u0173 stal\u010di\u0173 komplektu. Toks i\u0161d\u0117stymas leid\u017eia patogiai susitvarkyti \u012fvairi\u0173 kategorij\u0173 daiktus \u2013 nuo apatini\u0173 drabu\u017ei\u0173 ir drabu\u017ei\u0173 spintos reikmen\u0173 iki nam\u0173 aksesuar\u0173, \u017eaisl\u0173 ir kasdieni\u0173 daikt\u0173.<br \/>\nD\u0117l didel\u0117s daikt\u0173 laikymo vietos komoda tinka miegamiesiems, svetain\u0117ms ir vaik\u0173 kambariams. Rakinamos spintel\u0117s leid\u017eia laikyti didesnius daiktus pasl\u0117ptus, o stal\u010diai palengvina ma\u017eesni\u0173, visada po ranka esan\u010di\u0173 daikt\u0173 sutvarkym\u0105.<br \/>\nKomodos vir\u0161us suteikia papildomos naudingos erdv\u0117s. Joje galima laikyti nuotraukas, suvenyrus, dekoratyvines lempas ar vazoninius augalus, papildant interjero dizain\u0105 ir suteikiant jam tvarkingesn\u012f poj\u016bt\u012f.<br \/>\nTamsiai sonoma spalva suteikia komodai ai\u0161kesn\u012f, \u012ftaigesn\u012f charakter\u012f. Sodresnis med\u017eio atspalvis dera su \u0161viesiomis sienomis, neutraliais aksesuarais ir juodais arba grafito elementais, sukurdamas darn\u0173 ir eleganti\u0161k\u0105 interjero dizain\u0105. Komoda \u201eLinea\u201c pagaminta i\u0161 18 mm storio laminuotos plok\u0161t\u0117s, u\u017etikrinan\u010dios konstrukcijos stabilum\u0105 ir atsparum\u0105 kasdieniam naudojimui. Kra\u0161tai apsaugoti PVC apvadais, o galin\u0117s sienel\u0117s pagamintos i\u0161 HDF plok\u0161t\u0117s, sutvirtinan\u010dios vis\u0105 gamin\u012f. Produktas pagamintas Lenkijoje ir gali b\u016bti pritaikytas pagal spalv\u0105, matmenis ir furnit\u016br\u0105, tod\u0117l galite pritaikyti komod\u0105 pagal savo individualius poreikius.<\/p>","protected":false},"excerpt":{"rendered":"<p>Matmenys:<br \/>\nPlotis: 160 cm<br \/>\nAuk\u0161tis: 92 cm<br \/>\nGylis: 44 cm<\/p>","protected":false},"featured_media":334274,"comment_status":"open","ping_status":"closed","template":"","meta":[],"product_brand":[],"product_cat":[9987,9857,1173],"product_tag":[],"class_list":{"0":"post-334210","1":"product","2":"type-product","3":"status-publish","4":"has-post-thumbnail","6":"product_cat-chests-of-drawers-meblast","7":"product_cat-meblast","8":"product_cat-chests-of-drawers","10":"first","11":"instock","12":"shipping-taxable","13":"purchasable","14":"product-type-variable","15":"wvs-archive-product-wrapper"},"_links":{"self":[{"href":"https:\/\/baldumarket.lt\/lt\/wp-json\/wp\/v2\/product\/334210","targetHints":{"allow":["GET"]}}],"collection":[{"href":"https:\/\/baldumarket.lt\/lt\/wp-json\/wp\/v2\/product"}],"about":[{"href":"https:\/\/baldumarket.lt\/lt\/wp-json\/wp\/v2\/types\/product"}],"replies":[{"embeddable":true,"href":"https:\/\/baldumarket.lt\/lt\/wp-json\/wp\/v2\/comments?post=334210"}],"wp:featuredmedia":[{"embeddable":true,"href":"https:\/\/baldumarket.lt\/lt\/wp-json\/wp\/v2\/media\/334274"}],"wp:attachment":[{"href":"https:\/\/baldumarket.lt\/lt\/wp-json\/wp\/v2\/media?parent=334210"}],"wp:term":[{"taxonomy":"product_brand","embeddable":true,"href":"https:\/\/baldumarket.lt\/lt\/wp-json\/wp\/v2\/product_brand?post=334210"},{"taxonomy":"product_cat","embeddable":true,"href":"https:\/\/baldumarket.lt\/lt\/wp-json\/wp\/v2\/product_cat?post=334210"},{"taxonomy":"product_tag","embeddable":true,"href":"https:\/\/baldumarket.lt\/lt\/wp-json\/wp\/v2\/product_tag?post=334210"}],"curies":[{"name":"wp","href":"https:\/\/api.w.org\/{rel}","templated":true}]}}