{"id":334196,"date":"2026-03-07T00:27:12","date_gmt":"2026-03-06T21:27:12","guid":{"rendered":"https:\/\/baldumarket.lt\/?post_type=product&#038;p=334196"},"modified":"2026-03-25T10:32:38","modified_gmt":"2026-03-25T07:32:38","slug":"erdvi-komoda-su-spintelemis-ir-mazais-bei-dideliais-stalciais-160-cm-butelio-zalia-linea","status":"publish","type":"product","link":"https:\/\/baldumarket.lt\/lt\/produktas\/erdvi-komoda-su-spintelemis-ir-mazais-bei-dideliais-stalciais-160-cm-butelio-zalia-linea\/","title":{"rendered":"Erdvi komoda su spintel\u0117mis ir ma\u017eais bei dideliais stal\u010diais, 160 cm,Ziele\u0144 Butelkowa \u2013 LINEA"},"content":{"rendered":"<p>160 cm plo\u010dio \u201eLinea\u201c komoda buvo sukurta kaip erdvus daikt\u0173 laikymo blokas, kuriame sujungtos u\u017edaros spintel\u0117s ir ma\u017e\u0173 bei dideli\u0173 stal\u010di\u0173 komplektas viename bloke. Toks i\u0161d\u0117stymas leid\u017eia patogiai susitvarkyti \u012fvairius daiktus \u2013 nuo apatini\u0173 drabu\u017ei\u0173 ir drabu\u017ei\u0173 spintos reikmen\u0173 iki aksesuar\u0173, \u017eaisl\u0173 ir nam\u0173 apyvokos daikt\u0173.<br \/>\nD\u0117l didel\u0117s daikt\u0173 laikymo vietos komoda tinka miegamiesiems, svetain\u0117ms ir vaik\u0173 kambariams. U\u017edaros spintel\u0117s leid\u017eia laikyti didesnius daiktus, o stal\u010diai palengvina ma\u017eesni\u0173 daikt\u0173, kurie visada yra patogiai po ranka, bet nematomi, sutvarkym\u0105.<br \/>\nKomodos vir\u0161us suteikia papildomos naudingos erdv\u0117s. Joje galima laikyti nuotraukas, suvenyrus, dekoratyvines lempas ar vazoninius augalus, suteikiant jai asmeni\u0161kumo ir papildant kambario dizain\u0105.<br \/>\nButelio \u017ealia spalva suteikia komodai i\u0161skirtin\u012f, ta\u010diau eleganti\u0161k\u0105 charakter\u012f. Sodri spalva dera su \u0161viesiomis sienomis, nat\u016braliu med\u017eiu ir subtiliais aksesuarais, sukurdama darni\u0105 ir organizuot\u0105 erdv\u0119. \u201eLinea\u201c indauja pagaminta i\u0161 18 mm storio laminuotos plok\u0161t\u0117s, u\u017etikrinan\u010dios konstrukcijos stabilum\u0105 ir atsparum\u0105 kasdieniam naudojimui. Kra\u0161tai apsaugoti PVC apvadais, o galin\u0117s sienel\u0117s pagamintos i\u0161 HDF plok\u0161t\u0117s, sutvirtinan\u010dios vis\u0105 bald\u0105. Gaminys pagamintas Lenkijoje ir gali b\u016bti pritaikytas pagal spalv\u0105, matmenis ir furnit\u016br\u0105, tod\u0117l galite susikurti bald\u0105 pagal individualius poreikius.<\/p>","protected":false},"excerpt":{"rendered":"<p>Matmenys:<br \/>\nPlotis: 160 cm<br \/>\nAuk\u0161tis: 92 cm<br \/>\nGylis: 44 cm<\/p>","protected":false},"featured_media":334271,"comment_status":"open","ping_status":"closed","template":"","meta":[],"product_brand":[],"product_cat":[9987,9857,1173],"product_tag":[],"class_list":{"0":"post-334196","1":"product","2":"type-product","3":"status-publish","4":"has-post-thumbnail","6":"product_cat-chests-of-drawers-meblast","7":"product_cat-meblast","8":"product_cat-chests-of-drawers","10":"first","11":"instock","12":"shipping-taxable","13":"purchasable","14":"product-type-variable","15":"wvs-archive-product-wrapper"},"_links":{"self":[{"href":"https:\/\/baldumarket.lt\/lt\/wp-json\/wp\/v2\/product\/334196","targetHints":{"allow":["GET"]}}],"collection":[{"href":"https:\/\/baldumarket.lt\/lt\/wp-json\/wp\/v2\/product"}],"about":[{"href":"https:\/\/baldumarket.lt\/lt\/wp-json\/wp\/v2\/types\/product"}],"replies":[{"embeddable":true,"href":"https:\/\/baldumarket.lt\/lt\/wp-json\/wp\/v2\/comments?post=334196"}],"wp:featuredmedia":[{"embeddable":true,"href":"https:\/\/baldumarket.lt\/lt\/wp-json\/wp\/v2\/media\/334271"}],"wp:attachment":[{"href":"https:\/\/baldumarket.lt\/lt\/wp-json\/wp\/v2\/media?parent=334196"}],"wp:term":[{"taxonomy":"product_brand","embeddable":true,"href":"https:\/\/baldumarket.lt\/lt\/wp-json\/wp\/v2\/product_brand?post=334196"},{"taxonomy":"product_cat","embeddable":true,"href":"https:\/\/baldumarket.lt\/lt\/wp-json\/wp\/v2\/product_cat?post=334196"},{"taxonomy":"product_tag","embeddable":true,"href":"https:\/\/baldumarket.lt\/lt\/wp-json\/wp\/v2\/product_tag?post=334196"}],"curies":[{"name":"wp","href":"https:\/\/api.w.org\/{rel}","templated":true}]}}