{"id":334192,"date":"2026-03-07T00:27:06","date_gmt":"2026-03-06T21:27:06","guid":{"rendered":"https:\/\/baldumarket.lt\/?post_type=product&#038;p=334192"},"modified":"2026-03-25T11:02:20","modified_gmt":"2026-03-25T08:02:20","slug":"komoda-su-durelemis-ir-stalciais-80-cm-alksnis-optima","status":"publish","type":"product","link":"https:\/\/baldumarket.lt\/lt\/produktas\/komoda-su-durelemis-ir-stalciais-80-cm-alksnis-optima\/","title":{"rendered":"Komoda su durel\u0117mis ir stal\u010diais, 80 cm, Olcha \u2013 OPTIMA"},"content":{"rendered":"<p>Komoda su durel\u0117mis ir stal\u010diais, 80 cm, alksnis \u2013 Optima<\/p>\n<p>\u201eOptima\u201c 80 cm komoda \u2013 tai funkcionalus \u012frenginys, kuriame u\u017edara erdv\u0117 u\u017e dureli\u0173 sujungta su prakti\u0161kais stal\u010diais. \u0160is dizainas buvo sukurtas organizuotam daikt\u0173 laikymui patalpose, kuriose labai svarbus kompakti\u0161kas dydis.<br \/>\nAtidaromos fasadin\u0117s dalys leid\u017eia laikyti didesnius daiktus, o stal\u010diai \u2013 atskirti ma\u017eesnius daiktus ir spintas. Toks suskirstymas u\u017etikrina ai\u0161ki\u0105 tvark\u0105 ir patogi\u0105 prieig\u0105 prie turinio be papildom\u0173 moduli\u0173.<br \/>\n80 cm plo\u010dio, 92 cm auk\u0161\u010dio ir 44 cm gylio baldas i\u0161laiko stabilias proporcijas ir yra patogus naudoti. Vir\u0161utin\u0119 dal\u012f galima naudoti kaip papildom\u0105 pavir\u0161i\u0173 ap\u0161vietimui, dekoracijoms ar kasdieniams aksesuarams.<br \/>\nAlksnio spalva suteikia \u0161ilt\u0105, nat\u016bral\u0173 atspalv\u012f, \u012fkv\u0117pt\u0105 medienos. Subtilus tonas papildo klasikin\u012f ir paprast\u0105 i\u0161d\u0117stym\u0105, pabr\u0117\u017edamas tvarking\u0105 komodos charakter\u012f. Korpusas pagamintas i\u0161 18 mm storio laminuotos plok\u0161t\u0117s, o kra\u0161tai apsaugoti PVC apvadais. Galin\u0117 sienel\u0117 pagaminta i\u0161 HDF plok\u0161t\u0117s. \u0160io modelio matmenis galima pritaikyti pagal individualius poreikius ir komplektuoti su \u0161velniai u\u017esidaran\u010diais vyriais bei pilno i\u0161traukimo stal\u010diais.<\/p>","protected":false},"excerpt":{"rendered":"<p>Matmenys:<br \/>\nPlotis: 80 cm<br \/>\nAuk\u0161tis: 92 cm<br \/>\nGylis: 44 cm<\/p>","protected":false},"featured_media":334258,"comment_status":"open","ping_status":"closed","template":"","meta":[],"product_brand":[],"product_cat":[9987,9857,1173],"product_tag":[],"class_list":{"0":"post-334192","1":"product","2":"type-product","3":"status-publish","4":"has-post-thumbnail","6":"product_cat-chests-of-drawers-meblast","7":"product_cat-meblast","8":"product_cat-chests-of-drawers","10":"first","11":"instock","12":"shipping-taxable","13":"purchasable","14":"product-type-variable","15":"wvs-archive-product-wrapper"},"_links":{"self":[{"href":"https:\/\/baldumarket.lt\/lt\/wp-json\/wp\/v2\/product\/334192","targetHints":{"allow":["GET"]}}],"collection":[{"href":"https:\/\/baldumarket.lt\/lt\/wp-json\/wp\/v2\/product"}],"about":[{"href":"https:\/\/baldumarket.lt\/lt\/wp-json\/wp\/v2\/types\/product"}],"replies":[{"embeddable":true,"href":"https:\/\/baldumarket.lt\/lt\/wp-json\/wp\/v2\/comments?post=334192"}],"wp:featuredmedia":[{"embeddable":true,"href":"https:\/\/baldumarket.lt\/lt\/wp-json\/wp\/v2\/media\/334258"}],"wp:attachment":[{"href":"https:\/\/baldumarket.lt\/lt\/wp-json\/wp\/v2\/media?parent=334192"}],"wp:term":[{"taxonomy":"product_brand","embeddable":true,"href":"https:\/\/baldumarket.lt\/lt\/wp-json\/wp\/v2\/product_brand?post=334192"},{"taxonomy":"product_cat","embeddable":true,"href":"https:\/\/baldumarket.lt\/lt\/wp-json\/wp\/v2\/product_cat?post=334192"},{"taxonomy":"product_tag","embeddable":true,"href":"https:\/\/baldumarket.lt\/lt\/wp-json\/wp\/v2\/product_tag?post=334192"}],"curies":[{"name":"wp","href":"https:\/\/api.w.org\/{rel}","templated":true}]}}