{"id":334143,"date":"2026-03-07T00:25:32","date_gmt":"2026-03-06T21:25:32","guid":{"rendered":"https:\/\/baldumarket.lt\/?post_type=product&#038;p=334143"},"modified":"2026-03-25T11:09:20","modified_gmt":"2026-03-25T08:09:20","slug":"auksta-komoda-su-5-stalciais-90-cm-balta-marselis","status":"publish","type":"product","link":"https:\/\/baldumarket.lt\/lt\/produktas\/auksta-komoda-su-5-stalciais-90-cm-balta-marselis\/","title":{"rendered":"Auk\u0161ta komoda su 5 stal\u010diais, 90 cm, Biel \u2013 MARSYLIA"},"content":{"rendered":"<p>Auk\u0161ta komoda su 5 stal\u010diais, 90 cm, balta \u2013 Marsylia<\/p>\n<p>90 cm plo\u010dio \u201eMarsylia\u201c modelis \u2013 tai auk\u0161ta komoda su penkiais stal\u010diais, skirta tvarkingam daikt\u0173 laikymui. Dizainas sukurtas taip, kad padid\u0117t\u0173 vertikali talpa nedidinant spintel\u0117s plo\u010dio.<\/p>\n<p>Penki nepriklausomi stal\u010diai leid\u017eia ai\u0161kiai atskirti spint\u0105 ir kitus kasdienius daiktus. Kei\u010diamas priekin\u0117s dalies auk\u0161tis leid\u017eia patogiai susisteminti turin\u012f, o i\u0161traukiami stal\u010diai suteikia lengv\u0105 prieig\u0105 prie vidaus.<br \/>\n92 cm auk\u0161\u010dio ir 44 cm gylio komoda i\u0161laiko stabilias proporcijas ir yra patogi naudoti. Vir\u0161utin\u0117 lentyna gali b\u016bti naudojama kaip papildoma naudinga erdv\u0117 nepa\u017eeid\u017eiant kompakti\u0161kos spintel\u0117s formos.<br \/>\nBalta spalva pabr\u0117\u017eia paprast\u0105 konstrukcijos form\u0105 ir vizualiai pa\u0161viesina erdv\u0119. \u0160viesi apdaila puikiai dera tiek prie modernaus, tiek prie klasikinio interjero, tod\u0117l j\u0105 lengva integruoti su esamais baldais.<br \/>\nKorpusas pagamintas i\u0161 18 mm storio laminuotos plok\u0161t\u0117s su PVC kra\u0161t\u0173 apsauga. Galin\u0117 sienel\u0117 pagaminta i\u0161 HDF plok\u0161t\u0117s. Galima keisti matmenis ir naudoti pilno i\u0161traukimo stal\u010dius su \u0161velnaus u\u017edarymo sistema.<\/p>","protected":false},"excerpt":{"rendered":"<p>Matmenys:<br \/>\nPlotis: 90 cm<br \/>\nAuk\u0161tis: 92 cm<br \/>\nGylis: 44 cm<\/p>","protected":false},"featured_media":334236,"comment_status":"open","ping_status":"closed","template":"","meta":[],"product_brand":[],"product_cat":[9987,9857,1173],"product_tag":[],"class_list":{"0":"post-334143","1":"product","2":"type-product","3":"status-publish","4":"has-post-thumbnail","6":"product_cat-chests-of-drawers-meblast","7":"product_cat-meblast","8":"product_cat-chests-of-drawers","10":"first","11":"instock","12":"shipping-taxable","13":"purchasable","14":"product-type-variable","15":"wvs-archive-product-wrapper"},"_links":{"self":[{"href":"https:\/\/baldumarket.lt\/lt\/wp-json\/wp\/v2\/product\/334143","targetHints":{"allow":["GET"]}}],"collection":[{"href":"https:\/\/baldumarket.lt\/lt\/wp-json\/wp\/v2\/product"}],"about":[{"href":"https:\/\/baldumarket.lt\/lt\/wp-json\/wp\/v2\/types\/product"}],"replies":[{"embeddable":true,"href":"https:\/\/baldumarket.lt\/lt\/wp-json\/wp\/v2\/comments?post=334143"}],"wp:featuredmedia":[{"embeddable":true,"href":"https:\/\/baldumarket.lt\/lt\/wp-json\/wp\/v2\/media\/334236"}],"wp:attachment":[{"href":"https:\/\/baldumarket.lt\/lt\/wp-json\/wp\/v2\/media?parent=334143"}],"wp:term":[{"taxonomy":"product_brand","embeddable":true,"href":"https:\/\/baldumarket.lt\/lt\/wp-json\/wp\/v2\/product_brand?post=334143"},{"taxonomy":"product_cat","embeddable":true,"href":"https:\/\/baldumarket.lt\/lt\/wp-json\/wp\/v2\/product_cat?post=334143"},{"taxonomy":"product_tag","embeddable":true,"href":"https:\/\/baldumarket.lt\/lt\/wp-json\/wp\/v2\/product_tag?post=334143"}],"curies":[{"name":"wp","href":"https:\/\/api.w.org\/{rel}","templated":true}]}}