{"id":334139,"date":"2026-03-07T00:25:28","date_gmt":"2026-03-06T21:25:28","guid":{"rendered":"https:\/\/baldumarket.lt\/?post_type=product&#038;p=334139"},"modified":"2026-03-25T11:09:20","modified_gmt":"2026-03-25T08:09:20","slug":"auksta-komoda-su-5-stalciais-90-cm-sonoma-dark-marseille","status":"publish","type":"product","link":"https:\/\/baldumarket.lt\/lt\/produktas\/auksta-komoda-su-5-stalciais-90-cm-sonoma-dark-marseille\/","title":{"rendered":"Auk\u0161ta komoda su 5 stal\u010diais, 90 cm, Sonoma Ciemna \u2013 MARSYLIA"},"content":{"rendered":"<p>Auk\u0161ta komoda, 90 cm, Sonoma, tamsi \u2013 Marsylia<\/p>\n<p>90 cm ilgio komoda \u201eMarsylia\u201c \u2013 tai auk\u0161tas spintelis su penkiais stal\u010diais, skirtas vertikaliam daikt\u0173 laikymui. D\u0117l plono dizaino ji leid\u017eia efektyviai i\u0161naudoti erdv\u0119 ir i\u0161laikyti tvark\u0105 nepadidindama mas\u0117s.<br \/>\nPenki stal\u010diai leid\u017eia funkcionaliai atskirti spintas ir kitus kasdienius daiktus. Kiekvienas stal\u010dius suteikia patogi\u0105 prieig\u0105 prie turinio ir padeda i\u0161laikyti ai\u0161ki\u0105 vidaus tvark\u0105.<br \/>\n92 cm auk\u0161tis ir 44 cm gylis garantuoja konstrukcijos stabilum\u0105 ir komfort\u0105. Vir\u0161utin\u0117 dalis gali b\u016bti naudojama kaip papildoma naudinga erdv\u0117, tinkama ap\u0161vietimui ar dekoratyviniams elementams pastatyti.<br \/>\n\u201eDark Sonoma\u201c spalva suteikia formai ry\u0161kesn\u012f, gilesn\u012f atspalv\u012f, \u012fkv\u0117pt\u0105 medienos ra\u0161to. Tamsesnis tonas pabr\u0117\u017eia vertikal\u0173 baldo charakter\u012f ir gerai dera su \u0161viesiomis sienomis bei kontrastingais aksesuarais.<br \/>\nKomoda pagaminta i\u0161 18 mm storio laminuotos plok\u0161t\u0117s su PVC kra\u0161tais. Galin\u0117 sienel\u0117 pagaminta i\u0161 HDF plok\u0161t\u0117s. Matmenis galima keisti, taip pat yra pilno i\u0161traukimo stal\u010diai su \u0161velnaus u\u017edarymo mechanizmu.<\/p>","protected":false},"excerpt":{"rendered":"<p>Matmenys:<br \/>\nPlotis: 90 cm<br \/>\nAuk\u0161tis: 92 cm<br \/>\nGylis: 44 cm<\/p>","protected":false},"featured_media":334224,"comment_status":"open","ping_status":"closed","template":"","meta":[],"product_brand":[],"product_cat":[9987,9857,1173],"product_tag":[],"class_list":{"0":"post-334139","1":"product","2":"type-product","3":"status-publish","4":"has-post-thumbnail","6":"product_cat-chests-of-drawers-meblast","7":"product_cat-meblast","8":"product_cat-chests-of-drawers","10":"first","11":"instock","12":"shipping-taxable","13":"purchasable","14":"product-type-variable","15":"wvs-archive-product-wrapper"},"_links":{"self":[{"href":"https:\/\/baldumarket.lt\/lt\/wp-json\/wp\/v2\/product\/334139","targetHints":{"allow":["GET"]}}],"collection":[{"href":"https:\/\/baldumarket.lt\/lt\/wp-json\/wp\/v2\/product"}],"about":[{"href":"https:\/\/baldumarket.lt\/lt\/wp-json\/wp\/v2\/types\/product"}],"replies":[{"embeddable":true,"href":"https:\/\/baldumarket.lt\/lt\/wp-json\/wp\/v2\/comments?post=334139"}],"wp:featuredmedia":[{"embeddable":true,"href":"https:\/\/baldumarket.lt\/lt\/wp-json\/wp\/v2\/media\/334224"}],"wp:attachment":[{"href":"https:\/\/baldumarket.lt\/lt\/wp-json\/wp\/v2\/media?parent=334139"}],"wp:term":[{"taxonomy":"product_brand","embeddable":true,"href":"https:\/\/baldumarket.lt\/lt\/wp-json\/wp\/v2\/product_brand?post=334139"},{"taxonomy":"product_cat","embeddable":true,"href":"https:\/\/baldumarket.lt\/lt\/wp-json\/wp\/v2\/product_cat?post=334139"},{"taxonomy":"product_tag","embeddable":true,"href":"https:\/\/baldumarket.lt\/lt\/wp-json\/wp\/v2\/product_tag?post=334139"}],"curies":[{"name":"wp","href":"https:\/\/api.w.org\/{rel}","templated":true}]}}