{"id":334118,"date":"2026-03-07T00:24:46","date_gmt":"2026-03-06T21:24:46","guid":{"rendered":"https:\/\/baldumarket.lt\/?post_type=product&#038;p=334118"},"modified":"2026-03-26T09:59:38","modified_gmt":"2026-03-26T06:59:38","slug":"laisvai-pastatoma-arba-prie-sienos-montuojama-moduline-komoda-180-240-cm-snow-white-multi-smart","status":"publish","type":"product","link":"https:\/\/baldumarket.lt\/lt\/produktas\/laisvai-pastatoma-arba-prie-sienos-montuojama-moduline-komoda-180-240-cm-snow-white-multi-smart\/","title":{"rendered":"Laisvai pastatoma arba prie sienos montuojama modulin\u0117 komoda 180\u2013240 cm Piasek Pustyni \u2013 MULTI SMART"},"content":{"rendered":"<p>\u201eMulti Smart\u201c komoda \u2013 tai modulinis baldas, sukurtas siekiant maksimalaus lankstumo ir prisitaikymo prie kintan\u010di\u0173 naudotoj\u0173 poreiki\u0173. 180\u2013240 cm plo\u010dio diapazonas leid\u017eia tiksliai pritaikyti komodos dyd\u012f prie erdv\u0117s, kuri\u0105 ji u\u017eims \u2013 nuo svetain\u0117s iki miegamojo ar modernaus nam\u0173 biuro.<\/p>\n<p>Vienas i\u0161 pagrindini\u0173 komodos bruo\u017e\u0173 \u2013 lanks\u010dios tvirtinimo galimyb\u0117s. \u2019Multi Smart\u201c model\u012f galima naudoti atskirai, stovint ant pridedam\u0173 \u017eem\u0173 kojeli\u0173, kurios u\u017etikrina stabilum\u0105 ir vizualiai lengv\u0105 dizain\u0105. Arba konstrukcija leid\u017eia montuoti komod\u0105 prie sienos, suteikdama jai modern\u0173, pakabinam\u0105 efekt\u0105, kuris papildo minimalistin\u012f interjero dizain\u0105.<\/p>\n<p>Modulin\u0117 komodos konstrukcija leid\u017eia lanks\u010diai konfig\u016bruoti stal\u010di\u0173 ir dureli\u0173 segmentus. Atskirus elementus galima laisvai pertvarkyti, sukeisti vietomis ir reorganizuoti visoje konstrukcijoje. Tai leid\u017eia bet kada pakeisti komodos i\u0161d\u0117stym\u0105, nekei\u010diant esam\u0173 bald\u0173, nepritaikant j\u0173 prie esam\u0173 poreiki\u0173 ar naujo kambario i\u0161planavimo. Viduje yra daug vietos ir funkcionalios saugyklos dokumentams, tekstilei, aksesuarams ir kasdieniams daiktams. Laisvai stovin\u010dioje versijoje stalvir\u0161is gali b\u016bti naudojamas kaip prakti\u0161kas eksponavimo staliukas dekoracijoms, knygoms, augalams ar ap\u0161vietimui.<br \/>\nSnieguol\u0117s spalva suteikia spintelei ry\u0161k\u0173, tvarking\u0105 charakter\u012f ir vizualiai pagyvina interjer\u0105. Neutralus, lygus pavir\u0161ius papildo modern\u0173 interjer\u0105 ir yra universalus fonas aksesuarams ir kitiems baldams.<br \/>\n\u201eMulti Smart\u201c spintel\u0117 suprojektuota ir pagaminta Lenkijoje i\u0161 patvari\u0173, kruop\u0161\u010diai atrinkt\u0173 med\u017eiag\u0173. Korpusas pagamintas i\u0161 18 mm storio laminuotos plok\u0161t\u0117s, u\u017etikrinan\u010dios konstrukcijos stabilum\u0105 ir atsparum\u0105 kasdieniam naudojimui. PVC apvadai apsaugo kra\u0161tus nuo dr\u0117gm\u0117s ir nedideli\u0173 mechanini\u0173 pa\u017eeidim\u0173, o HDF galin\u0117s plok\u0161t\u0117s sutvirtina vis\u0105 korpus\u0105.<\/p>\n<p>\u201eMulti Smart\u201c model\u012f galima pritaikyti pagal plot\u012f, spalv\u0105, moduli\u0173 i\u0161d\u0117stym\u0105 ir furnit\u016br\u0105, tod\u0117l galite susikurti spintel\u0119, puikiai atitinkan\u010di\u0105 j\u016bs\u0173 konkret\u0173 interjer\u0105 ir individualius poreikius.<\/p>","protected":false},"excerpt":{"rendered":"<p>Matmenys:<br \/>\nPlotis: 180\u2013240 cm<br \/>\nAuk\u0161tis: 56 cm<br \/>\nGylis: 38 cm<\/p>","protected":false},"featured_media":334214,"comment_status":"open","ping_status":"closed","template":"","meta":[],"product_brand":[],"product_cat":[9987,9857,1173],"product_tag":[],"class_list":{"0":"post-334118","1":"product","2":"type-product","3":"status-publish","4":"has-post-thumbnail","6":"product_cat-chests-of-drawers-meblast","7":"product_cat-meblast","8":"product_cat-chests-of-drawers","10":"first","11":"instock","12":"shipping-taxable","13":"purchasable","14":"product-type-variable","15":"wvs-archive-product-wrapper"},"_links":{"self":[{"href":"https:\/\/baldumarket.lt\/lt\/wp-json\/wp\/v2\/product\/334118","targetHints":{"allow":["GET"]}}],"collection":[{"href":"https:\/\/baldumarket.lt\/lt\/wp-json\/wp\/v2\/product"}],"about":[{"href":"https:\/\/baldumarket.lt\/lt\/wp-json\/wp\/v2\/types\/product"}],"replies":[{"embeddable":true,"href":"https:\/\/baldumarket.lt\/lt\/wp-json\/wp\/v2\/comments?post=334118"}],"wp:featuredmedia":[{"embeddable":true,"href":"https:\/\/baldumarket.lt\/lt\/wp-json\/wp\/v2\/media\/334214"}],"wp:attachment":[{"href":"https:\/\/baldumarket.lt\/lt\/wp-json\/wp\/v2\/media?parent=334118"}],"wp:term":[{"taxonomy":"product_brand","embeddable":true,"href":"https:\/\/baldumarket.lt\/lt\/wp-json\/wp\/v2\/product_brand?post=334118"},{"taxonomy":"product_cat","embeddable":true,"href":"https:\/\/baldumarket.lt\/lt\/wp-json\/wp\/v2\/product_cat?post=334118"},{"taxonomy":"product_tag","embeddable":true,"href":"https:\/\/baldumarket.lt\/lt\/wp-json\/wp\/v2\/product_tag?post=334118"}],"curies":[{"name":"wp","href":"https:\/\/api.w.org\/{rel}","templated":true}]}}