{"id":334099,"date":"2026-03-07T00:24:06","date_gmt":"2026-03-06T21:24:06","guid":{"rendered":"https:\/\/baldumarket.lt\/?post_type=product&#038;p=334099"},"modified":"2026-03-26T09:59:38","modified_gmt":"2026-03-26T06:59:38","slug":"laisvai-pastatoma-arba-prie-sienos-montuojama-moduline-komoda-180-240-cm-kasmyro-smelio-onikso-juodos-spalvos-multi-smart","status":"publish","type":"product","link":"https:\/\/baldumarket.lt\/lt\/produktas\/laisvai-pastatoma-arba-prie-sienos-montuojama-moduline-komoda-180-240-cm-kasmyro-smelio-onikso-juodos-spalvos-multi-smart\/","title":{"rendered":"Laisvai pastatoma arba prie sienos montuojama modulin\u0117 komoda 180\u2013240 cm, Kaszmirowy Be\u017c \/ Czarny Onyx \u2013 MULTI SMART"},"content":{"rendered":"<p>\u201eMulti Smart\u201c komoda \u2013 tai modulinis baldas, sukurtas taip, kad lanks\u010diai prisitaikyt\u0173 prie erdv\u0117s ir kintan\u010di\u0173 naudotoj\u0173 poreiki\u0173. 180\u2013240 cm plo\u010dio diapazonas leid\u017eia tiksliai pritaikyti komodos dyd\u012f prie kambario, kuriame ji bus pastatyta \u2013 nuo svetain\u0117s iki miegamojo ar modernaus nam\u0173 biuro.<\/p>\n<p>Vienas i\u0161 pagrindini\u0173 komodos bruo\u017e\u0173 \u2013 jos tvirtinimo b\u016bdo lankstumas. \u2019Multi Smart\u201c model\u012f galima naudoti atskirai, pastatyti ant \u017eem\u0173, komplekte esan\u010di\u0173 kojeli\u0173, kurios u\u017etikrina stabilum\u0105 ir vizualiai lengv\u0105 form\u0105. Arba konstrukcija leid\u017eia j\u0105 montuoti prie sienos, suteikdama komodai modern\u0173, pakabinamo efekt\u0105, kuris puikiai dera prie minimalistinio interjero dizaino.<\/p>\n<p>Modulin\u0117 komodos konstrukcija suteikia visi\u0161k\u0105 laisv\u0119 konfig\u016bruojant stal\u010di\u0173 ir dureli\u0173 sekcijas. Atskirus elementus galima laisvai pertvarkyti, sukeisti vietomis ir reorganizuoti visoje konstrukcijoje. Tai leid\u017eia bet kada pakeisti komodos i\u0161d\u0117stym\u0105, nekei\u010diant esam\u0173 bald\u0173, nepritaikant j\u0173 prie dabartini\u0173 poreiki\u0173 ar naujo interjero dizaino. Viduje yra daug vietos ir funkcionalios saugyklos dokumentams, tekstilei, aksesuarams ir kasdieniams daiktams. Laisvai stovin\u010dioje versijoje stalvir\u0161is gali b\u016bti naudojamas kaip prakti\u0161kas eksponavimo staliukas dekoracijoms, knygoms, augalams ar ap\u0161vietimui.<br \/>\nKa\u0161myro sm\u0117lio ir juodo onikso derinys suteikia komodai eleganti\u0161k\u0105, modern\u0173 charakter\u012f. Ry\u0161kus, \u0161iltas pagrindas kartu su tamsiai juoda spalva sukuria kontrast\u0105, kuris puikiai dera moderniuose ir reprezentatyvesniuose interjeruose, i\u0161laikant vizualin\u0119 pusiausvyr\u0105.<br \/>\nKomoda \u201eMulti Smart\u201c suprojektuota ir pagaminta Lenkijoje i\u0161 patvari\u0173, kruop\u0161\u010diai atrinkt\u0173 med\u017eiag\u0173. Korpusas pagamintas i\u0161 18 mm storio laminuotos plok\u0161t\u0117s, u\u017etikrinan\u010dios konstrukcijos stabilum\u0105 ir atsparum\u0105 kasdieniam naudojimui. PVC apvadai apsaugo kra\u0161tus nuo dr\u0117gm\u0117s ir nedideli\u0173 mechanini\u0173 pa\u017eeidim\u0173, o HDF galin\u0117s plok\u0161t\u0117s sutvirtina vis\u0105 korpus\u0105.<\/p>\n<p>\u201eMulti Smart\u201c model\u012f galima pritaikyti pagal plot\u012f, spalv\u0105, moduli\u0173 i\u0161d\u0117stym\u0105 ir furnit\u016br\u0105, tod\u0117l galite susikurti komod\u0105, puikiai atitinkan\u010di\u0105 konkret\u0173 interjer\u0105 ir individualius l\u016bkes\u010dius.<\/p>","protected":false},"excerpt":{"rendered":"<p>Matmenys:<br \/>\nPlotis: 180\u2013240 cm<br \/>\nAuk\u0161tis: 56 cm<br \/>\nGylis: 38 cm<\/p>","protected":false},"featured_media":334185,"comment_status":"open","ping_status":"closed","template":"","meta":[],"product_brand":[],"product_cat":[9987,9857,1173],"product_tag":[],"class_list":{"0":"post-334099","1":"product","2":"type-product","3":"status-publish","4":"has-post-thumbnail","6":"product_cat-chests-of-drawers-meblast","7":"product_cat-meblast","8":"product_cat-chests-of-drawers","10":"first","11":"instock","12":"shipping-taxable","13":"purchasable","14":"product-type-variable","15":"wvs-archive-product-wrapper"},"_links":{"self":[{"href":"https:\/\/baldumarket.lt\/lt\/wp-json\/wp\/v2\/product\/334099","targetHints":{"allow":["GET"]}}],"collection":[{"href":"https:\/\/baldumarket.lt\/lt\/wp-json\/wp\/v2\/product"}],"about":[{"href":"https:\/\/baldumarket.lt\/lt\/wp-json\/wp\/v2\/types\/product"}],"replies":[{"embeddable":true,"href":"https:\/\/baldumarket.lt\/lt\/wp-json\/wp\/v2\/comments?post=334099"}],"wp:featuredmedia":[{"embeddable":true,"href":"https:\/\/baldumarket.lt\/lt\/wp-json\/wp\/v2\/media\/334185"}],"wp:attachment":[{"href":"https:\/\/baldumarket.lt\/lt\/wp-json\/wp\/v2\/media?parent=334099"}],"wp:term":[{"taxonomy":"product_brand","embeddable":true,"href":"https:\/\/baldumarket.lt\/lt\/wp-json\/wp\/v2\/product_brand?post=334099"},{"taxonomy":"product_cat","embeddable":true,"href":"https:\/\/baldumarket.lt\/lt\/wp-json\/wp\/v2\/product_cat?post=334099"},{"taxonomy":"product_tag","embeddable":true,"href":"https:\/\/baldumarket.lt\/lt\/wp-json\/wp\/v2\/product_tag?post=334099"}],"curies":[{"name":"wp","href":"https:\/\/api.w.org\/{rel}","templated":true}]}}