{"id":334078,"date":"2026-03-07T00:23:28","date_gmt":"2026-03-06T21:23:28","guid":{"rendered":"https:\/\/baldumarket.lt\/?post_type=product&#038;p=334078"},"modified":"2026-03-26T09:59:38","modified_gmt":"2026-03-26T06:59:38","slug":"laisvai-pastatoma-arba-prie-sienos-montuojama-moduline-komoda-180-240-cm-sviesiai-pilka-butelio-zalia-multi-smart","status":"publish","type":"product","link":"https:\/\/baldumarket.lt\/lt\/produktas\/laisvai-pastatoma-arba-prie-sienos-montuojama-moduline-komoda-180-240-cm-sviesiai-pilka-butelio-zalia-multi-smart\/","title":{"rendered":"Laisvai pastatoma arba prie sienos montuojama modulin\u0117 komoda 180\u2013240 cm, Szary Jasny \/ Ziele\u0144 Butelkowa \u2013 MULTI SMART"},"content":{"rendered":"<p>\u201eMulti Smart\u201c komoda \u2013 tai modulinis baldas, sukurtas siekiant maksimalaus lankstumo ir prisitaikymo prie kintan\u010di\u0173 naudotoj\u0173 poreiki\u0173. 180\u2013240 cm plo\u010dio diapazonas leid\u017eia tiksliai pritaikyti komodos dyd\u012f prie erdv\u0117s, kurioje ji bus pastatyta \u2013 nesvarbu, ar ji bus pagrindinis baldas svetain\u0117je, prakti\u0161kas elementas miegamajame, ar nam\u0173 biuro papildymas.<\/p>\n<p>Vienas i\u0161 pagrindini\u0173 komodos bruo\u017e\u0173 \u2013 jos tvirtinimo b\u016bdo lankstumas. \u2019Multi Smart\u201c model\u012f galima naudoti atskirai, pastatyti ant \u017eem\u0173, pridedam\u0173 kojeli\u0173, kurios suteikia stabilumo ir vizualiai lengvumo. Arba konstrukcija leid\u017eia montuoti komod\u0105 prie sienos, suteikdama jai modern\u0173, pakabinam\u0105 efekt\u0105, kuris papildo minimalistin\u012f interjero dizain\u0105.<\/p>\n<p>Modulin\u0117 konstrukcija leid\u017eia lanks\u010diai konfig\u016bruoti stal\u010di\u0173 ir dureli\u0173 segmentus. Atskirus elementus galima laisvai pertvarkyti, sukeisti vietomis ir reorganizuoti visoje konstrukcijoje. Tai leid\u017eia bet kada pakeisti komodos viet\u0105 nekei\u010diant esam\u0173 bald\u0173, pritaikant j\u0105 prie esam\u0173 poreiki\u0173 ar naujo kambario i\u0161planavimo. Viduje yra daug vietos ir funkcionali vieta dokumentams, tekstil\u0117s gaminiams, aksesuarams ir kasdieniams daiktams laikyti. Laisvai stovin\u010dioje versijoje stalvir\u0161is gali b\u016bti naudojamas kaip prakti\u0161kas vitrina dekoracijoms, knygoms, augalams ar ap\u0161vietimui.<br \/>\n\u0160viesiai pilkos ir butelio \u017ealios spalv\u0173 derinys suteikia komodai modern\u0173, ta\u010diau sant\u016br\u0173 charakter\u012f. Ry\u0161kus pagrindas kartu su sodriu spalv\u0173 akcentu sukuria subalansuot\u0105 kompozicij\u0105, kuri puikiai dera tiek moderniuose, tiek neutralesniuose interjero dizainuose.<br \/>\nKomoda \u201eMulti Smart\u201c suprojektuota ir pagaminta Lenkijoje i\u0161 patvari\u0173, kruop\u0161\u010diai atrinkt\u0173 med\u017eiag\u0173. Korpusas pagamintas i\u0161 18 mm storio laminuotos plok\u0161t\u0117s, u\u017etikrinan\u010dios konstrukcijos stabilum\u0105 ir atsparum\u0105 kasdieniam naudojimui. PVC apvadai apsaugo kra\u0161tus nuo dr\u0117gm\u0117s ir nedideli\u0173 mechanini\u0173 pa\u017eeidim\u0173, o HDF galin\u0117s sienel\u0117s sutvirtina vis\u0105 konstrukcij\u0105. \u201eMulti Smart\u201c model\u012f galima pritaikyti pagal plot\u012f, spalv\u0105, moduli\u0173 i\u0161d\u0117stym\u0105 ir furnit\u016br\u0105, tod\u0117l galite susikurti komod\u0105, puikiai atitinkan\u010di\u0105 konkret\u0173 interjer\u0105 ir individualius l\u016bkes\u010dius.<\/p>","protected":false},"excerpt":{"rendered":"<p>\u201eMulti Smart\u201c komoda \u2013 tai modulinis baldas, sukurtas siekiant maksimalaus lankstumo ir prisitaikymo prie kintan\u010di\u0173 naudotoj\u0173 poreiki\u0173. 180\u2013240 cm plo\u010dio diapazonas leid\u017eia tiksliai pritaikyti komodos dyd\u012f prie erdv\u0117s, kurioje ji bus pastatyta \u2013 nepriklausomai nuo to, ar ji [\u2026]<\/p>","protected":false},"featured_media":334158,"comment_status":"open","ping_status":"closed","template":"","meta":[],"product_brand":[],"product_cat":[9987,9857,1173],"product_tag":[],"class_list":{"0":"post-334078","1":"product","2":"type-product","3":"status-publish","4":"has-post-thumbnail","6":"product_cat-chests-of-drawers-meblast","7":"product_cat-meblast","8":"product_cat-chests-of-drawers","10":"first","11":"instock","12":"shipping-taxable","13":"purchasable","14":"product-type-variable","15":"wvs-archive-product-wrapper"},"_links":{"self":[{"href":"https:\/\/baldumarket.lt\/lt\/wp-json\/wp\/v2\/product\/334078","targetHints":{"allow":["GET"]}}],"collection":[{"href":"https:\/\/baldumarket.lt\/lt\/wp-json\/wp\/v2\/product"}],"about":[{"href":"https:\/\/baldumarket.lt\/lt\/wp-json\/wp\/v2\/types\/product"}],"replies":[{"embeddable":true,"href":"https:\/\/baldumarket.lt\/lt\/wp-json\/wp\/v2\/comments?post=334078"}],"wp:featuredmedia":[{"embeddable":true,"href":"https:\/\/baldumarket.lt\/lt\/wp-json\/wp\/v2\/media\/334158"}],"wp:attachment":[{"href":"https:\/\/baldumarket.lt\/lt\/wp-json\/wp\/v2\/media?parent=334078"}],"wp:term":[{"taxonomy":"product_brand","embeddable":true,"href":"https:\/\/baldumarket.lt\/lt\/wp-json\/wp\/v2\/product_brand?post=334078"},{"taxonomy":"product_cat","embeddable":true,"href":"https:\/\/baldumarket.lt\/lt\/wp-json\/wp\/v2\/product_cat?post=334078"},{"taxonomy":"product_tag","embeddable":true,"href":"https:\/\/baldumarket.lt\/lt\/wp-json\/wp\/v2\/product_tag?post=334078"}],"curies":[{"name":"wp","href":"https:\/\/api.w.org\/{rel}","templated":true}]}}