{"id":334076,"date":"2026-03-07T00:23:25","date_gmt":"2026-03-06T21:23:25","guid":{"rendered":"https:\/\/baldumarket.lt\/?post_type=product&#038;p=334076"},"modified":"2026-03-26T09:59:38","modified_gmt":"2026-03-26T06:59:38","slug":"laisvai-pastatoma-arba-prie-sienos-montuojama-moduline-komoda-180-240-cm-sviesiai-pilka-tamsiai-melyna-multi-smart","status":"publish","type":"product","link":"https:\/\/baldumarket.lt\/lt\/produktas\/laisvai-pastatoma-arba-prie-sienos-montuojama-moduline-komoda-180-240-cm-sviesiai-pilka-tamsiai-melyna-multi-smart\/","title":{"rendered":"Laisvai pastatoma arba prie sienos montuojama modulin\u0117 komoda 180\u2013240 cm Szary Jasny \/ Kobalt \u2013 MULTI SMART"},"content":{"rendered":"<p>\u201eMulti Smart\u201c komoda \u2013 tai modulinis baldas, sukurtas taip, kad lanks\u010diai prisitaikyt\u0173 prie erdv\u0117s ir kintan\u010di\u0173 naudotoj\u0173 poreiki\u0173. 180\u2013240 cm plo\u010dio diapazonas leid\u017eia tiksliai priderinti komod\u0105 prie kambario \u2013 ar ji b\u016bt\u0173 pagrindinis svetain\u0117s baldas, prakti\u0161kas miegamojo papildymas, ar modernaus nam\u0173 biuro papildymas.<\/p>\n<p>Vienas i\u0161 pagrindini\u0173 komodos bruo\u017e\u0173 \u2013 lanks\u010dios tvirtinimo galimyb\u0117s. \u2019Multi Smart\u201c model\u012f galima naudoti atskirai, stovint ant pridedam\u0173 \u017eem\u0173 kojeli\u0173, kurios u\u017etikrina stabilum\u0105 ir vizualiai lengv\u0105 dizain\u0105. Arba komod\u0105 galima tvirtinti prie sienos, sukuriant moderni\u0105, pakabinam\u0105 form\u0105, puikiai tinkan\u010di\u0105 minimalistiniam interjero dizainui.<\/p>\n<p>Modulinis dizainas leid\u017eia lanks\u010diai konfig\u016bruoti stal\u010di\u0173 ir dureli\u0173 segmentus. Atskiri elementai gali b\u016bti laisvai pertvarkomi, kei\u010diami vietomis ir reorganizuojami komodos viduje. Tai leid\u017eia bet kada pritaikyti bald\u0173 i\u0161d\u0117stym\u0105 prie nauj\u0173 poreiki\u0173, j\u0173 nekei\u010diant. Viduje yra daug vietos ir funkcionali vieta dokumentams, tekstil\u0117s gaminiams, aksesuarams ir kasdieniams daiktams laikyti. Laisvai stovin\u010dioje versijoje stalvir\u0161is gali b\u016bti naudojamas kaip prakti\u0161kas staliukas dekoracijoms, knygoms, augalams ar ap\u0161vietimui.<br \/>\n\u0160viesiai pilkos ir tamsiai m\u0117lynos spalv\u0173 derinys suteikia spintelei modern\u0173, ta\u010diau sant\u016br\u0173 charakter\u012f. \u0160viesus pagrindas kartu su sodria, v\u0117sia akcento spalva sukuria harmoning\u0105 kompozicij\u0105, kuri puikiai dera prie modernaus ir minimalistinio interjero dizaino.<br \/>\n\u201eMulti Smart\u201c spintel\u0117 suprojektuota ir pagaminta Lenkijoje i\u0161 patvari\u0173, kruop\u0161\u010diai atrinkt\u0173 med\u017eiag\u0173. Korpusas pagamintas i\u0161 18 mm storio laminuotos plok\u0161t\u0117s, u\u017etikrinan\u010dios konstrukcijos stabilum\u0105 ir atsparum\u0105 kasdieniam naudojimui. PVC apvadai apsaugo kra\u0161tus nuo dr\u0117gm\u0117s ir nedideli\u0173 mechanini\u0173 pa\u017eeidim\u0173, o HDF galin\u0117s plok\u0161t\u0117s sutvirtina vis\u0105 korpus\u0105.<br \/>\n\u201eMulti Smart\u201c model\u012f galima pritaikyti pagal plot\u012f, spalv\u0105, moduli\u0173 i\u0161d\u0117stym\u0105 ir furnit\u016br\u0105, tod\u0117l galite susikurti spintel\u0119, tiksliai pritaikyt\u0105 j\u016bs\u0173 individualiems poreikiams ir interjero charakteriui.<\/p>","protected":false},"excerpt":{"rendered":"<p>\u201eMulti Smart\u201c komoda yra modulinis baldas, sukurtas taip, kad lanks\u010diai prisitaikyt\u0173 prie erdv\u0117s ir kintan\u010di\u0173 naudotoj\u0173 poreiki\u0173. 180\u2013240 cm plo\u010dio diapazonas leid\u017eia tiksliai priderinti komod\u0105 prie kambario, nesvarbu, ar ji tarnauja kaip pagrindinis baldas [\u2026]<\/p>","protected":false},"featured_media":334152,"comment_status":"open","ping_status":"closed","template":"","meta":[],"product_brand":[],"product_cat":[9987,9857,1173],"product_tag":[],"class_list":{"0":"post-334076","1":"product","2":"type-product","3":"status-publish","4":"has-post-thumbnail","6":"product_cat-chests-of-drawers-meblast","7":"product_cat-meblast","8":"product_cat-chests-of-drawers","10":"first","11":"instock","12":"shipping-taxable","13":"purchasable","14":"product-type-variable","15":"wvs-archive-product-wrapper"},"_links":{"self":[{"href":"https:\/\/baldumarket.lt\/lt\/wp-json\/wp\/v2\/product\/334076","targetHints":{"allow":["GET"]}}],"collection":[{"href":"https:\/\/baldumarket.lt\/lt\/wp-json\/wp\/v2\/product"}],"about":[{"href":"https:\/\/baldumarket.lt\/lt\/wp-json\/wp\/v2\/types\/product"}],"replies":[{"embeddable":true,"href":"https:\/\/baldumarket.lt\/lt\/wp-json\/wp\/v2\/comments?post=334076"}],"wp:featuredmedia":[{"embeddable":true,"href":"https:\/\/baldumarket.lt\/lt\/wp-json\/wp\/v2\/media\/334152"}],"wp:attachment":[{"href":"https:\/\/baldumarket.lt\/lt\/wp-json\/wp\/v2\/media?parent=334076"}],"wp:term":[{"taxonomy":"product_brand","embeddable":true,"href":"https:\/\/baldumarket.lt\/lt\/wp-json\/wp\/v2\/product_brand?post=334076"},{"taxonomy":"product_cat","embeddable":true,"href":"https:\/\/baldumarket.lt\/lt\/wp-json\/wp\/v2\/product_cat?post=334076"},{"taxonomy":"product_tag","embeddable":true,"href":"https:\/\/baldumarket.lt\/lt\/wp-json\/wp\/v2\/product_tag?post=334076"}],"curies":[{"name":"wp","href":"https:\/\/api.w.org\/{rel}","templated":true}]}}