{"id":334021,"date":"2026-03-07T00:21:21","date_gmt":"2026-03-06T21:21:21","guid":{"rendered":"https:\/\/baldumarket.lt\/?post_type=product&#038;p=334021"},"modified":"2026-03-25T12:21:42","modified_gmt":"2026-03-25T09:21:42","slug":"stikline-vitrina-su-spintelemis-ir-stalciais-150-cm-sonoma-light-vera","status":"publish","type":"product","link":"https:\/\/baldumarket.lt\/lt\/produktas\/stikline-vitrina-su-spintelemis-ir-stalciais-150-cm-sonoma-light-vera\/","title":{"rendered":"Stiklin\u0117 vitrina su spintel\u0117mis ir stal\u010diais, 150 cm, Sonoma Jasna \u2013 VERA"},"content":{"rendered":"<p>Stiklin\u0117 vitrina su spintel\u0117mis ir stal\u010diais, 150 cm, Sonoma \u0161viesa \u2013 Vera<\/p>\n<p>Vitrina \u201e150\u201c \u2013 tai auk\u0161tas, 150 cm plo\u010dio spintel\u0117, kurioje sujungta \u012fstiklinta ekspozicijos zona su u\u017edara \u016bkine zona. Toks dizainas leid\u017eia eksponuoti pasirinktus baldus, i\u0161laikant tvarking\u0105 daikt\u0173 laikymo erdv\u0119.<br \/>\nStiklin\u0117 dalis leid\u017eia ai\u0161kiai ir esteti\u0161kai eksponuoti stiklo dirbinius, porcelian\u0105 ar knygas. Apatin\u0117s spintel\u0117s ir stal\u010diai sukuria atskir\u0105 erdv\u0119 daiktams, kuriuos reikia laikyti ir apsaugoti. Toks funkcionalus i\u0161d\u0117stymas puikiai tinka tiek svetain\u0117je, tiek valgomajame.<br \/>\n207 cm auk\u0161tis suteikia baldui i\u0161skirtin\u0119, vertikali\u0105 form\u0105 ir leid\u017eia i\u0161naudoti didesn\u012f sienos plot\u0105. 44 cm gylis u\u017etikrina pakankamai naudingos erdv\u0117s, i\u0161laikant stabili\u0105 form\u0105.<br \/>\n\u201eSonoma Light\u201c spalva pristato \u0161vies\u0173 atspalv\u012f, \u012fkv\u0117pt\u0105 nat\u016bralios medienos. Subtilus tonas i\u0161ry\u0161kina fasad\u0173 strukt\u016br\u0105 su MDF juostel\u0117mis ir pirmenyb\u0119 teikia neutrali\u0173 spalv\u0173 bei \u0161viesi\u0173 bald\u0173 dizainui.<\/p>\n<p>Korpusas pagamintas i\u0161 18 mm storio laminuotos plok\u0161t\u0117s su 0,8 mm PVC apvadais. Galin\u0117s sienel\u0117s pagamintos i\u0161 HDF plok\u0161t\u0117s, o priekin\u0117s dalys apdailintos MDF juostel\u0117mis. \u0160\u012f model\u012f galima pritaikyti pagal matmenis ir apdail\u0105, jis apr\u016bpintas \u0161velniai u\u017esidaran\u010diais vyriais ir pilno i\u0161traukimo stal\u010diais.<\/p>","protected":false},"excerpt":{"rendered":"<p>Matmenys:<br \/>\nPlotis: 150 cm<br \/>\n\u016agis: 207 cm<br \/>\nGylis: 44 cm<\/p>","protected":false},"featured_media":334107,"comment_status":"open","ping_status":"closed","template":"","meta":[],"product_brand":[],"product_cat":[9983,9857,2006],"product_tag":[],"class_list":{"0":"post-334021","1":"product","2":"type-product","3":"status-publish","4":"has-post-thumbnail","6":"product_cat-furniture-sets-room-sets-meblast","7":"product_cat-meblast","8":"product_cat-vitrines","10":"first","11":"instock","12":"shipping-taxable","13":"purchasable","14":"product-type-variable","15":"wvs-archive-product-wrapper"},"_links":{"self":[{"href":"https:\/\/baldumarket.lt\/lt\/wp-json\/wp\/v2\/product\/334021","targetHints":{"allow":["GET"]}}],"collection":[{"href":"https:\/\/baldumarket.lt\/lt\/wp-json\/wp\/v2\/product"}],"about":[{"href":"https:\/\/baldumarket.lt\/lt\/wp-json\/wp\/v2\/types\/product"}],"replies":[{"embeddable":true,"href":"https:\/\/baldumarket.lt\/lt\/wp-json\/wp\/v2\/comments?post=334021"}],"wp:featuredmedia":[{"embeddable":true,"href":"https:\/\/baldumarket.lt\/lt\/wp-json\/wp\/v2\/media\/334107"}],"wp:attachment":[{"href":"https:\/\/baldumarket.lt\/lt\/wp-json\/wp\/v2\/media?parent=334021"}],"wp:term":[{"taxonomy":"product_brand","embeddable":true,"href":"https:\/\/baldumarket.lt\/lt\/wp-json\/wp\/v2\/product_brand?post=334021"},{"taxonomy":"product_cat","embeddable":true,"href":"https:\/\/baldumarket.lt\/lt\/wp-json\/wp\/v2\/product_cat?post=334021"},{"taxonomy":"product_tag","embeddable":true,"href":"https:\/\/baldumarket.lt\/lt\/wp-json\/wp\/v2\/product_tag?post=334021"}],"curies":[{"name":"wp","href":"https:\/\/api.w.org\/{rel}","templated":true}]}}