{"id":333921,"date":"2026-03-07T00:18:18","date_gmt":"2026-03-06T21:18:18","guid":{"rendered":"https:\/\/baldumarket.lt\/?post_type=product&#038;p=333921"},"modified":"2026-03-25T14:22:58","modified_gmt":"2026-03-25T11:22:58","slug":"tv-spintele-su-vieta-200-cm-televizoriui-artisan-oak-signal","status":"publish","type":"product","link":"https:\/\/baldumarket.lt\/lt\/produktas\/tv-spintele-su-vieta-200-cm-televizoriui-artisan-oak-signal\/","title":{"rendered":"TV spintel\u0117 su vieta 200 cm televizoriui, Dab Artisan \u2013 SIGNALAS"},"content":{"rendered":"<p>TV vitrina su skyriumi televizoriui, 200 cm, \u201eArtisan Oak\u201c \u2013 Signal<\/p>\n<p>Pagrindinis \u0161ios vitrinos bruo\u017eas \u2013 didel\u0117 televizoriaus erdv\u0117. Ji kruop\u0161\u010diai suprojektuota taip, kad b\u016bt\u0173 patogu \u017ei\u016br\u0117ti m\u0117gstamas programas ir filmus. Laid\u0173 tvarkymo angos leid\u017eia lengvai sutvarkyti laidus ir palaikyti tvark\u0105 aplink televizori\u0173.<br \/>\n\u0160alia televizoriaus zonos yra dvi vitrinos, kuriose yra papildomos vietos daiktams susid\u0117ti ir eksponuoti. Kiekvienoje vitrinoje yra lentynos \u012fvairiems papuo\u0161alams, suvenyrams ar kolekciniams daiktams eksponuoti. Stikliniai fasadai leid\u017eia \u0161iuos daiktus ai\u0161kiai matyti, sukuriant malon\u0173 vaizdin\u012f efekt\u0105.<br \/>\n200 vitrina su dviem vitrinomis taip pat yra puikus pasirinkimas tiems, kurie vertina estetik\u0105 ir tvarking\u0105 interjer\u0105. D\u0117l u\u017edar\u0173 spinteli\u0173 apa\u010dioje galite laikyti daiktus, kuri\u0173 neb\u016btinai reikia eksponuoti, tuo pa\u010diu i\u0161laikant tvark\u0105 ir \u0161var\u0105 kambaryje.<br \/>\n\u0160is baldas puikiai dera prie \u012fvairi\u0173 interjero stili\u0173 \u2013 nuo modernaus iki klasikinio. Jis taip pat gali b\u016bti gra\u017eus akcentas valgomajame ar net svetain\u0117je. D\u0117l savo universalumo ir funkcionalumo 200 vitrina su dviem stiklin\u0117mis vitrinomis yra ne tik prakti\u0161kas sprendimas, bet ir dekoratyvinis elementas, suteikiantis elegancijos ir charakterio bet kokiam interjerui.<\/p>\n<p>Rinkit\u0117s kokybi\u0161kus baldus i\u0161 Lenkijos gamintojo.<\/p>","protected":false},"excerpt":{"rendered":"<p>Matmenys:<br \/>\nPlotis: 200 cm<br \/>\n\u016agis: 207 cm<br \/>\nGylis: 44 cm<\/p>","protected":false},"featured_media":334030,"comment_status":"open","ping_status":"closed","template":"","meta":[],"product_brand":[],"product_cat":[9983,9857,2006],"product_tag":[],"class_list":{"0":"post-333921","1":"product","2":"type-product","3":"status-publish","4":"has-post-thumbnail","6":"product_cat-furniture-sets-room-sets-meblast","7":"product_cat-meblast","8":"product_cat-vitrines","10":"first","11":"instock","12":"shipping-taxable","13":"purchasable","14":"product-type-variable","15":"wvs-archive-product-wrapper"},"_links":{"self":[{"href":"https:\/\/baldumarket.lt\/lt\/wp-json\/wp\/v2\/product\/333921","targetHints":{"allow":["GET"]}}],"collection":[{"href":"https:\/\/baldumarket.lt\/lt\/wp-json\/wp\/v2\/product"}],"about":[{"href":"https:\/\/baldumarket.lt\/lt\/wp-json\/wp\/v2\/types\/product"}],"replies":[{"embeddable":true,"href":"https:\/\/baldumarket.lt\/lt\/wp-json\/wp\/v2\/comments?post=333921"}],"wp:featuredmedia":[{"embeddable":true,"href":"https:\/\/baldumarket.lt\/lt\/wp-json\/wp\/v2\/media\/334030"}],"wp:attachment":[{"href":"https:\/\/baldumarket.lt\/lt\/wp-json\/wp\/v2\/media?parent=333921"}],"wp:term":[{"taxonomy":"product_brand","embeddable":true,"href":"https:\/\/baldumarket.lt\/lt\/wp-json\/wp\/v2\/product_brand?post=333921"},{"taxonomy":"product_cat","embeddable":true,"href":"https:\/\/baldumarket.lt\/lt\/wp-json\/wp\/v2\/product_cat?post=333921"},{"taxonomy":"product_tag","embeddable":true,"href":"https:\/\/baldumarket.lt\/lt\/wp-json\/wp\/v2\/product_tag?post=333921"}],"curies":[{"name":"wp","href":"https:\/\/api.w.org\/{rel}","templated":true}]}}