{"id":333870,"date":"2026-03-07T00:16:41","date_gmt":"2026-03-06T21:16:41","guid":{"rendered":"https:\/\/baldumarket.lt\/?post_type=product&#038;p=333870"},"modified":"2026-03-25T16:51:11","modified_gmt":"2026-03-25T13:51:11","slug":"labai-erdvi-televizoriaus-sienine-spintele-su-spinta-405-x-210-cm-sonoma-light-lena","status":"publish","type":"product","link":"https:\/\/baldumarket.lt\/lt\/produktas\/labai-erdvi-televizoriaus-sienine-spintele-su-spinta-405-x-210-cm-sonoma-light-lena\/","title":{"rendered":"Labai erdvi televizoriaus sienin\u0117 spintel\u0117 su spinta 405 \u00d7 210 cm Sonoma Jasna \u2013 LENA"},"content":{"rendered":"<p>405 x 210 cm dyd\u017eio LENA sienin\u0117 spintel\u0117 buvo sukurta kaip visapusi\u0161ka sienin\u0117 spintel\u0117, kurioje derinama didel\u0117 daikt\u0173 laikymo talpa ir ai\u0161kiai atskirta multimedijos zona. \u0160is dizainas puikiai tinka gyvenamosioms erdv\u0117ms, kuriose labai svarbu organizuotas daikt\u0173 laikymas ir darni televizijos zonos integracija \u012f bendr\u0105 spintel\u0119.<\/p>\n<p>Komplekt\u0105 sudaro labai erdvi spinta su pakaba ir lentyna, taip pat spintos kolona su penkiomis lentynomis, kad b\u016bt\u0173 lengva susid\u0117ti drabu\u017eius, tekstil\u0119 ir aksesuarus. Centrin\u0117 dalis sukurta kaip funkcionali televizijos zona su didele ni\u0161a televizoriui ir multimedijos spintelei. Apatin\u0117je spintel\u0117s dalyje esantys stal\u010diai suteikia papildomos vietos kasdieniams daiktams laikyti.<\/p>\n<p>Vis\u0105 spintel\u0119 papildo rakinamos spintel\u0117s, vitrinos ir \u017eemyn atsidaran\u010dios durys, leid\u017eian\u010dios logi\u0161kai padalyti daikt\u0173 laikymo ir eksponavimo erdv\u0119. Atviras pasirinkt\u0173 ni\u0161\u0173 i\u0161d\u0117stymas leid\u017eia eksponuoti dekoracijas, knygas ar multimedijos \u012frang\u0105, i\u0161laikant tvark\u0105 ir darn\u0105. \u201eLight Sonoma\u201c spalva suteikia sieninei spintelei \u0161viesesn\u012f, neutralesn\u012f charakter\u012f. \u0160viesi medienos tekst\u016bra vizualiai pagyvina interjer\u0105 ir papildo tiek modern\u0173, tiek klasikin\u012f interjer\u0105, kur labai svarbu i\u0161laikyti vizualiai lengv\u0105 poj\u016bt\u012f, kartu i\u0161laikant rafinuot\u0105 form\u0105.<\/p>\n<p>Kaip ir visus \u201ee-Meblast\u201c si\u016blomus sieninius blokus, LENA model\u012f galima pritaikyti pagal matmenis, spalvas, element\u0173 i\u0161d\u0117stym\u0105 ir furnit\u016br\u0105, tod\u0117l galite susikurti komplekt\u0105, atitinkant\u012f j\u016bs\u0173 individualius poreikius ir kambario dyd\u012f.<\/p>\n<p>K\u016bnas:<br \/>\nTamsusis Sonoma<br \/>\n\u0160viesusis Sonoma<br \/>\nPort \u010ceri<br \/>\nBalta<br \/>\nLanceloto \u0105\u017euolas<br \/>\nKa\u0161myro sm\u0117lio spalvos<\/p>\n<p>Priekin\u0117 dalis:<br \/>\nTamsus Sonoma (MDF juostel\u0117)<br \/>\n\u0160viesus Sonoma (MDF juostel\u0117)<br \/>\nOkapi rie\u0161utmedis (MDF juostel\u0117s)<br \/>\nKaramel\u0117s spalvos \u0105\u017euolas (MDF juostel\u0117s)<br \/>\nVotano \u0105\u017euolas<br \/>\nBalta<br \/>\nLanceloto \u0105\u017euolas<br \/>\nKa\u0161myro sm\u0117lio spalvos<br \/>\nHalifakso \u0105\u017euolas<\/p>","protected":false},"excerpt":{"rendered":"<p>Matmenys:<br \/>\nPlotis: 405 cm<br \/>\nAuk\u0161tis: 210 cm<br \/>\nGylis: 53 cm<\/p>","protected":false},"featured_media":333990,"comment_status":"open","ping_status":"closed","template":"","meta":[],"product_brand":[],"product_cat":[9983,9857,2008],"product_tag":[],"class_list":{"0":"post-333870","1":"product","2":"type-product","3":"status-publish","4":"has-post-thumbnail","6":"product_cat-furniture-sets-room-sets-meblast","7":"product_cat-meblast","8":"product_cat-wall-units","10":"first","11":"instock","12":"shipping-taxable","13":"purchasable","14":"product-type-variable","15":"wvs-archive-product-wrapper"},"_links":{"self":[{"href":"https:\/\/baldumarket.lt\/lt\/wp-json\/wp\/v2\/product\/333870","targetHints":{"allow":["GET"]}}],"collection":[{"href":"https:\/\/baldumarket.lt\/lt\/wp-json\/wp\/v2\/product"}],"about":[{"href":"https:\/\/baldumarket.lt\/lt\/wp-json\/wp\/v2\/types\/product"}],"replies":[{"embeddable":true,"href":"https:\/\/baldumarket.lt\/lt\/wp-json\/wp\/v2\/comments?post=333870"}],"wp:featuredmedia":[{"embeddable":true,"href":"https:\/\/baldumarket.lt\/lt\/wp-json\/wp\/v2\/media\/333990"}],"wp:attachment":[{"href":"https:\/\/baldumarket.lt\/lt\/wp-json\/wp\/v2\/media?parent=333870"}],"wp:term":[{"taxonomy":"product_brand","embeddable":true,"href":"https:\/\/baldumarket.lt\/lt\/wp-json\/wp\/v2\/product_brand?post=333870"},{"taxonomy":"product_cat","embeddable":true,"href":"https:\/\/baldumarket.lt\/lt\/wp-json\/wp\/v2\/product_cat?post=333870"},{"taxonomy":"product_tag","embeddable":true,"href":"https:\/\/baldumarket.lt\/lt\/wp-json\/wp\/v2\/product_tag?post=333870"}],"curies":[{"name":"wp","href":"https:\/\/api.w.org\/{rel}","templated":true}]}}