{"id":333843,"date":"2026-03-07T00:15:53","date_gmt":"2026-03-06T21:15:53","guid":{"rendered":"https:\/\/baldumarket.lt\/?post_type=product&#038;p=333843"},"modified":"2026-03-30T10:23:59","modified_gmt":"2026-03-30T07:23:59","slug":"sienine-spintele-su-praplatinimais-didelemis-spintomis-ir-vieta-televizoriui-370-x-210-cm-tamsus-sonoma-sviesus-sonoma-taiga","status":"publish","type":"product","link":"https:\/\/baldumarket.lt\/lt\/produktas\/sienine-spintele-su-praplatinimais-didelemis-spintomis-ir-vieta-televizoriui-370-x-210-cm-tamsus-sonoma-sviesus-sonoma-taiga\/","title":{"rendered":"Sienin\u0117 spintel\u0117 su praplatinimais, didel\u0117s spintel\u0117s ir vieta televizoriui 370 \u00d7 210 cm TSonoma Ciemna \/ Sonoma Jasna \u2013 TAIGA"},"content":{"rendered":"<p>370 x 210 cm dyd\u017eio TAJGA sienin\u0117 spintel\u0117 buvo sukurta kaip bald\u0173 komplektas su ai\u0161kiu apatin\u0117s ir vir\u0161utin\u0117s dali\u0173 padalymu, kur svarb\u0173 vaidmen\u012f atlieka prapl\u0117timai ir logi\u0161kas daikt\u0173 laikymo bei naudojimo zon\u0173 i\u0161d\u0117stymas. Toks i\u0161d\u0117stymas leid\u017eia darniai organizuoti vis\u0105 sien\u0105, nesukuriant sunkios, vienodos konstrukcijos \u012fsp\u016bd\u017eio.<\/p>\n<p>Komplekto pagrind\u0105 sudaro dvi didel\u0117s spintos, kuriose daugiausia laikomi drabu\u017eiai ir didesni daiktai. Jas papildo rakinamos spintel\u0117s ir lentynos, i\u0161d\u0117stytos taip, kad b\u016bt\u0173 lengviau susid\u0117ti ma\u017eesnius daiktus ir aksesuarus. Centrin\u0117je sienin\u0117s spintel\u0117s dalyje \u012frengtas televizorius, o atskiroje vietoje \u2013 multimedijos \u012franga, kuri i\u0161lieka tvarkinga ir neu\u017ego\u017eia likusios komplekto dalies.<\/p>\n<p>I\u0161skirtinis TAJGA modelio bruo\u017eas \u2013 praplatinimai, kurie sutvarko vir\u0161utin\u0119 sienin\u0117s spintel\u0117s dal\u012f ir leid\u017eia pilnai i\u0161naudoti sienos auk\u0161t\u012f. D\u0117l to komplektas tinka patalpoms, kuriose b\u016btina maksimaliai i\u0161naudoti erdv\u0119, i\u0161laikant ai\u0161k\u0173 bald\u0173 i\u0161d\u0117stym\u0105. Tamsaus ir \u0161viesaus Sonoma dekoro element\u0173 derinys suteikia sieninei spintelei nat\u016bral\u0173, raminant\u012f charakter\u012f. \u0160viesesni\u0173 ir tamsesni\u0173 medienos atspalvi\u0173 kontrastas vizualiai sutvarko komplekt\u0105 ir papildo sant\u016br\u0173 interjer\u0105. Kaip ir visas \u201ee-Meblast\u201c si\u016blomas sienines spinteles, TAJGA model\u012f galima pritaikyti pagal matmenis, spalvas, element\u0173 i\u0161d\u0117stym\u0105 ir furnit\u016br\u0105, tod\u0117l galite susikurti komplekt\u0105, pritaikyt\u0105 individualiems poreikiams ir kambario dyd\u017eiui.<\/p>\n<p>K\u016bnas:<br \/>\nPort \u010ceri<br \/>\nTamsusis Sonoma<br \/>\n\u0160viesusis Sonoma<br \/>\nBalta<br \/>\nGrafito pilka<br \/>\nLaukinis \u0105\u017euolas<\/p>\n<p>Priekin\u0117 dalis:<br \/>\nPorto vy\u0161nia (MDF juostel\u0117)<br \/>\n\u0160viesus Sonoma (MDF juostel\u0117)<br \/>\nLefkos \u0105\u017euolas<br \/>\nDidysis \u0105\u017euolas<br \/>\nBalta<br \/>\nGrafito pilka<br \/>\nLaukinis \u0105\u017euolas<\/p>","protected":false},"excerpt":{"rendered":"<p>Matmenys:<br \/>\nPlotis: 370 cm<br \/>\nAuk\u0161tis: 210 cm<br \/>\nGylis: 53 cm<\/p>","protected":false},"featured_media":333965,"comment_status":"open","ping_status":"closed","template":"","meta":[],"product_brand":[],"product_cat":[9983,9857,2008],"product_tag":[],"class_list":{"0":"post-333843","1":"product","2":"type-product","3":"status-publish","4":"has-post-thumbnail","6":"product_cat-furniture-sets-room-sets-meblast","7":"product_cat-meblast","8":"product_cat-wall-units","10":"first","11":"instock","12":"shipping-taxable","13":"purchasable","14":"product-type-variable","15":"wvs-archive-product-wrapper"},"_links":{"self":[{"href":"https:\/\/baldumarket.lt\/lt\/wp-json\/wp\/v2\/product\/333843","targetHints":{"allow":["GET"]}}],"collection":[{"href":"https:\/\/baldumarket.lt\/lt\/wp-json\/wp\/v2\/product"}],"about":[{"href":"https:\/\/baldumarket.lt\/lt\/wp-json\/wp\/v2\/types\/product"}],"replies":[{"embeddable":true,"href":"https:\/\/baldumarket.lt\/lt\/wp-json\/wp\/v2\/comments?post=333843"}],"wp:featuredmedia":[{"embeddable":true,"href":"https:\/\/baldumarket.lt\/lt\/wp-json\/wp\/v2\/media\/333965"}],"wp:attachment":[{"href":"https:\/\/baldumarket.lt\/lt\/wp-json\/wp\/v2\/media?parent=333843"}],"wp:term":[{"taxonomy":"product_brand","embeddable":true,"href":"https:\/\/baldumarket.lt\/lt\/wp-json\/wp\/v2\/product_brand?post=333843"},{"taxonomy":"product_cat","embeddable":true,"href":"https:\/\/baldumarket.lt\/lt\/wp-json\/wp\/v2\/product_cat?post=333843"},{"taxonomy":"product_tag","embeddable":true,"href":"https:\/\/baldumarket.lt\/lt\/wp-json\/wp\/v2\/product_tag?post=333843"}],"curies":[{"name":"wp","href":"https:\/\/api.w.org\/{rel}","templated":true}]}}