{"id":333841,"date":"2026-03-07T00:15:50","date_gmt":"2026-03-06T21:15:50","guid":{"rendered":"https:\/\/baldumarket.lt\/?post_type=product&#038;p=333841"},"modified":"2026-03-30T10:23:57","modified_gmt":"2026-03-30T07:23:57","slug":"sienine-spintele-su-praplatinimais-didelemis-spintomis-ir-vieta-televizoriui-370-x-210-cm-sviesus-sonoma-lefkas-azuolas-taiga","status":"publish","type":"product","link":"https:\/\/baldumarket.lt\/lt\/produktas\/sienine-spintele-su-praplatinimais-didelemis-spintomis-ir-vieta-televizoriui-370-x-210-cm-sviesus-sonoma-lefkas-azuolas-taiga\/","title":{"rendered":"Sienin\u0117 spintel\u0117 su praplatinimais, didel\u0117s spintomis ir vieta televizoriui 370 \u00d7 210 cm Sonoma Jasna \/ D\u0105b Lefkas \u2013 TAIGA"},"content":{"rendered":"<p>TAJGA sienin\u0117s spintel\u0117s, kurios matmenys 370 x 210 cm, dizainas pagr\u012fstas ai\u0161kiu spintel\u0117s konstrukcijos padalijimu ir praplatinim\u0173 naudojimu, leid\u017eian\u010diu logi\u0161kai i\u0161naudoti vis\u0105 sien\u0105. Toks i\u0161d\u0117stymas suteikia daug vietos daiktams susid\u0117ti, i\u0161laikant tvarking\u0105 ir skaidri\u0105 spintel\u0117s form\u0105.<br \/>\nKomplekt\u0105 sudaro dvi didel\u0117s spintos drabu\u017eiams ir didesniems daiktams laikyti. Jas papildo rakinamos spintel\u0117s ir lentynos, kurios palengvina ma\u017eesni\u0173 daikt\u0173 ir aksesuar\u0173 organizavim\u0105. Centrin\u0117je vietoje esanti vieta televizoriui ir multimedijos \u012frangai skland\u017eiai integruotos \u012f bendr\u0105 dizain\u0105.<br \/>\nPrailginimai yra i\u0161skirtinis TAJGA modelio bruo\u017eas, leid\u017eiantis pilnai i\u0161naudoti sienos auk\u0161t\u012f, padidinant \u012frenginio talp\u0105 nepa\u017eeid\u017eiant bendr\u0173 proporcij\u0173. D\u0117l to \u0161is \u012frenginys tinka patalpoms, kuriose labai svarbu maksimaliai i\u0161naudoti erdv\u0119, i\u0161laikant estetin\u0119 tvark\u0105.<br \/>\n\u0160viesaus Sonoma ir Lefko \u0105\u017euolo dekoro derinys suteikia sieninei spintelei subalansuot\u0105, klasikin\u012f charakter\u012f. \u0160viesi spalva vizualiai pary\u0161kina komplekt\u0105, o ry\u0161kus Lefko \u0105\u017euolo medienos ra\u0161tas pary\u0161kina baldo form\u0105 ir suteikia ry\u0161kesn\u012f vizualin\u012f akcent\u0105, papildant\u012f sant\u016br\u0173 interjero dizain\u0105.<\/p>\n<p>Kaip ir visus \u201ee-Meblast\u201c si\u016blomus sieninius blokus, TAJGA model\u012f galima pritaikyti pagal matmenis, spalvas, element\u0173 i\u0161d\u0117stym\u0105 ir furnit\u016br\u0105, tod\u0117l galite susikurti komplekt\u0105, pritaikyt\u0105 j\u016bs\u0173 individualiems poreikiams ir kambario dyd\u017eiui.<\/p>\n<p>K\u016bnas:<br \/>\nPort \u010ceri<br \/>\nTamsusis Sonoma<br \/>\n\u0160viesusis Sonoma<br \/>\nBalta<br \/>\nGrafito pilka<br \/>\nLaukinis \u0105\u017euolas<\/p>\n<p>Priekin\u0117 dalis:<br \/>\nPorto vy\u0161nia (MDF juostel\u0117)<br \/>\n\u0160viesus Sonoma (MDF juostel\u0117)<br \/>\nLefkos \u0105\u017euolas<br \/>\nDidysis \u0105\u017euolas<br \/>\nBalta<br \/>\nGrafito pilka<br \/>\nLaukinis \u0105\u017euolas<\/p>","protected":false},"excerpt":{"rendered":"<p>Matmenys:<br \/>\nPlotis: 370 cm<br \/>\nAuk\u0161tis: 210 cm<br \/>\nGylis: 53 cm<\/p>","protected":false},"featured_media":333958,"comment_status":"open","ping_status":"closed","template":"","meta":[],"product_brand":[],"product_cat":[9983,9857,2008],"product_tag":[],"class_list":{"0":"post-333841","1":"product","2":"type-product","3":"status-publish","4":"has-post-thumbnail","6":"product_cat-furniture-sets-room-sets-meblast","7":"product_cat-meblast","8":"product_cat-wall-units","10":"first","11":"instock","12":"shipping-taxable","13":"purchasable","14":"product-type-variable","15":"wvs-archive-product-wrapper"},"_links":{"self":[{"href":"https:\/\/baldumarket.lt\/lt\/wp-json\/wp\/v2\/product\/333841","targetHints":{"allow":["GET"]}}],"collection":[{"href":"https:\/\/baldumarket.lt\/lt\/wp-json\/wp\/v2\/product"}],"about":[{"href":"https:\/\/baldumarket.lt\/lt\/wp-json\/wp\/v2\/types\/product"}],"replies":[{"embeddable":true,"href":"https:\/\/baldumarket.lt\/lt\/wp-json\/wp\/v2\/comments?post=333841"}],"wp:featuredmedia":[{"embeddable":true,"href":"https:\/\/baldumarket.lt\/lt\/wp-json\/wp\/v2\/media\/333958"}],"wp:attachment":[{"href":"https:\/\/baldumarket.lt\/lt\/wp-json\/wp\/v2\/media?parent=333841"}],"wp:term":[{"taxonomy":"product_brand","embeddable":true,"href":"https:\/\/baldumarket.lt\/lt\/wp-json\/wp\/v2\/product_brand?post=333841"},{"taxonomy":"product_cat","embeddable":true,"href":"https:\/\/baldumarket.lt\/lt\/wp-json\/wp\/v2\/product_cat?post=333841"},{"taxonomy":"product_tag","embeddable":true,"href":"https:\/\/baldumarket.lt\/lt\/wp-json\/wp\/v2\/product_tag?post=333841"}],"curies":[{"name":"wp","href":"https:\/\/api.w.org\/{rel}","templated":true}]}}