{"id":333839,"date":"2026-03-07T00:15:46","date_gmt":"2026-03-06T21:15:46","guid":{"rendered":"https:\/\/baldumarket.lt\/?post_type=product&#038;p=333839"},"modified":"2026-03-30T10:23:57","modified_gmt":"2026-03-30T07:23:57","slug":"sienine-spintele-su-praplatinimais-didelemis-spintomis-ir-vieta-televizoriui-370-x-210-cm-sviesus-sonoma-naturalus-grand-azuolas-taiga","status":"publish","type":"product","link":"https:\/\/baldumarket.lt\/lt\/produktas\/sienine-spintele-su-praplatinimais-didelemis-spintomis-ir-vieta-televizoriui-370-x-210-cm-sviesus-sonoma-naturalus-grand-azuolas-taiga\/","title":{"rendered":"Sienin\u0117 spintel\u0117 su praplatinimais, didel\u0117s spintel\u0117s ir vieta televizoriui 370 \u00d7 210 cm Sonoma Jasna \/ D\u0105b Grand Naturalny \u2013 TAIGA"},"content":{"rendered":"<p>370 \u00d7 210 cm TAJGA modelis pabr\u0117\u017eia funkcional\u0173 visos sienos panaudojim\u0105, panaudojant praplatinimus ir dideles spinteles su ai\u0161kiai apibr\u0117\u017etomis daikt\u0173 laikymo funkcijomis. Toks i\u0161d\u0117stymas leid\u017eia organizuoti erdv\u0119 \u012f vien\u0105 darn\u0173 vienet\u0105, i\u0161laikant ai\u0161k\u0173 ir organizuot\u0105 i\u0161d\u0117stym\u0105.<\/p>\n<p>Komplekt\u0105 sudaro dvi didel\u0117s spintel\u0117s drabu\u017eiams ir didesniems daiktams laikyti, taip pat rakinamos spintel\u0117s ir lentynos, kurios palengvina ma\u017eesni\u0173 daikt\u0173 organizavim\u0105. Centrin\u0117 sienin\u0117s spintel\u0117s dalis sukurta kaip televizoriaus staliukas su vieta multimedijos \u012frangai, integruota \u012f bendr\u0105 i\u0161planavim\u0105, neu\u017ego\u017eiant kit\u0173 element\u0173.<\/p>\n<p>Svarbus dizaino elementas \u2013 prailginimai, kurie padidina sienin\u0117s spintel\u0117s talp\u0105 ir leid\u017eia pilnai i\u0161naudoti kambario auk\u0161t\u012f. D\u0117l to TAJGA tinka patalpoms, kur labai svarbu maksimaliai i\u0161naudoti turim\u0105 erdv\u0119, i\u0161laikant tvarking\u0105 i\u0161vaizd\u0105.<\/p>\n<p>\u0160viesaus Sonoma ir nat\u016bralaus Grand Oak dekoro derinys suteikia sieninei spintelei ram\u0173, nat\u016bral\u0173 charakter\u012f. \u0160viesi spalva pary\u0161kina komplekto form\u0105, o nat\u016brali Grand Natural Oak medienos tekst\u016bra pary\u0161kina jo form\u0105 ir sukuria i\u0161skirtin\u012f, ta\u010diau sant\u016br\u0173 vizualin\u012f akcent\u0105, puikiai tinkant\u012f sant\u016briems interjerams.<br \/>\nKaip ir visus \u201ee-Meblast\u201c si\u016blomus sieninius blokus, TAJGA model\u012f galima pritaikyti pagal matmenis, spalvas, element\u0173 i\u0161d\u0117stym\u0105 ir furnit\u016br\u0105, tod\u0117l galite susikurti komplekt\u0105, atitinkant\u012f j\u016bs\u0173 individualius poreikius ir kambario dyd\u012f.<\/p>\n<p>K\u016bnas:<br \/>\nPort \u010ceri<br \/>\nTamsusis Sonoma<br \/>\n\u0160viesusis Sonoma<br \/>\nBalta<br \/>\nGrafito pilka<br \/>\nLaukinis \u0105\u017euolas<\/p>\n<p>Priekin\u0117 dalis:<br \/>\nPorto vy\u0161nia (MDF juostel\u0117)<br \/>\n\u0160viesus Sonoma (MDF juostel\u0117)<br \/>\nLefkos \u0105\u017euolas<br \/>\nDidysis \u0105\u017euolas<br \/>\nBalta<br \/>\nGrafito pilka<br \/>\nLaukinis \u0105\u017euolas<\/p>","protected":false},"excerpt":{"rendered":"<p>Matmenys:<br \/>\nPlotis: 370 cm<br \/>\nAuk\u0161tis: 210 cm<br \/>\nGylis: 53 cm<\/p>","protected":false},"featured_media":333951,"comment_status":"open","ping_status":"closed","template":"","meta":[],"product_brand":[],"product_cat":[9983,9857,2008],"product_tag":[],"class_list":{"0":"post-333839","1":"product","2":"type-product","3":"status-publish","4":"has-post-thumbnail","6":"product_cat-furniture-sets-room-sets-meblast","7":"product_cat-meblast","8":"product_cat-wall-units","10":"first","11":"instock","12":"shipping-taxable","13":"purchasable","14":"product-type-variable","15":"wvs-archive-product-wrapper"},"_links":{"self":[{"href":"https:\/\/baldumarket.lt\/lt\/wp-json\/wp\/v2\/product\/333839","targetHints":{"allow":["GET"]}}],"collection":[{"href":"https:\/\/baldumarket.lt\/lt\/wp-json\/wp\/v2\/product"}],"about":[{"href":"https:\/\/baldumarket.lt\/lt\/wp-json\/wp\/v2\/types\/product"}],"replies":[{"embeddable":true,"href":"https:\/\/baldumarket.lt\/lt\/wp-json\/wp\/v2\/comments?post=333839"}],"wp:featuredmedia":[{"embeddable":true,"href":"https:\/\/baldumarket.lt\/lt\/wp-json\/wp\/v2\/media\/333951"}],"wp:attachment":[{"href":"https:\/\/baldumarket.lt\/lt\/wp-json\/wp\/v2\/media?parent=333839"}],"wp:term":[{"taxonomy":"product_brand","embeddable":true,"href":"https:\/\/baldumarket.lt\/lt\/wp-json\/wp\/v2\/product_brand?post=333839"},{"taxonomy":"product_cat","embeddable":true,"href":"https:\/\/baldumarket.lt\/lt\/wp-json\/wp\/v2\/product_cat?post=333839"},{"taxonomy":"product_tag","embeddable":true,"href":"https:\/\/baldumarket.lt\/lt\/wp-json\/wp\/v2\/product_tag?post=333839"}],"curies":[{"name":"wp","href":"https:\/\/api.w.org\/{rel}","templated":true}]}}