{"id":333816,"date":"2026-03-07T00:15:04","date_gmt":"2026-03-06T21:15:04","guid":{"rendered":"https:\/\/baldumarket.lt\/?post_type=product&#038;p=333816"},"modified":"2026-03-30T10:23:57","modified_gmt":"2026-03-30T07:23:57","slug":"sienine-spintele-su-praplatinimais-didelemis-spintomis-ir-vieta-televizoriui-370-x-210-cm-porto-cherry-taiga","status":"publish","type":"product","link":"https:\/\/baldumarket.lt\/lt\/produktas\/sienine-spintele-su-praplatinimais-didelemis-spintomis-ir-vieta-televizoriui-370-x-210-cm-porto-cherry-taiga\/","title":{"rendered":"Sienin\u0117 spintel\u0117 su praplatinimais, didel\u0117s spintel\u0117s ir vieta televizoriui 370 \u00d7 210 cm Wi\u015bnia Porto \u2013 TAIGA"},"content":{"rendered":"<p>370 x 210 cm dyd\u017eio TAJGA modelyje labai svarbus ai\u0161kus i\u0161planavimas, pagr\u012fstas didel\u0117mis spintomis ir priestatais, leid\u017eian\u010diais pilnai i\u0161naudoti turim\u0105 sien\u0173 erdv\u0119. Toks dizainas skatina tvark\u0105 ir suteikia daug vietos daiktams susid\u0117ti be pernelyg didel\u0117s vizualin\u0117s netvarkos.<br \/>\nKomplekt\u0105 sudaro dvi didel\u0117s spintos drabu\u017eiams ir didesniems daiktams laikyti, taip pat rakinamos spintel\u0117s ir lentynos ma\u017eesniems daiktams susid\u0117ti. Centrin\u0117je dalyje yra vietos televizoriui ir multimedijos \u012frangai, vizualiai nepastebimai integruotai \u012f bendr\u0105 i\u0161planavim\u0105.<br \/>\nPrapl\u0117timai sutvarko vir\u0161utin\u0119 sienin\u0117s spintel\u0117s dal\u012f ir padidina jos talp\u0105, leisdami efektyviai i\u0161naudoti kambario auk\u0161t\u012f. D\u0117l to TAJGA tinka ten, kur labai svarbu maksimaliai i\u0161naudoti erdv\u0119, i\u0161laikant ai\u0161ki\u0105 form\u0105.<br \/>\n\u201ePorto Cherry\u201c spalva suteikia sieninei spintelei \u0161ilt\u0105, klasikin\u012f charakter\u012f. Tamsesn\u0117 medienos tekst\u016bra pary\u0161kina komplekto form\u0105 ir papildo tradicin\u012f bei sant\u016br\u0173 interjer\u0105, kuriame svarbiausia subalansuota, rafinuota i\u0161vaizda. Kaip ir visas \u201ee-Meblast\u201c si\u016blomas sienines spinteles, TAJGA model\u012f galima pritaikyti pagal matmenis, spalvas, element\u0173 i\u0161d\u0117stym\u0105 ir naudojamus elementus, tod\u0117l galite susikurti komplekt\u0105, atitinkant\u012f individualius poreikius ir kambario dyd\u012f.<\/p>\n<p>K\u016bnas:<br \/>\nPort \u010ceri<br \/>\nTamsusis Sonoma<br \/>\n\u0160viesusis Sonoma<br \/>\nBalta<br \/>\nGrafito pilka<br \/>\nLaukinis \u0105\u017euolas<\/p>\n<p>Priekin\u0117 dalis:<br \/>\nPorto vy\u0161nia (MDF juostel\u0117)<br \/>\n\u0160viesus Sonoma (MDF juostel\u0117)<br \/>\nLefkos \u0105\u017euolas<br \/>\nDidysis \u0105\u017euolas<br \/>\nBalta<br \/>\nGrafito pilka<br \/>\nLaukinis \u0105\u017euolas<\/p>","protected":false},"excerpt":{"rendered":"<p>Matmenys:<br \/>\nPlotis: 370 cm<br \/>\nAuk\u0161tis: 210 cm<br \/>\nGylis: 53 cm<\/p>","protected":false},"featured_media":333938,"comment_status":"open","ping_status":"closed","template":"","meta":[],"product_brand":[],"product_cat":[9983,9857,2008],"product_tag":[],"class_list":{"0":"post-333816","1":"product","2":"type-product","3":"status-publish","4":"has-post-thumbnail","6":"product_cat-furniture-sets-room-sets-meblast","7":"product_cat-meblast","8":"product_cat-wall-units","10":"first","11":"instock","12":"shipping-taxable","13":"purchasable","14":"product-type-variable","15":"wvs-archive-product-wrapper"},"_links":{"self":[{"href":"https:\/\/baldumarket.lt\/lt\/wp-json\/wp\/v2\/product\/333816","targetHints":{"allow":["GET"]}}],"collection":[{"href":"https:\/\/baldumarket.lt\/lt\/wp-json\/wp\/v2\/product"}],"about":[{"href":"https:\/\/baldumarket.lt\/lt\/wp-json\/wp\/v2\/types\/product"}],"replies":[{"embeddable":true,"href":"https:\/\/baldumarket.lt\/lt\/wp-json\/wp\/v2\/comments?post=333816"}],"wp:featuredmedia":[{"embeddable":true,"href":"https:\/\/baldumarket.lt\/lt\/wp-json\/wp\/v2\/media\/333938"}],"wp:attachment":[{"href":"https:\/\/baldumarket.lt\/lt\/wp-json\/wp\/v2\/media?parent=333816"}],"wp:term":[{"taxonomy":"product_brand","embeddable":true,"href":"https:\/\/baldumarket.lt\/lt\/wp-json\/wp\/v2\/product_brand?post=333816"},{"taxonomy":"product_cat","embeddable":true,"href":"https:\/\/baldumarket.lt\/lt\/wp-json\/wp\/v2\/product_cat?post=333816"},{"taxonomy":"product_tag","embeddable":true,"href":"https:\/\/baldumarket.lt\/lt\/wp-json\/wp\/v2\/product_tag?post=333816"}],"curies":[{"name":"wp","href":"https:\/\/api.w.org\/{rel}","templated":true}]}}