{"id":333814,"date":"2026-03-07T00:15:00","date_gmt":"2026-03-06T21:15:00","guid":{"rendered":"https:\/\/baldumarket.lt\/?post_type=product&#038;p=333814"},"modified":"2026-03-25T16:51:11","modified_gmt":"2026-03-25T13:51:11","slug":"labai-erdvi-televizoriaus-sienine-spintele-su-spinta-405-x-210-cm-porto-cherry-lena","status":"publish","type":"product","link":"https:\/\/baldumarket.lt\/lt\/produktas\/labai-erdvi-televizoriaus-sienine-spintele-su-spinta-405-x-210-cm-porto-cherry-lena\/","title":{"rendered":"Labai erdvi televizoriaus sienin\u0117 spintel\u0117 su spinta 405 \u00d7 210 cm Wi\u015bnia Porto \u2013 LENA"},"content":{"rendered":"<p>405 x 210 cm dyd\u017eio LENA sienin\u0117 spintel\u0117 buvo sukurta kaip universali sienin\u0117 spintel\u0117, kurioje sujungtas televizoriaus staliukas su daugybe vietos daiktams susid\u0117ti. \u0160ios spintel\u0117s i\u0161planavimas puikiai tinka gyvenamosioms erdv\u0117ms, kuriose labai svarbu drabu\u017eius, aksesuarus ir multimedijos prietaisus tvarkingai laikyti viename darniame vienete.<\/p>\n<p>Komplekt\u0105 sudaro erdvi spinta su pakaba ir lentyna, taip pat spintos kolona su penkiomis lentynomis, skirtomis logi\u0161kai susid\u0117ti drabu\u017eius, tekstil\u0119 ir aksesuarus. Centrin\u0117 sienin\u0117s spintel\u0117s dalis sukurta kaip ai\u0161kiai organizuota televizoriaus zona su didele ni\u0161a televizoriui ir multimedijos spintelei. Apatiniai stal\u010diai suteikia papildomos vietos kasdieniams daiktams laikyti.<\/p>\n<p>Vis\u0105 blok\u0105 papildo rakinamos spintel\u0117s ir vitrinos, leid\u017eian\u010dios ai\u0161kiai atskirti ekspozicijos erdv\u0119 nuo sand\u0117liavimo erdv\u0117s. Atviras pasirinkt\u0173 ni\u0161\u0173 i\u0161d\u0117stymas leid\u017eia eksponuoti dekoracijas, knygas ar televizijos \u012frang\u0105, i\u0161laikant tvark\u0105 ir darn\u0105. \u201ePorto Cherry\u201c spalva suteikia sieninei spintelei i\u0161skirtinesn\u012f, klasikin\u012f charakter\u012f. Tamsesn\u0117 medienos tekst\u016bra pary\u0161kina komplekto form\u0105 ir papildo tradicin\u012f bei eleganti\u0161k\u0105 interjer\u0105, kuriame svarbiausia yra vizualinis stabilumas ir \u0161iltas poj\u016btis. Kaip ir visas \u201ee-Meblast\u201c si\u016blomas sienines spinteles, LENA model\u012f galima pritaikyti pagal matmenis, spalvas, element\u0173 i\u0161d\u0117stym\u0105 ir furnit\u016br\u0105, tod\u0117l galite susikurti komplekt\u0105, atitinkant\u012f j\u016bs\u0173 individualius poreikius ir kambario dyd\u012f.<\/p>\n<p>K\u016bnas:<br \/>\nTamsusis Sonoma<br \/>\n\u0160viesusis Sonoma<br \/>\nPort \u010ceri<br \/>\nBalta<br \/>\nLanceloto \u0105\u017euolas<br \/>\nKa\u0161myro sm\u0117lio spalvos<\/p>\n<p>Priekin\u0117 dalis:<br \/>\nTamsus Sonoma (MDF juostel\u0117)<br \/>\n\u0160viesus Sonoma (MDF juostel\u0117)<br \/>\nOkapi rie\u0161utmedis (MDF juostel\u0117s)<br \/>\nKaramel\u0117s spalvos \u0105\u017euolas (MDF juostel\u0117s)<br \/>\nVotano \u0105\u017euolas<br \/>\nBalta<br \/>\nLanceloto \u0105\u017euolas<br \/>\nKa\u0161myro sm\u0117lio spalvos<br \/>\nHalifakso \u0105\u017euolas<\/p>","protected":false},"excerpt":{"rendered":"<p>Matmenys:<br \/>\nPlotis: 405 cm<br \/>\nAuk\u0161tis: 210 cm<br \/>\nGylis: 53 cm<\/p>","protected":false},"featured_media":333931,"comment_status":"open","ping_status":"closed","template":"","meta":[],"product_brand":[],"product_cat":[9983,9857,2008],"product_tag":[],"class_list":{"0":"post-333814","1":"product","2":"type-product","3":"status-publish","4":"has-post-thumbnail","6":"product_cat-furniture-sets-room-sets-meblast","7":"product_cat-meblast","8":"product_cat-wall-units","10":"first","11":"instock","12":"shipping-taxable","13":"purchasable","14":"product-type-variable","15":"wvs-archive-product-wrapper"},"_links":{"self":[{"href":"https:\/\/baldumarket.lt\/lt\/wp-json\/wp\/v2\/product\/333814","targetHints":{"allow":["GET"]}}],"collection":[{"href":"https:\/\/baldumarket.lt\/lt\/wp-json\/wp\/v2\/product"}],"about":[{"href":"https:\/\/baldumarket.lt\/lt\/wp-json\/wp\/v2\/types\/product"}],"replies":[{"embeddable":true,"href":"https:\/\/baldumarket.lt\/lt\/wp-json\/wp\/v2\/comments?post=333814"}],"wp:featuredmedia":[{"embeddable":true,"href":"https:\/\/baldumarket.lt\/lt\/wp-json\/wp\/v2\/media\/333931"}],"wp:attachment":[{"href":"https:\/\/baldumarket.lt\/lt\/wp-json\/wp\/v2\/media?parent=333814"}],"wp:term":[{"taxonomy":"product_brand","embeddable":true,"href":"https:\/\/baldumarket.lt\/lt\/wp-json\/wp\/v2\/product_brand?post=333814"},{"taxonomy":"product_cat","embeddable":true,"href":"https:\/\/baldumarket.lt\/lt\/wp-json\/wp\/v2\/product_cat?post=333814"},{"taxonomy":"product_tag","embeddable":true,"href":"https:\/\/baldumarket.lt\/lt\/wp-json\/wp\/v2\/product_tag?post=333814"}],"curies":[{"name":"wp","href":"https:\/\/api.w.org\/{rel}","templated":true}]}}