{"id":333812,"date":"2026-03-07T00:14:54","date_gmt":"2026-03-06T21:14:54","guid":{"rendered":"https:\/\/baldumarket.lt\/?post_type=product&#038;p=333812"},"modified":"2026-03-25T16:51:11","modified_gmt":"2026-03-25T13:51:11","slug":"labai-erdvi-televizoriaus-sienine-spintele-su-spinta-405-x-210-cm-lancelot-oak-lena","status":"publish","type":"product","link":"https:\/\/baldumarket.lt\/lt\/produktas\/labai-erdvi-televizoriaus-sienine-spintele-su-spinta-405-x-210-cm-lancelot-oak-lena\/","title":{"rendered":"Labai erdvi televizoriaus sienin\u0117 spintel\u0117 su spinta 405 \u00d7 210 cm, Dab Lancelot \u2013 LENA"},"content":{"rendered":"<p>LENA modelis, kurio matmenys 405 x 210 cm, yra erdvi sienin\u0117 spintel\u0117, sukurta kaip visavert\u0117 sienin\u0117 spintel\u0117, kurioje dera televizoriaus funkcija ir daug vietos daiktams laikyti. Toks i\u0161d\u0117stymas leid\u017eia tvarkingai susid\u0117ti drabu\u017eius, aksesuarus ir multimedijos \u012frang\u0105 viename darniame svetain\u0117s balde.<\/p>\n<p>Komplekt\u0105 sudaro labai erdvi spinta su pakaba ir lentyna, taip pat spintos kolona su penkiomis lentynomis, skirtomis logi\u0161kai susitvarkyti drabu\u017eius, tekstil\u0119 ir aksesuarus. Centrin\u0117 sienin\u0117s spintel\u0117s dalis sukurta kaip funkcionali televizoriaus zona su didele ni\u0161a televizoriui ir multimedijos spintelei. Apatin\u0117je dalyje esantys stal\u010diai suteikia papildomos vietos kasdieniams daiktams laikyti.<\/p>\n<p>Spintel\u0119 papildo rakinamos spintel\u0117s ir vitrinos, kurios ai\u0161kiai atskiria daikt\u0173 laikymo erdv\u0119 nuo ekspozicijos zonos. Atviras pasirinkt\u0173 ni\u0161\u0173 i\u0161d\u0117stymas leid\u017eia eksponuoti dekoracijas, knygas ar multimedijos \u012frang\u0105, i\u0161laikant tvark\u0105 ir darn\u0105 bendrame dizaine. \u201eLancelot Oak\u201c spalva suteikia \u0161iai sieninei spintelei nat\u016bral\u0173, ram\u0173 charakter\u012f. Med\u017eio ra\u0161tas \u0161iame dekore pabr\u0117\u017eia formos tvirtum\u0105 ir gerai dera su \u0161ilto, sant\u016braus stiliaus interjerais, kur svarbiausia yra funkcionalumo ir estetikos pusiausvyra.<br \/>\nKaip ir visus \u201ee-Meblast\u201c si\u016blomus sieninius blokus, LENA model\u012f galima pritaikyti pagal matmenis, spalvas, element\u0173 i\u0161d\u0117stym\u0105 ir furnit\u016br\u0105, tod\u0117l galite susikurti komplekt\u0105, atitinkant\u012f j\u016bs\u0173 individualius poreikius ir kambario dyd\u012f.<\/p>\n<p>K\u016bnas:<br \/>\nTamsusis Sonoma<br \/>\n\u0160viesusis Sonoma<br \/>\nPort \u010ceri<br \/>\nBalta<br \/>\nLanceloto \u0105\u017euolas<br \/>\nKa\u0161myro sm\u0117lio spalvos<\/p>\n<p>Priekin\u0117 dalis:<br \/>\nTamsus Sonoma (MDF juostel\u0117)<br \/>\n\u0160viesus Sonoma (MDF juostel\u0117)<br \/>\nOkapi rie\u0161utmedis (MDF juostel\u0117s)<br \/>\nKaramel\u0117s spalvos \u0105\u017euolas (MDF juostel\u0117s)<br \/>\nVotano \u0105\u017euolas<br \/>\nBalta<br \/>\nLanceloto \u0105\u017euolas<br \/>\nKa\u0161myro sm\u0117lio spalvos<br \/>\nHalifakso \u0105\u017euolas<\/p>","protected":false},"excerpt":{"rendered":"<p>Matmenys:<br \/>\nPlotis: 405 cm<br \/>\nAuk\u0161tis: 210 cm<br \/>\nGylis: 53 cm<\/p>","protected":false},"featured_media":333924,"comment_status":"open","ping_status":"closed","template":"","meta":[],"product_brand":[],"product_cat":[9983,9857,2008],"product_tag":[],"class_list":{"0":"post-333812","1":"product","2":"type-product","3":"status-publish","4":"has-post-thumbnail","6":"product_cat-furniture-sets-room-sets-meblast","7":"product_cat-meblast","8":"product_cat-wall-units","10":"first","11":"instock","12":"shipping-taxable","13":"purchasable","14":"product-type-variable","15":"wvs-archive-product-wrapper"},"_links":{"self":[{"href":"https:\/\/baldumarket.lt\/lt\/wp-json\/wp\/v2\/product\/333812","targetHints":{"allow":["GET"]}}],"collection":[{"href":"https:\/\/baldumarket.lt\/lt\/wp-json\/wp\/v2\/product"}],"about":[{"href":"https:\/\/baldumarket.lt\/lt\/wp-json\/wp\/v2\/types\/product"}],"replies":[{"embeddable":true,"href":"https:\/\/baldumarket.lt\/lt\/wp-json\/wp\/v2\/comments?post=333812"}],"wp:featuredmedia":[{"embeddable":true,"href":"https:\/\/baldumarket.lt\/lt\/wp-json\/wp\/v2\/media\/333924"}],"wp:attachment":[{"href":"https:\/\/baldumarket.lt\/lt\/wp-json\/wp\/v2\/media?parent=333812"}],"wp:term":[{"taxonomy":"product_brand","embeddable":true,"href":"https:\/\/baldumarket.lt\/lt\/wp-json\/wp\/v2\/product_brand?post=333812"},{"taxonomy":"product_cat","embeddable":true,"href":"https:\/\/baldumarket.lt\/lt\/wp-json\/wp\/v2\/product_cat?post=333812"},{"taxonomy":"product_tag","embeddable":true,"href":"https:\/\/baldumarket.lt\/lt\/wp-json\/wp\/v2\/product_tag?post=333812"}],"curies":[{"name":"wp","href":"https:\/\/api.w.org\/{rel}","templated":true}]}}