{"id":333785,"date":"2026-03-07T00:14:08","date_gmt":"2026-03-06T21:14:08","guid":{"rendered":"https:\/\/baldumarket.lt\/?post_type=product&#038;p=333785"},"modified":"2026-03-30T10:23:57","modified_gmt":"2026-03-30T07:23:57","slug":"sienine-spintele-su-praplatinimais-didelemis-spintomis-ir-vieta-televizoriui-370-x-210-cm-wild-oak-taiga","status":"publish","type":"product","link":"https:\/\/baldumarket.lt\/lt\/produktas\/sienine-spintele-su-praplatinimais-didelemis-spintomis-ir-vieta-televizoriui-370-x-210-cm-wild-oak-taiga\/","title":{"rendered":"Sienin\u0117 spintel\u0117 su praplatinimais, didel\u0117s spintel\u0117s ir vieta televizoriui 370 \u00d7 210 cm, D\u0105b Dziki \u2013 TAIGA"},"content":{"rendered":"<p>370 x 210 cm dyd\u017eio TAJGA sienin\u0117 spintel\u0117 suprojektuota su didel\u0117mis spintomis ir praplatinimais, kurie sutvarko erdv\u0119 ir leid\u017eia pilnai i\u0161naudoti turim\u0105 sien\u0173 plot\u0105. Toks i\u0161d\u0117stymas skatina tvark\u0105 kambaryje ir leid\u017eia laikyti kelis daiktus viename darniame komplekte.<br \/>\nKomplekt\u0105 sudaro dvi erdvios spintos drabu\u017eiams ir didesniems daiktams laikyti, taip pat rakinamos spintel\u0117s ir lentynos, kurios palengvina ma\u017eesni\u0173 aksesuar\u0173 organizavim\u0105. Centrin\u0117je sienin\u0117s spintel\u0117s dalyje yra vietos televizoriui ir multimedijos \u012frangai, harmoningai integruotos \u012f bendr\u0105 i\u0161planavim\u0105.<br \/>\nPrapl\u0117timai atlieka labai svarb\u0173 vaidmen\u012f organizuojant vir\u0161utin\u0119 sienin\u0117s spintel\u0117s dal\u012f, padidinant jos talp\u0105 ir leid\u017eiant geriau i\u0161naudoti kambario auk\u0161t\u012f. D\u0117l to TAJGA tinka ten, kur svarbu efektyviai i\u0161naudoti erdv\u0119 be per didel\u0117s \u012fmontuotos erdv\u0117s.<br \/>\nLaukinio \u0105\u017euolo apdaila suteikia sieninei spintelei i\u0161skirtin\u012f, nat\u016bral\u0173 charakter\u012f. Ry\u0161kus medienos ra\u0161tas pary\u0161kina komplekto form\u0105 ir suteikia interjerui ry\u0161kesn\u012f med\u017eiagin\u012f akcent\u0105, gerai derant\u012f prie gamtos \u012fkv\u0117pto dizaino ir grie\u017etesni\u0173 interjer\u0173. Kaip ir visas \u201ee-Meblast\u201c si\u016blomas sienines spinteles, TAJGA model\u012f galima pritaikyti pagal matmenis, spalvas, element\u0173 i\u0161d\u0117stym\u0105 ir furnit\u016br\u0105, tod\u0117l galite susikurti komplekt\u0105, atitinkant\u012f j\u016bs\u0173 individualius poreikius ir kambario dyd\u012f.<\/p>\n<p>K\u016bnas:<br \/>\nPort \u010ceri<br \/>\nTamsusis Sonoma<br \/>\n\u0160viesusis Sonoma<br \/>\nBalta<br \/>\nGrafito pilka<br \/>\nLaukinis \u0105\u017euolas<\/p>\n<p>Priekin\u0117 dalis:<br \/>\nPorto vy\u0161nia (MDF juostel\u0117)<br \/>\n\u0160viesus Sonoma (MDF juostel\u0117)<br \/>\nLefkos \u0105\u017euolas<br \/>\nDidysis \u0105\u017euolas<br \/>\nBalta<br \/>\nGrafito pilka<br \/>\nLaukinis \u0105\u017euolas<\/p>","protected":false},"excerpt":{"rendered":"<p>Matmenys:<br \/>\nPlotis: 370 cm<br \/>\nAuk\u0161tis: 210 cm<br \/>\nGylis: 53 cm<\/p>","protected":false},"featured_media":333898,"comment_status":"open","ping_status":"closed","template":"","meta":[],"product_brand":[],"product_cat":[9983,9857,2008],"product_tag":[],"class_list":{"0":"post-333785","1":"product","2":"type-product","3":"status-publish","4":"has-post-thumbnail","6":"product_cat-furniture-sets-room-sets-meblast","7":"product_cat-meblast","8":"product_cat-wall-units","10":"first","11":"instock","12":"shipping-taxable","13":"purchasable","14":"product-type-variable","15":"wvs-archive-product-wrapper"},"_links":{"self":[{"href":"https:\/\/baldumarket.lt\/lt\/wp-json\/wp\/v2\/product\/333785","targetHints":{"allow":["GET"]}}],"collection":[{"href":"https:\/\/baldumarket.lt\/lt\/wp-json\/wp\/v2\/product"}],"about":[{"href":"https:\/\/baldumarket.lt\/lt\/wp-json\/wp\/v2\/types\/product"}],"replies":[{"embeddable":true,"href":"https:\/\/baldumarket.lt\/lt\/wp-json\/wp\/v2\/comments?post=333785"}],"wp:featuredmedia":[{"embeddable":true,"href":"https:\/\/baldumarket.lt\/lt\/wp-json\/wp\/v2\/media\/333898"}],"wp:attachment":[{"href":"https:\/\/baldumarket.lt\/lt\/wp-json\/wp\/v2\/media?parent=333785"}],"wp:term":[{"taxonomy":"product_brand","embeddable":true,"href":"https:\/\/baldumarket.lt\/lt\/wp-json\/wp\/v2\/product_brand?post=333785"},{"taxonomy":"product_cat","embeddable":true,"href":"https:\/\/baldumarket.lt\/lt\/wp-json\/wp\/v2\/product_cat?post=333785"},{"taxonomy":"product_tag","embeddable":true,"href":"https:\/\/baldumarket.lt\/lt\/wp-json\/wp\/v2\/product_tag?post=333785"}],"curies":[{"name":"wp","href":"https:\/\/api.w.org\/{rel}","templated":true}]}}