{"id":333759,"date":"2026-03-07T00:13:18","date_gmt":"2026-03-06T21:13:18","guid":{"rendered":"https:\/\/baldumarket.lt\/?post_type=product&#038;p=333759"},"modified":"2026-03-25T16:50:56","modified_gmt":"2026-03-25T13:50:56","slug":"labai-erdvi-televizoriaus-sienine-spintele-su-spinta-405-x-210-cm-tamsus-sonoma-wotan-azuolas-lena","status":"publish","type":"product","link":"https:\/\/baldumarket.lt\/lt\/produktas\/labai-erdvi-televizoriaus-sienine-spintele-su-spinta-405-x-210-cm-tamsus-sonoma-wotan-azuolas-lena\/","title":{"rendered":"Labai erdvi televizoriaus sienin\u0117 spintel\u0117 su spinta 405 \u00d7 210 cm, Sonoma Ciemna \/ D\u0105b Wotan \u2013 LENA"},"content":{"rendered":"<p>405 cm plo\u010dio ir 210 cm auk\u0161\u010dio spintel\u0117 buvo sukurta kaip vientisas, darnus sprendimas interjerams, kuriems b\u016btina daug vietos daiktams susid\u0117ti ir ai\u0161kiai i\u0161d\u0117styta multimedijos zona. LENA sienin\u0117 spintel\u0117 sujungia televizoriaus staliuk\u0105 su erdvia drabu\u017ei\u0173 spinta, tod\u0117l drabu\u017eius, elektronik\u0105 ir kasdienius daiktus galite susitvarkyti viename spintoje.<br \/>\nCentrin\u0117je spintel\u0117s dalyje yra televizoriaus staliukas su didele ni\u0161a televizoriui ir erdviais stal\u010diais patogiam multimedijos pried\u0173 laikymui. \u0160alia jo yra labai erdvi spinta su pakaba ir lentyna, u\u017etikrinan\u010dia funkcional\u0173 drabu\u017ei\u0173 organizavim\u0105.<br \/>\nPrietais\u0105 papildo papildomi moduliai su u\u017erakinamomis erdv\u0117mis ir atviromis ni\u0161omis, leid\u017eian\u010diomis logi\u0161kai suskirstyti daikt\u0173 laikymo ir eksponavimo vietas. Tai leid\u017eia tiek tvarkingai sutvarkyti kasdienius daiktus, tiek eksponuoti dekoracijas ar suvenyrus.<br \/>\nTamsaus Sonoma med\u017eio r\u0117mo ir Wotan \u0105\u017euolo fasad\u0173 derinys suteikia sieninei spintelei i\u0161skirtin\u012f, nat\u016bral\u0173 charakter\u012f. Ry\u0161ki medienos tekst\u016bra vizualiai su\u0161ildo form\u0105, o kontrastas su tamsesniu pagrindu suteikia strukt\u016bros ir skland\u017eiai dera prie sant\u016braus interjero dizaino.<\/p>\n<p>Kaip ir visus \u201ee-Meblast\u201c si\u016blomus sieninius blokus, LENA model\u012f galima pritaikyti pagal matmenis, spalvas, element\u0173 i\u0161d\u0117stym\u0105 ir furnit\u016br\u0105, tod\u0117l galite susikurti komplekt\u0105, pritaikyt\u0105 j\u016bs\u0173 individualiems poreikiams ir kambario dyd\u017eiui.<\/p>\n<p>K\u016bnas:<br \/>\nTamsusis Sonoma<br \/>\n\u0160viesusis Sonoma<br \/>\nPort \u010ceri<br \/>\nBalta<br \/>\nLanceloto \u0105\u017euolas<br \/>\nKa\u0161myro sm\u0117lio spalvos<\/p>\n<p>Priekin\u0117 dalis:<br \/>\nTamsus Sonoma (MDF juostel\u0117)<br \/>\n\u0160viesus Sonoma (MDF juostel\u0117)<br \/>\nOkapi rie\u0161utmedis (MDF juostel\u0117s)<br \/>\nKaramel\u0117s spalvos \u0105\u017euolas (MDF juostel\u0117s)<br \/>\nVotano \u0105\u017euolas<br \/>\nBalta<br \/>\nLanceloto \u0105\u017euolas<br \/>\nKa\u0161myro sm\u0117lio spalvos<br \/>\nHalifakso \u0105\u017euolas<\/p>","protected":false},"excerpt":{"rendered":"<p>Matmenys:<br \/>\nPlotis: 405 cm<br \/>\nAuk\u0161tis: 210 cm<br \/>\nGylis: 53 cm<\/p>","protected":false},"featured_media":333871,"comment_status":"open","ping_status":"closed","template":"","meta":[],"product_brand":[],"product_cat":[9983,9857,2008],"product_tag":[],"class_list":{"0":"post-333759","1":"product","2":"type-product","3":"status-publish","4":"has-post-thumbnail","6":"product_cat-furniture-sets-room-sets-meblast","7":"product_cat-meblast","8":"product_cat-wall-units","10":"first","11":"instock","12":"shipping-taxable","13":"purchasable","14":"product-type-variable","15":"wvs-archive-product-wrapper"},"_links":{"self":[{"href":"https:\/\/baldumarket.lt\/lt\/wp-json\/wp\/v2\/product\/333759","targetHints":{"allow":["GET"]}}],"collection":[{"href":"https:\/\/baldumarket.lt\/lt\/wp-json\/wp\/v2\/product"}],"about":[{"href":"https:\/\/baldumarket.lt\/lt\/wp-json\/wp\/v2\/types\/product"}],"replies":[{"embeddable":true,"href":"https:\/\/baldumarket.lt\/lt\/wp-json\/wp\/v2\/comments?post=333759"}],"wp:featuredmedia":[{"embeddable":true,"href":"https:\/\/baldumarket.lt\/lt\/wp-json\/wp\/v2\/media\/333871"}],"wp:attachment":[{"href":"https:\/\/baldumarket.lt\/lt\/wp-json\/wp\/v2\/media?parent=333759"}],"wp:term":[{"taxonomy":"product_brand","embeddable":true,"href":"https:\/\/baldumarket.lt\/lt\/wp-json\/wp\/v2\/product_brand?post=333759"},{"taxonomy":"product_cat","embeddable":true,"href":"https:\/\/baldumarket.lt\/lt\/wp-json\/wp\/v2\/product_cat?post=333759"},{"taxonomy":"product_tag","embeddable":true,"href":"https:\/\/baldumarket.lt\/lt\/wp-json\/wp\/v2\/product_tag?post=333759"}],"curies":[{"name":"wp","href":"https:\/\/api.w.org\/{rel}","templated":true}]}}