{"id":333737,"date":"2026-03-07T00:12:41","date_gmt":"2026-03-06T21:12:41","guid":{"rendered":"https:\/\/baldumarket.lt\/?post_type=product&#038;p=333737"},"modified":"2026-03-25T16:50:56","modified_gmt":"2026-03-25T13:50:56","slug":"labai-erdvi-televizoriaus-sienine-spintele-su-spinta-405-x-210-cm-sonoma-dark-sonoma-light-lena","status":"publish","type":"product","link":"https:\/\/baldumarket.lt\/lt\/produktas\/labai-erdvi-televizoriaus-sienine-spintele-su-spinta-405-x-210-cm-sonoma-dark-sonoma-light-lena\/","title":{"rendered":"Labai erdvi televizoriaus sienin\u0117 spintel\u0117 su spinta 405 \u00d7 210 cm Sonoma Ciemna \/ Sonoma Jasna \u2013 LENA"},"content":{"rendered":"<p>405 cm plo\u010dio ir 210 cm auk\u0161\u010dio spintel\u0117 sukuria i\u0161sam\u0173 i\u0161planavim\u0105, kuriame dera televizijos ir pramog\u0173 funkcijos bei daug vietos drabu\u017eiams ir kasdieniams daiktams laikyti. LENA sienin\u0117 spintel\u0117 buvo sukurta kaip vientisas, darnus sprendimas interjerams, kuriuose erdv\u0117 ir tvarka yra svarbiausi.<br \/>\nCentrin\u0117je komplekto dalyje yra televizoriaus staliukas su didele ni\u0161a televizoriui ir erdviais stal\u010diais, skirtais patogiai laikyti multimedijos priedus. \u0160alia jo yra labai erdvi spinta su pakaba ir lentyna, taip pat penki\u0173 lentyn\u0173 spintos kolona, skirta lengvai susitvarkyti drabu\u017eius, tekstil\u0119 ir aksesuarus.<br \/>\n\u0160\u012f \u012frengin\u012f papildo spintel\u0117s su ekspozicijos elementais, \u017eemyn atsidaran\u010diais atvartais ir u\u017edarais skyriais, kurie leid\u017eia logi\u0161kai atskirti laikymo ir ekspozicijos funkcijas. Atviras ni\u0161\u0173 i\u0161d\u0117stymas leid\u017eia eksponuoti dekoracijas, knygas ar suvenyrus be pertekliaus ar vizualin\u0117s netvarkos \u012fsp\u016bd\u017eio.<br \/>\nTamsiai sonoma ir \u0161viesiai sonoma spalv\u0173 derinys suteikia sieninei spintelei nat\u016bralumo ir pusiausvyros \u012fsp\u016bd\u012f. Med\u017eio atspalvi\u0173 kontrastas vizualiai sutvarko strukt\u016br\u0105 ir leid\u017eia spintelei dera tiek prie klasikini\u0173, tiek prie sant\u016braus gyvenam\u0173j\u0173 erdvi\u0173 i\u0161d\u0117stymo.<\/p>\n<p>Kaip ir visus \u201ee-Meblast\u201c si\u016blomus sieninius blokus, LENA model\u012f galima pritaikyti pagal matmenis, spalvas, element\u0173 i\u0161d\u0117stym\u0105 ir furnit\u016br\u0105, tod\u0117l galite susikurti komplekt\u0105, pritaikyt\u0105 j\u016bs\u0173 individualiems poreikiams ir kambario dyd\u017eiui.<\/p>\n<p>K\u016bnas:<br \/>\nTamsusis Sonoma<br \/>\n\u0160viesusis Sonoma<br \/>\nPort \u010ceri<br \/>\nBalta<br \/>\nLanceloto \u0105\u017euolas<br \/>\nKa\u0161myro sm\u0117lio spalvos<\/p>\n<p>Priekin\u0117 dalis:<br \/>\nTamsus Sonoma (MDF juostel\u0117)<br \/>\n\u0160viesus Sonoma (MDF juostel\u0117)<br \/>\nOkapi rie\u0161utmedis (MDF juostel\u0117s)<br \/>\nKaramel\u0117s spalvos \u0105\u017euolas (MDF juostel\u0117s)<br \/>\nVotano \u0105\u017euolas<br \/>\nBalta<br \/>\nLanceloto \u0105\u017euolas<br \/>\nKa\u0161myro sm\u0117lio spalvos<br \/>\nHalifakso \u0105\u017euolas<\/p>","protected":false},"excerpt":{"rendered":"<p>Matmenys:<br \/>\nPlotis: 405 cm<br \/>\nAuk\u0161tis: 210 cm<br \/>\nGylis: 53 cm<\/p>","protected":false},"featured_media":333858,"comment_status":"open","ping_status":"closed","template":"","meta":[],"product_brand":[],"product_cat":[9983,9857,2008],"product_tag":[],"class_list":{"0":"post-333737","1":"product","2":"type-product","3":"status-publish","4":"has-post-thumbnail","6":"product_cat-furniture-sets-room-sets-meblast","7":"product_cat-meblast","8":"product_cat-wall-units","10":"first","11":"instock","12":"shipping-taxable","13":"purchasable","14":"product-type-variable","15":"wvs-archive-product-wrapper"},"_links":{"self":[{"href":"https:\/\/baldumarket.lt\/lt\/wp-json\/wp\/v2\/product\/333737","targetHints":{"allow":["GET"]}}],"collection":[{"href":"https:\/\/baldumarket.lt\/lt\/wp-json\/wp\/v2\/product"}],"about":[{"href":"https:\/\/baldumarket.lt\/lt\/wp-json\/wp\/v2\/types\/product"}],"replies":[{"embeddable":true,"href":"https:\/\/baldumarket.lt\/lt\/wp-json\/wp\/v2\/comments?post=333737"}],"wp:featuredmedia":[{"embeddable":true,"href":"https:\/\/baldumarket.lt\/lt\/wp-json\/wp\/v2\/media\/333858"}],"wp:attachment":[{"href":"https:\/\/baldumarket.lt\/lt\/wp-json\/wp\/v2\/media?parent=333737"}],"wp:term":[{"taxonomy":"product_brand","embeddable":true,"href":"https:\/\/baldumarket.lt\/lt\/wp-json\/wp\/v2\/product_brand?post=333737"},{"taxonomy":"product_cat","embeddable":true,"href":"https:\/\/baldumarket.lt\/lt\/wp-json\/wp\/v2\/product_cat?post=333737"},{"taxonomy":"product_tag","embeddable":true,"href":"https:\/\/baldumarket.lt\/lt\/wp-json\/wp\/v2\/product_tag?post=333737"}],"curies":[{"name":"wp","href":"https:\/\/api.w.org\/{rel}","templated":true}]}}