{"id":333735,"date":"2026-03-07T00:12:38","date_gmt":"2026-03-06T21:12:38","guid":{"rendered":"https:\/\/baldumarket.lt\/?post_type=product&#038;p=333735"},"modified":"2026-03-25T16:50:56","modified_gmt":"2026-03-25T13:50:56","slug":"labai-erdvi-televizoriaus-sienine-spintele-su-spinta-405-x-210-cm-kasmyro-smelio-spalvos-lena","status":"publish","type":"product","link":"https:\/\/baldumarket.lt\/lt\/produktas\/labai-erdvi-televizoriaus-sienine-spintele-su-spinta-405-x-210-cm-kasmyro-smelio-spalvos-lena\/","title":{"rendered":"Labai erdvi televizoriaus sienin\u0117 spintel\u0117 su spinta 405 \u00d7 210 cm, Kaszmirowy Be\u017c \u2013 LENA"},"content":{"rendered":"<p>405 x 210 cm dyd\u017eio LENA sienin\u0117 spintel\u0117 buvo sukurta kaip funkcionali sienin\u0117 spintel\u0117, kurioje sujungta multimedijos zona su didele daikt\u0173 laikymo vieta. Toks i\u0161d\u0117stymas leid\u017eia tvarkingai susid\u0117ti drabu\u017eius, aksesuarus ir elektronik\u0105 viename spintoje, nereikalaujant papildom\u0173 bald\u0173.<\/p>\n<p>Komplekt\u0105 sudaro erdvi spinta su pakaba ir lentyna, taip pat spintos kolona su penkiomis lentynomis drabu\u017eiams, tekstilei ir aksesuarams susid\u0117ti. Centrin\u0117 sienin\u0117s spintel\u0117s dalis sukurta kaip ai\u0161kiai organizuota medijos zona su didele ni\u0161a televizoriui ir multimedijos spintelei. Apatin\u0117je dalyje esantys stal\u010diai suteikia papildomos vietos kasdieniams daiktams.<\/p>\n<p>Vis\u0105 spintel\u0119 papildo rakinamos spintel\u0117s ir vitrinos, kurios logi\u0161kai atskiria daikt\u0173 laikymo viet\u0105 nuo ekspozicijos zonos. Atviras pasirinkt\u0173 ni\u0161\u0173 i\u0161d\u0117stymas leid\u017eia eksponuoti dekoracijas, knygas ar elektronik\u0105, i\u0161laikant viso bloko tvark\u0105 ir darn\u0105. Ka\u0161myro sm\u0117lio spalva suteikia sieninei spintelei ram\u0173, eleganti\u0161k\u0105 charakter\u012f. Subtilus, \u0161iltas atspalvis suteikia interjerui vizualin\u0119 pusiausvyr\u0105 ir sud\u0117tingai formai subtil\u0173 bei lengv\u0105 vaizd\u0105, gerai derant\u012f tiek prie modernaus, tiek prie klasikinio interjero.<br \/>\nKaip ir visus \u201ee-Meblast\u201c si\u016blomus sieninius blokus, LENA model\u012f galima pritaikyti pagal matmenis, spalvas, element\u0173 i\u0161d\u0117stym\u0105 ir furnit\u016br\u0105, tod\u0117l galite susikurti komplekt\u0105, atitinkant\u012f j\u016bs\u0173 individualius poreikius ir kambario dyd\u012f.<\/p>\n<p>K\u016bnas:<br \/>\nTamsusis Sonoma<br \/>\n\u0160viesusis Sonoma<br \/>\nPort \u010ceri<br \/>\nBalta<br \/>\nLanceloto \u0105\u017euolas<br \/>\nKa\u0161myro sm\u0117lio spalvos<\/p>\n<p>Priekin\u0117 dalis:<br \/>\nTamsus Sonoma (MDF juostel\u0117)<br \/>\n\u0160viesus Sonoma (MDF juostel\u0117)<br \/>\nOkapi rie\u0161utmedis (MDF juostel\u0117s)<br \/>\nKaramel\u0117s spalvos \u0105\u017euolas (MDF juostel\u0117s)<br \/>\nVotano \u0105\u017euolas<br \/>\nBalta<br \/>\nLanceloto \u0105\u017euolas<br \/>\nKa\u0161myro sm\u0117lio spalvos<br \/>\nHalifakso \u0105\u017euolas<\/p>","protected":false},"excerpt":{"rendered":"<p>Matmenys:<br \/>\nPlotis: 405 cm<br \/>\nAuk\u0161tis: 210 cm<br \/>\nGylis: 53 cm<\/p>","protected":false},"featured_media":333851,"comment_status":"open","ping_status":"closed","template":"","meta":[],"product_brand":[],"product_cat":[9983,9857,2008],"product_tag":[],"class_list":{"0":"post-333735","1":"product","2":"type-product","3":"status-publish","4":"has-post-thumbnail","6":"product_cat-furniture-sets-room-sets-meblast","7":"product_cat-meblast","8":"product_cat-wall-units","10":"first","11":"instock","12":"shipping-taxable","13":"purchasable","14":"product-type-variable","15":"wvs-archive-product-wrapper"},"_links":{"self":[{"href":"https:\/\/baldumarket.lt\/lt\/wp-json\/wp\/v2\/product\/333735","targetHints":{"allow":["GET"]}}],"collection":[{"href":"https:\/\/baldumarket.lt\/lt\/wp-json\/wp\/v2\/product"}],"about":[{"href":"https:\/\/baldumarket.lt\/lt\/wp-json\/wp\/v2\/types\/product"}],"replies":[{"embeddable":true,"href":"https:\/\/baldumarket.lt\/lt\/wp-json\/wp\/v2\/comments?post=333735"}],"wp:featuredmedia":[{"embeddable":true,"href":"https:\/\/baldumarket.lt\/lt\/wp-json\/wp\/v2\/media\/333851"}],"wp:attachment":[{"href":"https:\/\/baldumarket.lt\/lt\/wp-json\/wp\/v2\/media?parent=333735"}],"wp:term":[{"taxonomy":"product_brand","embeddable":true,"href":"https:\/\/baldumarket.lt\/lt\/wp-json\/wp\/v2\/product_brand?post=333735"},{"taxonomy":"product_cat","embeddable":true,"href":"https:\/\/baldumarket.lt\/lt\/wp-json\/wp\/v2\/product_cat?post=333735"},{"taxonomy":"product_tag","embeddable":true,"href":"https:\/\/baldumarket.lt\/lt\/wp-json\/wp\/v2\/product_tag?post=333735"}],"curies":[{"name":"wp","href":"https:\/\/api.w.org\/{rel}","templated":true}]}}