{"id":333733,"date":"2026-03-07T00:12:33","date_gmt":"2026-03-06T21:12:33","guid":{"rendered":"https:\/\/baldumarket.lt\/?post_type=product&#038;p=333733"},"modified":"2026-03-24T13:18:50","modified_gmt":"2026-03-24T10:18:50","slug":"sienine-spintele-su-baru-ir-spinta-televizorius-400-x-210-cm-azuolas-lancelot-cyklon","status":"publish","type":"product","link":"https:\/\/baldumarket.lt\/lt\/product\/sienine-spintele-su-baru-ir-spinta-televizorius-400-x-210-cm-azuolas-lancelot-cyklon\/","title":{"rendered":"Sienin\u0117 spintel\u0117 su baru ir spinta, televizorius 400 \u00d7 210 cm, D\u0105b Lancelot \u2013 CYKLON"},"content":{"rendered":"<p>\u0160is komplektas puikiai tinka erdv\u0117ms, kurioms reikia daug vietos daiktams susid\u0117ti ir ai\u0161kios multimedijos erdv\u0117s. 400 x 210 cm dyd\u017eio sienin\u0117 spintel\u0117 CYKLON sukuria i\u0161sam\u0173, ta\u010diau tvarking\u0105 vienet\u0105, leid\u017eiant\u012f sujungti visas svarbiausias funkcijas viename bloke.<\/p>\n<p>Sienin\u0117je spintel\u0117je yra erdvi spinta, daugyb\u0117 rakinam\u0173 spinteli\u0173, atviros lentynos ir baras, kurie yra prakti\u0161kas visos sistemos papildymas. Centrin\u0117 dalis su vieta televizoriui leid\u017eia patogiai eksponuoti elektronik\u0105, o logi\u0161kas moduli\u0173 i\u0161d\u0117stymas palengvina estetin\u012f pried\u0173 ir multimedijos element\u0173 organizavim\u0105.<\/p>\n<p>U\u017edaruose blokuose galima laikyti drabu\u017eius, dokumentus ir kasdienius daiktus, o lentynose ir ni\u0161ose \u2013 dekoracijas, knygas ar suvenyrus. Tai leid\u017eia CYKLON sieninei spintelei veikti kaip visavertei daikt\u0173 laikymo sistemai, nereikalaujant papildom\u0173 bald\u0173.<\/p>\n<p>\u0160viesi Sonoma spalva suteikia baldui neutral\u0173 ir \u0161vies\u0173 charakter\u012f, pa\u0161viesina erdv\u0119 ir palengvina jo integravim\u0105 \u012f \u012fvairius interjero dizainus. \u0160viesi med\u017eio apdaila sukuria darni\u0105 i\u0161vaizd\u0105 ir vizualiai neu\u017ego\u017eia kambario. Kaip ir visas \u201ee-Meblast\u201c si\u016blomas sienines spinteles, CYKLON model\u012f galima pritaikyti pagal matmenis, spalvas, element\u0173 i\u0161d\u0117stym\u0105 ir furnit\u016br\u0105, tod\u0117l galite susikurti komplekt\u0105, pritaikyt\u0105 j\u016bs\u0173 individualiems poreikiams ir kambario dyd\u017eiui.<\/p>\n<p>K\u016bnas:<br \/>\nTamsusis Sonoma<br \/>\n\u0160viesusis Sonoma<br \/>\nBalta<br \/>\nLanceloto \u0105\u017euolas<br \/>\nAlyvuotas \u0105\u017euolas<\/p>\n<p>Priekin\u0117 dalis:<br \/>\n\u0160viesus Sonoma (MDF juostel\u0117)<br \/>\nOkapi rie\u0161utmedis (MDF juostel\u0117s)<br \/>\nArtisan \u0105\u017euolas (MDF juostel\u0117s)<br \/>\nLefkos \u0105\u017euolas<br \/>\nBalta<br \/>\nLanceloto \u0105\u017euolas<br \/>\nAlyvuotas \u0105\u017euolas<br \/>\nKaselos \u0105\u017euolas<\/p>","protected":false},"excerpt":{"rendered":"<p>Matmenys:<br \/>\nPlotis: 400 cm<br \/>\nAuk\u0161tis: 210 cm<br \/>\nGylis: 53 cm<\/p>","protected":false},"featured_media":333844,"comment_status":"open","ping_status":"closed","template":"","meta":[],"product_brand":[],"product_cat":[9983,9857,2008],"product_tag":[],"class_list":{"0":"post-333733","1":"product","2":"type-product","3":"status-publish","4":"has-post-thumbnail","6":"product_cat-furniture-sets-room-sets-meblast","7":"product_cat-meblast","8":"product_cat-wall-units","10":"first","11":"instock","12":"shipping-taxable","13":"purchasable","14":"product-type-variable","15":"wvs-archive-product-wrapper"},"_links":{"self":[{"href":"https:\/\/baldumarket.lt\/lt\/wp-json\/wp\/v2\/product\/333733","targetHints":{"allow":["GET"]}}],"collection":[{"href":"https:\/\/baldumarket.lt\/lt\/wp-json\/wp\/v2\/product"}],"about":[{"href":"https:\/\/baldumarket.lt\/lt\/wp-json\/wp\/v2\/types\/product"}],"replies":[{"embeddable":true,"href":"https:\/\/baldumarket.lt\/lt\/wp-json\/wp\/v2\/comments?post=333733"}],"wp:featuredmedia":[{"embeddable":true,"href":"https:\/\/baldumarket.lt\/lt\/wp-json\/wp\/v2\/media\/333844"}],"wp:attachment":[{"href":"https:\/\/baldumarket.lt\/lt\/wp-json\/wp\/v2\/media?parent=333733"}],"wp:term":[{"taxonomy":"product_brand","embeddable":true,"href":"https:\/\/baldumarket.lt\/lt\/wp-json\/wp\/v2\/product_brand?post=333733"},{"taxonomy":"product_cat","embeddable":true,"href":"https:\/\/baldumarket.lt\/lt\/wp-json\/wp\/v2\/product_cat?post=333733"},{"taxonomy":"product_tag","embeddable":true,"href":"https:\/\/baldumarket.lt\/lt\/wp-json\/wp\/v2\/product_tag?post=333733"}],"curies":[{"name":"wp","href":"https:\/\/api.w.org\/{rel}","templated":true}]}}