{"id":333710,"date":"2026-03-07T00:11:56","date_gmt":"2026-03-06T21:11:56","guid":{"rendered":"https:\/\/baldumarket.lt\/?post_type=product&#038;p=333710"},"modified":"2026-03-24T13:18:50","modified_gmt":"2026-03-24T10:18:50","slug":"sienine-spintele-su-baru-ir-spinta-televizorius-400-x-210-cm-alyvuotas-azuolas-cyklon","status":"publish","type":"product","link":"https:\/\/baldumarket.lt\/lt\/product\/sienine-spintele-su-baru-ir-spinta-televizorius-400-x-210-cm-alyvuotas-azuolas-cyklon\/","title":{"rendered":"Sienin\u0117 spintel\u0117 su baru ir spinta, televizorius 400 \u00d7 210 cm, D\u0105b Olejowany \u2013 CYKLON"},"content":{"rendered":"<p>400 cm plo\u010dio ir 210 cm auk\u0161\u010dio spintel\u0117 sukuria i\u0161sam\u0173 i\u0161planavim\u0105 su drabu\u017eine, baru, lentynomis ir televizoriaus zona, sujungiant erdv\u0119 \u012f vien\u0105 darn\u0173 vienet\u0105. Sienin\u0117 spintel\u0117 CYKLON sukurta patogiai laikyti daug daikt\u0173 be papildom\u0173 bald\u0173.<\/p>\n<p>Komplekt\u0105 sudaro erdvi spinta, daugyb\u0117 rakinam\u0173 spinteli\u0173, atviros lentynos ir baro zona, kuri yra prakti\u0161kas viso baldo papildymas. Centrin\u0117 dalis su vieta televizoriui leid\u017eia patogiai i\u0161d\u0117styti televizijos \u012frang\u0105, o logi\u0161kas moduli\u0173 i\u0161d\u0117stymas palengvina estetin\u012f pried\u0173 ir multimedijos element\u0173 i\u0161d\u0117stym\u0105.<\/p>\n<p>U\u017edarose spintel\u0117se galima laikyti drabu\u017eius, dokumentus ir kasdienius daiktus, o lentynose ir ni\u0161ose \u2013 dekoracijas, knygas ar suvenyrus. Toks i\u0161d\u0117stymas paver\u010dia CYKLON sienin\u0119 spintel\u0119 visaverte daikt\u0173 laikymo sistema j\u016bs\u0173 gyvenamojoje erdv\u0117je.<\/p>\n<p>Alyvuoto \u0105\u017euolo apdaila pabr\u0117\u017eia nat\u016bral\u0173 spintel\u0117s charakter\u012f ir i\u0161ry\u0161kina medienos ra\u0161t\u0105, suteikdama interjerui \u0161ilt\u0105, sant\u016br\u0173 atspalv\u012f. \u0160is dekoras dera tiek su klasikiniu, tiek su neutralesniu interjeru, suteikdamas visam baldui rami\u0105 ir subalansuot\u0105 i\u0161vaizd\u0105. Kaip ir visas \u201ee-Meblast\u201c si\u016blomas sienines spinteles, \u201eCYKLON\u201c model\u012f galima pritaikyti pagal matmenis, spalvas, element\u0173 i\u0161d\u0117stym\u0105 ir furnit\u016br\u0105, tod\u0117l galite susikurti komplekt\u0105, pritaikyt\u0105 individualiems poreikiams ir kambario dyd\u017eiui.<\/p>\n<p>K\u016bnas:<br \/>\nTamsusis Sonoma<br \/>\n\u0160viesusis Sonoma<br \/>\nBalta<br \/>\nLanceloto \u0105\u017euolas<br \/>\nAlyvuotas \u0105\u017euolas<\/p>\n<p>Priekin\u0117 dalis:<br \/>\n\u0160viesus Sonoma (MDF juostel\u0117)<br \/>\nOkapi rie\u0161utmedis (MDF juostel\u0117s)<br \/>\nArtisan \u0105\u017euolas (MDF juostel\u0117s)<br \/>\nLefkos \u0105\u017euolas<br \/>\nBalta<br \/>\nLanceloto \u0105\u017euolas<br \/>\nAlyvuotas \u0105\u017euolas<br \/>\nKaselos \u0105\u017euolas<\/p>","protected":false},"excerpt":{"rendered":"<p>Matmenys:<br \/>\nPlotis: 400 cm<br \/>\nAuk\u0161tis: 210 cm<br \/>\nGylis: 53 cm<\/p>","protected":false},"featured_media":333831,"comment_status":"open","ping_status":"closed","template":"","meta":[],"product_brand":[],"product_cat":[9983,9857,2008],"product_tag":[],"class_list":{"0":"post-333710","1":"product","2":"type-product","3":"status-publish","4":"has-post-thumbnail","6":"product_cat-furniture-sets-room-sets-meblast","7":"product_cat-meblast","8":"product_cat-wall-units","10":"first","11":"instock","12":"shipping-taxable","13":"purchasable","14":"product-type-variable","15":"wvs-archive-product-wrapper"},"_links":{"self":[{"href":"https:\/\/baldumarket.lt\/lt\/wp-json\/wp\/v2\/product\/333710","targetHints":{"allow":["GET"]}}],"collection":[{"href":"https:\/\/baldumarket.lt\/lt\/wp-json\/wp\/v2\/product"}],"about":[{"href":"https:\/\/baldumarket.lt\/lt\/wp-json\/wp\/v2\/types\/product"}],"replies":[{"embeddable":true,"href":"https:\/\/baldumarket.lt\/lt\/wp-json\/wp\/v2\/comments?post=333710"}],"wp:featuredmedia":[{"embeddable":true,"href":"https:\/\/baldumarket.lt\/lt\/wp-json\/wp\/v2\/media\/333831"}],"wp:attachment":[{"href":"https:\/\/baldumarket.lt\/lt\/wp-json\/wp\/v2\/media?parent=333710"}],"wp:term":[{"taxonomy":"product_brand","embeddable":true,"href":"https:\/\/baldumarket.lt\/lt\/wp-json\/wp\/v2\/product_brand?post=333710"},{"taxonomy":"product_cat","embeddable":true,"href":"https:\/\/baldumarket.lt\/lt\/wp-json\/wp\/v2\/product_cat?post=333710"},{"taxonomy":"product_tag","embeddable":true,"href":"https:\/\/baldumarket.lt\/lt\/wp-json\/wp\/v2\/product_tag?post=333710"}],"curies":[{"name":"wp","href":"https:\/\/api.w.org\/{rel}","templated":true}]}}