{"id":333706,"date":"2026-03-07T00:11:51","date_gmt":"2026-03-06T21:11:51","guid":{"rendered":"https:\/\/baldumarket.lt\/?post_type=product&#038;p=333706"},"modified":"2026-03-25T16:50:56","modified_gmt":"2026-03-25T13:50:56","slug":"labai-erdvi-televizoriaus-sienine-spintele-su-spinta-405-x-210-cm-sonoma-dark-lena","status":"publish","type":"product","link":"https:\/\/baldumarket.lt\/lt\/produktas\/labai-erdvi-televizoriaus-sienine-spintele-su-spinta-405-x-210-cm-sonoma-dark-lena\/","title":{"rendered":"Labai erdvi televizoriaus sienin\u0117 spintel\u0117 su spinta 405 \u00d7 210 cm Sonoma Ciemna \u2013 LENA"},"content":{"rendered":"<p>405 cm plo\u010dio ir 210 cm auk\u0161\u010dio LENA spintel\u0117 buvo suprojektuota kaip visavertis gyvenamasis erdv\u0117s vienetas, kuriame daikt\u0173 laikymo ir multimedijos zona sudaro darni\u0105 ir organizuot\u0105 visum\u0105. Sistema sujungia televizoriaus funkcij\u0105 su erdvia spinta, stal\u010diais ir papildomais moduliais, tod\u0117l galima efektyviai i\u0161naudoti didel\u0119 sienos erdv\u0119.<\/p>\n<p>Komplekt\u0105 sudaro erdvi spinta su pakaba ir lentyna, taip pat kolona su penkiomis lentynomis, skirtomis logi\u0161kai susid\u0117ti drabu\u017eius, tekstil\u0119 ir aksesuarus. Centrin\u0117je sienin\u0117s spintel\u0117s dalyje yra televizoriaus spintel\u0117 su didele ni\u0161a televizoriui, kuri sutvarko multimedijos zon\u0105 ir integruoja j\u0105 su likusia spintel\u0117s dalimi. Apa\u010dioje esantys stal\u010diai suteikia papildomos vietos kasdieniams daiktams laikyti.<\/p>\n<p>\u0160\u012f \u012frengin\u012f papildo rakinamos spintel\u0117s, ekspozicij\u0173 vitrinos ir \u017eemyn atsidaran\u010dios durys, leid\u017eian\u010dios ai\u0161kiai atskirti daikt\u0173 laikymo ir ekspozicij\u0173 funkcijas. Atviras ni\u0161\u0173 i\u0161d\u0117stymas leid\u017eia eksponuoti dekoracijas, knygas ar multimedijos \u012frang\u0105, i\u0161laikant tvark\u0105 ir lengv\u0105 prieig\u0105 prie laikom\u0173 daikt\u0173.<br \/>\nTamsus Sonoma spalvos pavir\u0161ius suteikia sieninei spintelei ram\u0173, organizuot\u0105 charakter\u012f. Tamsesni medienos ra\u0161tai stabilizuoja vizualiai sud\u0117ting\u0105 komplekto form\u0105 ir papildo klasikinius bei sant\u016brius interjero dizainus, kur b\u016btina funkcionalumo ir estetikos pusiausvyra.<\/p>\n<p>Kaip ir visus \u201ee-Meblast\u201c si\u016blomus sieninius blokus, LENA model\u012f galima pritaikyti pagal matmenis, spalvas, element\u0173 i\u0161d\u0117stym\u0105 ir furnit\u016br\u0105, tod\u0117l galite susikurti komplekt\u0105, pritaikyt\u0105 j\u016bs\u0173 individualiems poreikiams ir kambario dyd\u017eiui.<\/p>\n<p>K\u016bnas:<br \/>\nTamsusis Sonoma<br \/>\n\u0160viesusis Sonoma<br \/>\nPort \u010ceri<br \/>\nBalta<br \/>\nLanceloto \u0105\u017euolas<br \/>\nKa\u0161myro sm\u0117lio spalvos<\/p>\n<p>Priekin\u0117 dalis:<br \/>\nTamsus Sonoma (MDF juostel\u0117)<br \/>\n\u0160viesus Sonoma (MDF juostel\u0117)<br \/>\nOkapi rie\u0161utmedis (MDF juostel\u0117s)<br \/>\nKaramel\u0117s spalvos \u0105\u017euolas (MDF juostel\u0117s)<br \/>\nVotano \u0105\u017euolas<br \/>\nBalta<br \/>\nLanceloto \u0105\u017euolas<br \/>\nKa\u0161myro sm\u0117lio spalvos<br \/>\nHalifakso \u0105\u017euolas<\/p>","protected":false},"excerpt":{"rendered":"<p>Matmenys:<br \/>\nPlotis: 405 cm<br \/>\nAuk\u0161tis: 210 cm<br \/>\nGylis: 53 cm<\/p>","protected":false},"featured_media":333817,"comment_status":"open","ping_status":"closed","template":"","meta":[],"product_brand":[],"product_cat":[9983,9857,2008],"product_tag":[],"class_list":{"0":"post-333706","1":"product","2":"type-product","3":"status-publish","4":"has-post-thumbnail","6":"product_cat-furniture-sets-room-sets-meblast","7":"product_cat-meblast","8":"product_cat-wall-units","10":"first","11":"instock","12":"shipping-taxable","13":"purchasable","14":"product-type-variable","15":"wvs-archive-product-wrapper"},"_links":{"self":[{"href":"https:\/\/baldumarket.lt\/lt\/wp-json\/wp\/v2\/product\/333706","targetHints":{"allow":["GET"]}}],"collection":[{"href":"https:\/\/baldumarket.lt\/lt\/wp-json\/wp\/v2\/product"}],"about":[{"href":"https:\/\/baldumarket.lt\/lt\/wp-json\/wp\/v2\/types\/product"}],"replies":[{"embeddable":true,"href":"https:\/\/baldumarket.lt\/lt\/wp-json\/wp\/v2\/comments?post=333706"}],"wp:featuredmedia":[{"embeddable":true,"href":"https:\/\/baldumarket.lt\/lt\/wp-json\/wp\/v2\/media\/333817"}],"wp:attachment":[{"href":"https:\/\/baldumarket.lt\/lt\/wp-json\/wp\/v2\/media?parent=333706"}],"wp:term":[{"taxonomy":"product_brand","embeddable":true,"href":"https:\/\/baldumarket.lt\/lt\/wp-json\/wp\/v2\/product_brand?post=333706"},{"taxonomy":"product_cat","embeddable":true,"href":"https:\/\/baldumarket.lt\/lt\/wp-json\/wp\/v2\/product_cat?post=333706"},{"taxonomy":"product_tag","embeddable":true,"href":"https:\/\/baldumarket.lt\/lt\/wp-json\/wp\/v2\/product_tag?post=333706"}],"curies":[{"name":"wp","href":"https:\/\/api.w.org\/{rel}","templated":true}]}}