{"id":333683,"date":"2026-03-07T00:11:05","date_gmt":"2026-03-06T21:11:05","guid":{"rendered":"https:\/\/baldumarket.lt\/?post_type=product&#038;p=333683"},"modified":"2026-03-25T16:50:56","modified_gmt":"2026-03-25T13:50:56","slug":"labai-erdvi-televizoriaus-sienine-spintele-su-spinta-405-x-210-cm-sviesi-sonoma-tamsi-sonoma-lena","status":"publish","type":"product","link":"https:\/\/baldumarket.lt\/lt\/produktas\/labai-erdvi-televizoriaus-sienine-spintele-su-spinta-405-x-210-cm-sviesi-sonoma-tamsi-sonoma-lena\/","title":{"rendered":"Labai erdvi televizoriaus sienin\u0117 spintel\u0117 su spinta 405 \u00d7 210 cm, Sonoma Jasna \/ Sonoma Ciemna \u2013 LENA"},"content":{"rendered":"<p>405 x 210 cm dyd\u017eio LENA spintel\u0117 buvo suprojektuota kaip erdvi svetain\u0117s sienin\u0117 spintel\u0117, kurioje telpa televizorius ir daug vietos daiktams laikyti. Spintel\u0117s i\u0161planavimas leid\u017eia viename spintoje sutalpinti spint\u0105, stal\u010dius ir tiek u\u017edarus, tiek atvirus modulius, sukuriant darni\u0105 ir ai\u0161kiai i\u0161d\u0117styt\u0105 sien\u0173 kompozicij\u0105.<\/p>\n<p>Spintoje yra labai erdvi spinta su pakaba ir lentyna, taip pat penki\u0173 lentyn\u0173 spinta, kurioje patogu susid\u0117ti drabu\u017eius, tekstil\u0117s gaminius ir aksesuarus. Centrin\u0117je sienin\u0117s spintel\u0117s dalyje \u012frengta multimedijos zona su didele ni\u0161a televizoriui ir televizoriaus spintele, kurioje sutvarkoma erdv\u0117 aplink elektronik\u0105. Apatin\u0117je dalyje esantys stal\u010diai suteikia papildomos vietos kasdieniams daiktams laikyti.<\/p>\n<p>\u0160\u012f blok\u0105 papildo u\u017edaros spintel\u0117s, vitrinos ir \u017eemyn atsidaran\u010dios durys, leid\u017eian\u010dios logi\u0161kai atskirti daikt\u0173 laikymo ir eksponavimo zonas. Atviras pasirinkt\u0173 ni\u0161\u0173 i\u0161d\u0117stymas leid\u017eia eksponuoti dekoracijas, knygas ar baldus, i\u0161laikant tvark\u0105 ir darn\u0105 visame bloke.<br \/>\n\u0160viesaus ir tamsaus Sonoma dekoro derinys suteikia sieninei spintelei subalansuot\u0105, harmoning\u0105 charakter\u012f. \u0160viesesni\u0173 ir tamsesni\u0173 medienos atspalvi\u0173 kontrastas vizualiai sutvarko komplekt\u0105 ir puikiai dera kompozicijose, kur svarbu ai\u0161ki strukt\u016bra, i\u0161laikant nat\u016bralum\u0105.<br \/>\nKaip ir visus \u201ee-Meblast\u201c si\u016blomus sieninius blokus, LENA model\u012f galima pritaikyti pagal matmenis, spalvas, element\u0173 i\u0161d\u0117stym\u0105 ir furnit\u016br\u0105, tod\u0117l galite susikurti komplekt\u0105, atitinkant\u012f j\u016bs\u0173 individualius poreikius ir kambario dyd\u012f.<\/p>\n<p>K\u016bnas:<br \/>\nTamsusis Sonoma<br \/>\n\u0160viesusis Sonoma<br \/>\nPort \u010ceri<br \/>\nBalta<br \/>\nLanceloto \u0105\u017euolas<br \/>\nKa\u0161myro sm\u0117lio spalvos<\/p>\n<p>Priekin\u0117 dalis:<br \/>\nTamsus Sonoma (MDF juostel\u0117)<br \/>\n\u0160viesus Sonoma (MDF juostel\u0117)<br \/>\nOkapi rie\u0161utmedis (MDF juostel\u0117s)<br \/>\nKaramel\u0117s spalvos \u0105\u017euolas (MDF juostel\u0117s)<br \/>\nVotano \u0105\u017euolas<br \/>\nBalta<br \/>\nLanceloto \u0105\u017euolas<br \/>\nKa\u0161myro sm\u0117lio spalvos<br \/>\nHalifakso \u0105\u017euolas<\/p>","protected":false},"excerpt":{"rendered":"<p>Matmenys:<br \/>\nPlotis: 405 cm<br \/>\nAuk\u0161tis: 210 cm<br \/>\nGylis: 53 cm<\/p>","protected":false},"featured_media":333797,"comment_status":"open","ping_status":"closed","template":"","meta":[],"product_brand":[],"product_cat":[9983,9857,2008],"product_tag":[],"class_list":{"0":"post-333683","1":"product","2":"type-product","3":"status-publish","4":"has-post-thumbnail","6":"product_cat-furniture-sets-room-sets-meblast","7":"product_cat-meblast","8":"product_cat-wall-units","10":"first","11":"instock","12":"shipping-taxable","13":"purchasable","14":"product-type-variable","15":"wvs-archive-product-wrapper"},"_links":{"self":[{"href":"https:\/\/baldumarket.lt\/lt\/wp-json\/wp\/v2\/product\/333683","targetHints":{"allow":["GET"]}}],"collection":[{"href":"https:\/\/baldumarket.lt\/lt\/wp-json\/wp\/v2\/product"}],"about":[{"href":"https:\/\/baldumarket.lt\/lt\/wp-json\/wp\/v2\/types\/product"}],"replies":[{"embeddable":true,"href":"https:\/\/baldumarket.lt\/lt\/wp-json\/wp\/v2\/comments?post=333683"}],"wp:featuredmedia":[{"embeddable":true,"href":"https:\/\/baldumarket.lt\/lt\/wp-json\/wp\/v2\/media\/333797"}],"wp:attachment":[{"href":"https:\/\/baldumarket.lt\/lt\/wp-json\/wp\/v2\/media?parent=333683"}],"wp:term":[{"taxonomy":"product_brand","embeddable":true,"href":"https:\/\/baldumarket.lt\/lt\/wp-json\/wp\/v2\/product_brand?post=333683"},{"taxonomy":"product_cat","embeddable":true,"href":"https:\/\/baldumarket.lt\/lt\/wp-json\/wp\/v2\/product_cat?post=333683"},{"taxonomy":"product_tag","embeddable":true,"href":"https:\/\/baldumarket.lt\/lt\/wp-json\/wp\/v2\/product_tag?post=333683"}],"curies":[{"name":"wp","href":"https:\/\/api.w.org\/{rel}","templated":true}]}}