{"id":333659,"date":"2026-03-07T00:10:20","date_gmt":"2026-03-06T21:10:20","guid":{"rendered":"https:\/\/baldumarket.lt\/?post_type=product&#038;p=333659"},"modified":"2026-03-26T12:22:39","modified_gmt":"2026-03-26T09:22:39","slug":"didele-sienine-spintele-su-erdviomis-spintomis-ir-vitrinomis-390-x-232-cm-sonoma-dark-sonoma-light-sawa","status":"publish","type":"product","link":"https:\/\/baldumarket.lt\/lt\/produktas\/didele-sienine-spintele-su-erdviomis-spintomis-ir-vitrinomis-390-x-232-cm-sonoma-dark-sonoma-light-sawa\/","title":{"rendered":"Didel\u0117 sienin\u0117 spintel\u0117 su erdviomis spintomis ir vitrinomis 390 \u00d7 232 cm Sonoma Ciemna \/ Sonoma Jasna \u2013 SAWA"},"content":{"rendered":"<p>390 x 232 cm dyd\u017eio SAWA sienin\u0117 spinta buvo suprojektuota kaip erdvi sienin\u0117 spinta, kurioje sujungtos erdvios spintos su funkcionalia multimedijos zona. Toks i\u0161d\u0117stymas leid\u017eia vis\u0105 sien\u0105 panaudoti kaip vien\u0105 darn\u0173 vienet\u0105, kuriame vienoje kompozicijoje derinamas elektronikos laikymas, eksponavimas ir naudojimas.<\/p>\n<p>Komplekt\u0105 sudaro dvi labai erdvios spintos su pakabomis ir lentynomis, taip pat papildomi moduliai drabu\u017eiams, tekstilei ir aksesuarams laikyti. Centrin\u0117 sienin\u0117s spintel\u0117s dalis sukurta kaip ai\u0161kiai organizuota televizijos zona su didele ni\u0161a televizoriui ir vieta multimedijos \u012frangai. Apa\u010dioje esantys stal\u010diai suteikia patogi\u0105 viet\u0105 kasdieniams daiktams.<\/p>\n<p>Spintel\u0119 papildo rakinamos spintel\u0117s ir vitrinos, leid\u017eian\u010dios derinti daikt\u0173 laikym\u0105 su dekoracij\u0173, knyg\u0173 ar stalo \u012franki\u0173 eksponavimu. Atviras pasirinkt\u0173 ni\u0161\u0173 i\u0161d\u0117stymas sutvarko spintel\u0119 ir palengvina prieig\u0105 prie da\u017enai naudojam\u0173 daikt\u0173, i\u0161laikant darni\u0105 ir tvarking\u0105 bendr\u0105 i\u0161vaizd\u0105. \u201eTamsios sonoma\u201c ir \u201e\u0161viesios sonoma\u201c dekoro element\u0173 derinys suteikia sieninei spintelei subalansuot\u0105, harmoning\u0105 charakter\u012f. \u0160viesesni\u0173 ir tamsesni\u0173 medienos atspalvi\u0173 kontrastas vizualiai sutvarko sud\u0117ting\u0105 komplekto form\u0105 ir puikiai dera klasikiniuose ir sant\u016briuose interjero dizainuose.<\/p>\n<p>Kaip ir visus \u201ee-Meblast\u201c si\u016blomus sieninius blokus, SAWA model\u012f galima pritaikyti pagal matmenis, spalvas, element\u0173 i\u0161d\u0117stym\u0105 ir furnit\u016br\u0105, tod\u0117l galite susikurti komplekt\u0105, atitinkant\u012f j\u016bs\u0173 individualius poreikius ir kambario dyd\u012f.<\/p>\n<p>K\u016bnas:<br \/>\nPorto vy\u0161nia<br \/>\nAmatinink\u0173 \u0105\u017euolas<br \/>\nLefkos \u0105\u017euolas<br \/>\nTamsusis Sonoma<br \/>\nBalta<br \/>\nKa\u0161myro sm\u0117lio spalvos<\/p>\n<p>Priekin\u0117 dalis:<br \/>\nPorto vy\u0161nia (MDF juostel\u0117)<br \/>\nArtisan \u0105\u017euolas (MDF juostel\u0117s)<br \/>\nLefkos \u0105\u017euolas (MDF juostel\u0117s)<br \/>\n\u0160viesus Sonoma (MDF juostel\u0117)<br \/>\nDidysis \u0105\u017euolas<br \/>\nOkapi rie\u0161utas<br \/>\nBalta<br \/>\nKa\u0161myro sm\u0117lio spalvos<br \/>\nHamiltono \u0105\u017euolas<\/p>","protected":false},"excerpt":{"rendered":"<p>Matmenys:<br \/>\nPlotis: 390 cm<br \/>\n\u016agis: 232 cm<br \/>\nGylis: 55 cm<\/p>","protected":false},"featured_media":333777,"comment_status":"open","ping_status":"closed","template":"","meta":[],"product_brand":[],"product_cat":[9983,9857,2008],"product_tag":[],"class_list":{"0":"post-333659","1":"product","2":"type-product","3":"status-publish","4":"has-post-thumbnail","6":"product_cat-furniture-sets-room-sets-meblast","7":"product_cat-meblast","8":"product_cat-wall-units","10":"first","11":"instock","12":"shipping-taxable","13":"purchasable","14":"product-type-variable","15":"wvs-archive-product-wrapper"},"_links":{"self":[{"href":"https:\/\/baldumarket.lt\/lt\/wp-json\/wp\/v2\/product\/333659","targetHints":{"allow":["GET"]}}],"collection":[{"href":"https:\/\/baldumarket.lt\/lt\/wp-json\/wp\/v2\/product"}],"about":[{"href":"https:\/\/baldumarket.lt\/lt\/wp-json\/wp\/v2\/types\/product"}],"replies":[{"embeddable":true,"href":"https:\/\/baldumarket.lt\/lt\/wp-json\/wp\/v2\/comments?post=333659"}],"wp:featuredmedia":[{"embeddable":true,"href":"https:\/\/baldumarket.lt\/lt\/wp-json\/wp\/v2\/media\/333777"}],"wp:attachment":[{"href":"https:\/\/baldumarket.lt\/lt\/wp-json\/wp\/v2\/media?parent=333659"}],"wp:term":[{"taxonomy":"product_brand","embeddable":true,"href":"https:\/\/baldumarket.lt\/lt\/wp-json\/wp\/v2\/product_brand?post=333659"},{"taxonomy":"product_cat","embeddable":true,"href":"https:\/\/baldumarket.lt\/lt\/wp-json\/wp\/v2\/product_cat?post=333659"},{"taxonomy":"product_tag","embeddable":true,"href":"https:\/\/baldumarket.lt\/lt\/wp-json\/wp\/v2\/product_tag?post=333659"}],"curies":[{"name":"wp","href":"https:\/\/api.w.org\/{rel}","templated":true}]}}