{"id":333657,"date":"2026-03-07T00:10:14","date_gmt":"2026-03-06T21:10:14","guid":{"rendered":"https:\/\/baldumarket.lt\/?post_type=product&#038;p=333657"},"modified":"2026-03-24T13:18:36","modified_gmt":"2026-03-24T10:18:36","slug":"erdvi-sienine-spintele-400-cm-plocio-spintos-spinteles-televizorius-lentynos-baras-cyklon-arctic-white","status":"publish","type":"product","link":"https:\/\/baldumarket.lt\/lt\/produktas\/erdvi-sienine-spintele-400-cm-plocio-spintos-spinteles-televizorius-lentynos-baras-cyklon-arctic-white\/","title":{"rendered":"Erdvi sienin\u0117 spintel\u0117, 400 cm plo\u010dio, spintos, spintel\u0117s, televizorius, lentynos, baras, Biel- CYKLON"},"content":{"rendered":"<p>Ie\u0161kote prakti\u0161ko svetain\u0117s baldo, kuriame tilps knygos, drabu\u017eiai, elektronika ir visi j\u016bs\u0173 kelioni\u0173 suvenyrai? I\u0161sirinkite ne\u012ftik\u0117tinai erdvi\u0105 \u201eCyklon\u201c sienin\u0119 spintel\u0119 i\u0161 e-meblast.pl, kuri yra ne tik funkcionali, bet ir puikiai atrodanti. \u0160ioje modernioje sienin\u0117je spintel\u0117je yra daug spinteli\u0173, drabu\u017ei\u0173 spinta, baras, atviros ni\u0161os ir lentynos.<\/p>\n<p>\u0160i sienin\u0117 spintel\u0117 puikiai tinka tiems, kurie nori maksimaliai i\u0161naudoti erdv\u0119 ir vertina kokybi\u0161kus baldus. Rinkit\u0117s unikalius Lenkijos gamintojo gaminius ir m\u0117gaukit\u0117s jais daugel\u012f met\u0173.<\/p>\n<p>K\u016bnas:<br \/>\nTamsusis Sonoma<br \/>\n\u0160viesusis Sonoma<br \/>\nBalta<br \/>\nLanceloto \u0105\u017euolas<br \/>\nAlyvuotas \u0105\u017euolas<\/p>\n<p>Priekin\u0117 dalis:<br \/>\n\u0160viesus Sonoma (MDF juostel\u0117)<br \/>\nOkapi rie\u0161utmedis (MDF juostel\u0117s)<br \/>\nArtisan \u0105\u017euolas (MDF juostel\u0117s)<br \/>\nLefkos \u0105\u017euolas<br \/>\nBalta<br \/>\nLanceloto \u0105\u017euolas<br \/>\nAlyvuotas \u0105\u017euolas<br \/>\nKaselos \u0105\u017euolas<\/p>","protected":false},"excerpt":{"rendered":"<p>Matmenys:<br \/>\nPlotis: 400 cm<br \/>\nAuk\u0161tis: 210 cm<br \/>\nGylis: 53 cm<\/p>","protected":false},"featured_media":333770,"comment_status":"open","ping_status":"closed","template":"","meta":[],"product_brand":[],"product_cat":[9983,9857,2008],"product_tag":[],"class_list":{"0":"post-333657","1":"product","2":"type-product","3":"status-publish","4":"has-post-thumbnail","6":"product_cat-furniture-sets-room-sets-meblast","7":"product_cat-meblast","8":"product_cat-wall-units","10":"first","11":"instock","12":"shipping-taxable","13":"purchasable","14":"product-type-variable","15":"wvs-archive-product-wrapper"},"_links":{"self":[{"href":"https:\/\/baldumarket.lt\/lt\/wp-json\/wp\/v2\/product\/333657","targetHints":{"allow":["GET"]}}],"collection":[{"href":"https:\/\/baldumarket.lt\/lt\/wp-json\/wp\/v2\/product"}],"about":[{"href":"https:\/\/baldumarket.lt\/lt\/wp-json\/wp\/v2\/types\/product"}],"replies":[{"embeddable":true,"href":"https:\/\/baldumarket.lt\/lt\/wp-json\/wp\/v2\/comments?post=333657"}],"wp:featuredmedia":[{"embeddable":true,"href":"https:\/\/baldumarket.lt\/lt\/wp-json\/wp\/v2\/media\/333770"}],"wp:attachment":[{"href":"https:\/\/baldumarket.lt\/lt\/wp-json\/wp\/v2\/media?parent=333657"}],"wp:term":[{"taxonomy":"product_brand","embeddable":true,"href":"https:\/\/baldumarket.lt\/lt\/wp-json\/wp\/v2\/product_brand?post=333657"},{"taxonomy":"product_cat","embeddable":true,"href":"https:\/\/baldumarket.lt\/lt\/wp-json\/wp\/v2\/product_cat?post=333657"},{"taxonomy":"product_tag","embeddable":true,"href":"https:\/\/baldumarket.lt\/lt\/wp-json\/wp\/v2\/product_tag?post=333657"}],"curies":[{"name":"wp","href":"https:\/\/api.w.org\/{rel}","templated":true}]}}