{"id":333641,"date":"2026-03-07T00:09:34","date_gmt":"2026-03-06T21:09:34","guid":{"rendered":"https:\/\/baldumarket.lt\/?post_type=product&#038;p=333641"},"modified":"2026-03-24T11:46:49","modified_gmt":"2026-03-24T08:46:49","slug":"auksta-klasikine-sienine-spintele-su-erdviomis-spintomis-ir-televizoriaus-spintele-370-x-207-cm-porto-cherry-alen","status":"publish","type":"product","link":"https:\/\/baldumarket.lt\/lt\/produktas\/auksta-klasikine-sienine-spintele-su-erdviomis-spintomis-ir-televizoriaus-spintele-370-x-207-cm-porto-cherry-alen\/","title":{"rendered":"Auk\u0161ta klasikin\u0117 sienin\u0117 spintel\u0117 su erdviomis spintomis ir televizoriaus spintele 370 \u00d7 207 cm Wi\u015bnia Porto \u2013 ALEN"},"content":{"rendered":"<p>ALEN sienin\u0117 spintel\u0117, kurios matmenys 370 x 207 cm, buvo sukurta kaip auk\u0161ta, klasikinio stiliaus sienin\u0117 spintel\u0117, leid\u017eianti maksimaliai i\u0161naudoti erdv\u0119 svetain\u0117je, valgomajame ar darbo kambaryje. Platus i\u0161planavimas viename darniame pakete apjungia daikt\u0173 laikymo, eksponavimo ir multimedijos funkcijas.<\/p>\n<p>\u012e komplekt\u0105 \u012feina labai erdvi spinta su pakaba ir lentyna, taip pat patalyn\u0117s spinta su penkiomis lentynomis, leid\u017eianti patogiai laikyti drabu\u017eius, tekstil\u0119 ir aksesuarus. \u0160is sprendimas leid\u017eia sutvarkyti daug daikt\u0173 be papildom\u0173 spinteli\u0173.<\/p>\n<p>Sienin\u0117je spintel\u0117je taip pat yra \u012fsp\u016bdinga stiklin\u0117 vitrina su trimis erdviais stal\u010diais. \u0160is elementas atlieka ir ekspozicijos, ir praktin\u0117s paskirties funkcijas, leisdamas eksponuoti dekoracijas, stiklinius indus ar suvenyrus, i\u0161laikant tvark\u0105 apatin\u0117je dalyje.<\/p>\n<p>Baro dalis integruota su praplatinama spintele ir turi atidaromas spinteles, leid\u017eian\u010dias sukurti funkcionali\u0105 erdv\u0119 stalo \u012frankiams ar aksesuarams laikyti. Praplatintame elemente taip pat yra vietos televizoriui ir multimedijos spintelei, tod\u0117l sienin\u0117s spintel\u0117s centre sukuriama ai\u0161ki ir patogi televizoriaus zona.<br \/>\n\u201ePorto Cherry\u201c spalva pabr\u0117\u017eia klasikin\u012f ALEN sienin\u0117s spintel\u0117s charakter\u012f. \u0160ilta medienos tekst\u016bra kartu su dekoratyvin\u0117mis detal\u0117mis suteikia visam baldui eleganti\u0161k\u0105, nesenstant\u012f vaizd\u0105, kuris papildo tradicin\u012f ir sant\u016br\u0173 interjer\u0105.<br \/>\nKaip ir visus \u201ee-Meblast\u201c si\u016blomus sieninius blokus, ALEN model\u012f galima pritaikyti pagal matmenis, spalvas, element\u0173 i\u0161d\u0117stym\u0105 ir furnit\u016br\u0105, tod\u0117l galite susikurti komplekt\u0105, puikiai atitinkant\u012f j\u016bs\u0173 individualius poreikius ir kambario dyd\u012f.<\/p>\n<p>Galimos standartin\u0117s spalvos:<br \/>\nAlksnis<br \/>\nPortas<\/p>","protected":false},"excerpt":{"rendered":"<p>Matmenys:<br \/>\nPlotis: 370 cm<br \/>\n\u016agis: 207 cm<br \/>\nGylis: 53 cm<\/p>","protected":false},"featured_media":333764,"comment_status":"open","ping_status":"closed","template":"","meta":[],"product_brand":[],"product_cat":[9983,9857,2008],"product_tag":[],"class_list":{"0":"post-333641","1":"product","2":"type-product","3":"status-publish","4":"has-post-thumbnail","6":"product_cat-furniture-sets-room-sets-meblast","7":"product_cat-meblast","8":"product_cat-wall-units","10":"first","11":"instock","12":"shipping-taxable","13":"purchasable","14":"product-type-variable","15":"wvs-archive-product-wrapper"},"_links":{"self":[{"href":"https:\/\/baldumarket.lt\/lt\/wp-json\/wp\/v2\/product\/333641","targetHints":{"allow":["GET"]}}],"collection":[{"href":"https:\/\/baldumarket.lt\/lt\/wp-json\/wp\/v2\/product"}],"about":[{"href":"https:\/\/baldumarket.lt\/lt\/wp-json\/wp\/v2\/types\/product"}],"replies":[{"embeddable":true,"href":"https:\/\/baldumarket.lt\/lt\/wp-json\/wp\/v2\/comments?post=333641"}],"wp:featuredmedia":[{"embeddable":true,"href":"https:\/\/baldumarket.lt\/lt\/wp-json\/wp\/v2\/media\/333764"}],"wp:attachment":[{"href":"https:\/\/baldumarket.lt\/lt\/wp-json\/wp\/v2\/media?parent=333641"}],"wp:term":[{"taxonomy":"product_brand","embeddable":true,"href":"https:\/\/baldumarket.lt\/lt\/wp-json\/wp\/v2\/product_brand?post=333641"},{"taxonomy":"product_cat","embeddable":true,"href":"https:\/\/baldumarket.lt\/lt\/wp-json\/wp\/v2\/product_cat?post=333641"},{"taxonomy":"product_tag","embeddable":true,"href":"https:\/\/baldumarket.lt\/lt\/wp-json\/wp\/v2\/product_tag?post=333641"}],"curies":[{"name":"wp","href":"https:\/\/api.w.org\/{rel}","templated":true}]}}