{"id":333639,"date":"2026-03-07T00:09:30","date_gmt":"2026-03-06T21:09:30","guid":{"rendered":"https:\/\/baldumarket.lt\/?post_type=product&#038;p=333639"},"modified":"2026-03-24T11:48:48","modified_gmt":"2026-03-24T08:48:48","slug":"auksta-klasikinio-stiliaus-sienine-spintele-su-erdviomis-spintomis-ir-televizoriaus-spintele-370-x-207-cm-alksnis-alen","status":"publish","type":"product","link":"https:\/\/baldumarket.lt\/lt\/produktas\/auksta-klasikinio-stiliaus-sienine-spintele-su-erdviomis-spintomis-ir-televizoriaus-spintele-370-x-207-cm-alksnis-alen\/","title":{"rendered":"Auk\u0161ta klasikinio stiliaus sienin\u0117 spintel\u0117 su erdviomis spintomis ir televizoriaus spintele, 370 \u00d7 207 cm, Olcha \u2013 ALEN"},"content":{"rendered":"<p>ALEN modelis, kurio matmenys \u2013 370 x 207 cm, su alksnio apdaila, buvo sukurtas kaip auk\u0161ta, klasikin\u0117 sienin\u0117 spintel\u0117, kuri\u0105 galima naudoti kaip vis\u0105 sien\u0105 svetain\u0117je ar darbo kambaryje. Platus komplekto i\u0161planavimas apjungia daikt\u0173 laikymo, ekspozicij\u0173 ir multimedijos zon\u0105 viename tvarkingame vienete.<\/p>\n<p>Komplekt\u0105 sudaro labai erdvi spinta su pakaba ir lentyna, taip pat patalyn\u0117s spinta su penkiomis lentynomis, leid\u017eian\u010dia patogiai laikyti drabu\u017eius, tekstil\u0119 ir aksesuarus. Toks moduli\u0173 i\u0161d\u0117stymas skatina tvark\u0105 ir suma\u017eina papildom\u0173 bald\u0173 poreik\u012f.<\/p>\n<p>Svarbus sienin\u0117s spintel\u0117s elementas \u2013 stiklin\u0117 vitrina su trimis erdviais stal\u010diais. Apjungianti demonstravimo ir naudojimo funkcijas, vitrina gali b\u016bti naudojama dekoracijoms, stikliniams indams ar suvenyrams eksponuoti, o kartu ir suteikia prakti\u0161kos laikymo vietos.<\/p>\n<p>Baro zona integruota \u012f priestat\u0105 ir apr\u016bpinta atidaromomis spintel\u0117mis, sukuriant funkcionali\u0105 \u016bkin\u0119 zon\u0105. Priestate taip pat yra vietos televizoriui ir multimedijos spintelei, tod\u0117l televizoriaus zona i\u0161lieka tvarkinga ir patogi kasdieniam naudojimui.<br \/>\nAlksnio spalva suteikia sieninei spintelei \u0161ilt\u0105, nat\u016bral\u0173 charakter\u012f. \u0160i apdaila pabr\u0117\u017eia klasikin\u0119 spintel\u0117s form\u0105 ir dera prie tradicini\u0173 ir sant\u016bri\u0173 interjer\u0173, kur svarbiausia jaukumas ir harmoninga i\u0161vaizda.<br \/>\nKaip ir visus \u201ee-Meblast\u201c si\u016blomus sieninius blokus, ALEN model\u012f galima pritaikyti pagal matmenis, spalvas, element\u0173 i\u0161d\u0117stym\u0105 ir furnit\u016br\u0105, tod\u0117l galite susikurti komplekt\u0105, pritaikyt\u0105 j\u016bs\u0173 individualiems poreikiams ir kambario dyd\u017eiui.<\/p>\n<p>Galimos standartin\u0117s spalvos:<br \/>\nAlksnis<br \/>\nPortas<\/p>","protected":false},"excerpt":{"rendered":"<p>Matmenys:<br \/>\nPlotis: 370 cm<br \/>\n\u016agis: 207 cm<br \/>\nGylis: 53 cm<\/p>","protected":false},"featured_media":333752,"comment_status":"open","ping_status":"closed","template":"","meta":[],"product_brand":[],"product_cat":[9983,9857,2008],"product_tag":[],"class_list":{"0":"post-333639","1":"product","2":"type-product","3":"status-publish","4":"has-post-thumbnail","6":"product_cat-furniture-sets-room-sets-meblast","7":"product_cat-meblast","8":"product_cat-wall-units","10":"first","11":"instock","12":"shipping-taxable","13":"purchasable","14":"product-type-variable","15":"wvs-archive-product-wrapper"},"_links":{"self":[{"href":"https:\/\/baldumarket.lt\/lt\/wp-json\/wp\/v2\/product\/333639","targetHints":{"allow":["GET"]}}],"collection":[{"href":"https:\/\/baldumarket.lt\/lt\/wp-json\/wp\/v2\/product"}],"about":[{"href":"https:\/\/baldumarket.lt\/lt\/wp-json\/wp\/v2\/types\/product"}],"replies":[{"embeddable":true,"href":"https:\/\/baldumarket.lt\/lt\/wp-json\/wp\/v2\/comments?post=333639"}],"wp:featuredmedia":[{"embeddable":true,"href":"https:\/\/baldumarket.lt\/lt\/wp-json\/wp\/v2\/media\/333752"}],"wp:attachment":[{"href":"https:\/\/baldumarket.lt\/lt\/wp-json\/wp\/v2\/media?parent=333639"}],"wp:term":[{"taxonomy":"product_brand","embeddable":true,"href":"https:\/\/baldumarket.lt\/lt\/wp-json\/wp\/v2\/product_brand?post=333639"},{"taxonomy":"product_cat","embeddable":true,"href":"https:\/\/baldumarket.lt\/lt\/wp-json\/wp\/v2\/product_cat?post=333639"},{"taxonomy":"product_tag","embeddable":true,"href":"https:\/\/baldumarket.lt\/lt\/wp-json\/wp\/v2\/product_tag?post=333639"}],"curies":[{"name":"wp","href":"https:\/\/api.w.org\/{rel}","templated":true}]}}