{"id":333637,"date":"2026-03-07T00:09:27","date_gmt":"2026-03-06T21:09:27","guid":{"rendered":"https:\/\/baldumarket.lt\/?post_type=product&#038;p=333637"},"modified":"2026-03-26T12:22:39","modified_gmt":"2026-03-26T09:22:39","slug":"didele-sienine-spintele-su-erdviomis-spintomis-ir-vitrinomis-390-x-232-cm-tamsi-sonoma-okapi-riesuto-spalvos-sawa","status":"publish","type":"product","link":"https:\/\/baldumarket.lt\/lt\/produktas\/didele-sienine-spintele-su-erdviomis-spintomis-ir-vitrinomis-390-x-232-cm-tamsi-sonoma-okapi-riesuto-spalvos-sawa\/","title":{"rendered":"Didel\u0117 sienin\u0117 spintel\u0117 su erdviomis spintomis ir vitrinomis 390 \u00d7 232 cm, Sonoma Ciemna \/ Orzech Okapi \u2013 SAWA"},"content":{"rendered":"<p>390 x 232 cm dyd\u017eio SAWA sienin\u0117 spinta buvo suprojektuota kaip didel\u0117, erdvi sienin\u0117 spinta, kurioje sujungtos labai erdvios spintos su funkcionalia multimedijos zona. Spintel\u0117s i\u0161planavimas leid\u017eia viename spintoje sutalpinti daikt\u0173 laikymo, ekspozicij\u0173 ir televizijos\/radijo erdv\u0119, nereikalaujant papildom\u0173 bald\u0173.<br \/>\n\u012erenginyje yra dvi erdvios spintos su pakabomis ir lentynomis, taip pat papildomi moduliai drabu\u017eiams, tekstilei ir aksesuarams laikyti. Centrin\u0117 dalis suprojektuota kaip ai\u0161kiai organizuota televizijos\/radijo zona su didele ni\u0161a televizoriui ir vieta multimedijos \u012frangai. Apatin\u0117je dalyje esantys stal\u010diai suteikia patogi\u0105 viet\u0105 kasdieniams daiktams.<br \/>\nSpintel\u0119 papildo rakinamos spintel\u0117s ir vitrinos, kuriose galima laikyti ir eksponuoti dekoracijas, knygas ar stalo \u012frankius. Atviras pasirinkt\u0173 ni\u0161\u0173 i\u0161d\u0117stymas sutvarko spintel\u0119 ir palengvina prieig\u0105 prie da\u017enai naudojam\u0173 daikt\u0173, i\u0161laikant darni\u0105 ir tvarking\u0105 i\u0161vaizd\u0105. \u201eDark Sonoma\u201c ir \u201eOkapi Walnut\u201c dekoro element\u0173 derinys suteikia sieninei spintelei i\u0161skirtinesn\u012f, eleganti\u0161kesn\u012f charakter\u012f. Tamsesni medienos tonai pabr\u0117\u017eia spintel\u0117s tvirtum\u0105 ir papildo klasikinius bei sant\u016brius interjerus, kur svarbus stabilus, tvarkingas vizualinis efektas. Kaip ir visas \u201ee-Meblast\u201c si\u016blomas sienines spinteles, SAWA model\u012f galima pritaikyti pagal matmenis, spalvas, element\u0173 i\u0161d\u0117stym\u0105 ir furnit\u016br\u0105, tod\u0117l galite susikurti komplekt\u0105, atitinkant\u012f j\u016bs\u0173 individualius poreikius ir kambario dyd\u012f.<\/p>\n<p>K\u016bnas:<br \/>\nPorto vy\u0161nia<br \/>\nAmatinink\u0173 \u0105\u017euolas<br \/>\nLefkos \u0105\u017euolas<br \/>\nTamsusis Sonoma<br \/>\nBalta<br \/>\nKa\u0161myro sm\u0117lio spalvos<\/p>\n<p>Priekin\u0117 dalis:<br \/>\nPorto vy\u0161nia (MDF juostel\u0117)<br \/>\nArtisan \u0105\u017euolas (MDF juostel\u0117s)<br \/>\nLefkos \u0105\u017euolas (MDF juostel\u0117s)<br \/>\n\u0160viesus Sonoma (MDF juostel\u0117)<br \/>\nDidysis \u0105\u017euolas<br \/>\nOkapi rie\u0161utas<br \/>\nBalta<br \/>\nKa\u0161myro sm\u0117lio spalvos<br \/>\nHamiltono \u0105\u017euolas<\/p>","protected":false},"excerpt":{"rendered":"<p>Matmenys:<br \/>\nPlotis: 390 cm<br \/>\n\u016agis: 232 cm<br \/>\nGylis: 55 cm<\/p>","protected":false},"featured_media":333745,"comment_status":"open","ping_status":"closed","template":"","meta":[],"product_brand":[],"product_cat":[9983,9857,2008],"product_tag":[],"class_list":{"0":"post-333637","1":"product","2":"type-product","3":"status-publish","4":"has-post-thumbnail","6":"product_cat-furniture-sets-room-sets-meblast","7":"product_cat-meblast","8":"product_cat-wall-units","10":"first","11":"instock","12":"shipping-taxable","13":"purchasable","14":"product-type-variable","15":"wvs-archive-product-wrapper"},"_links":{"self":[{"href":"https:\/\/baldumarket.lt\/lt\/wp-json\/wp\/v2\/product\/333637","targetHints":{"allow":["GET"]}}],"collection":[{"href":"https:\/\/baldumarket.lt\/lt\/wp-json\/wp\/v2\/product"}],"about":[{"href":"https:\/\/baldumarket.lt\/lt\/wp-json\/wp\/v2\/types\/product"}],"replies":[{"embeddable":true,"href":"https:\/\/baldumarket.lt\/lt\/wp-json\/wp\/v2\/comments?post=333637"}],"wp:featuredmedia":[{"embeddable":true,"href":"https:\/\/baldumarket.lt\/lt\/wp-json\/wp\/v2\/media\/333745"}],"wp:attachment":[{"href":"https:\/\/baldumarket.lt\/lt\/wp-json\/wp\/v2\/media?parent=333637"}],"wp:term":[{"taxonomy":"product_brand","embeddable":true,"href":"https:\/\/baldumarket.lt\/lt\/wp-json\/wp\/v2\/product_brand?post=333637"},{"taxonomy":"product_cat","embeddable":true,"href":"https:\/\/baldumarket.lt\/lt\/wp-json\/wp\/v2\/product_cat?post=333637"},{"taxonomy":"product_tag","embeddable":true,"href":"https:\/\/baldumarket.lt\/lt\/wp-json\/wp\/v2\/product_tag?post=333637"}],"curies":[{"name":"wp","href":"https:\/\/api.w.org\/{rel}","templated":true}]}}