{"id":333586,"date":"2026-03-07T00:07:44","date_gmt":"2026-03-06T21:07:44","guid":{"rendered":"https:\/\/baldumarket.lt\/?post_type=product&#038;p=333586"},"modified":"2026-03-25T09:45:52","modified_gmt":"2026-03-25T06:45:52","slug":"sienine-spintele-su-komoda-strypais-ir-spinta-360-x-200-cm-wotan-azuolas-kena","status":"publish","type":"product","link":"https:\/\/baldumarket.lt\/lt\/produktas\/sienine-spintele-su-komoda-strypais-ir-spinta-360-x-200-cm-wotan-azuolas-kena\/","title":{"rendered":"Sienin\u0117 spintel\u0117 su komoda, strypais ir spinta 360 \u00d7 200 cm, D\u0105b Wotan \u2013 KENA"},"content":{"rendered":"<p>360 \u00d7 200 cm dyd\u017eio KENA modelis buvo sukurtas kaip moderni sienin\u0117 spintel\u0117, kurioje svarbiausia yra organizuotumas ir tvarka. Komplekte derinamos daikt\u0173 laikymo ir eksponavimo galimyb\u0117s, i\u0161laikant darni\u0105, tvarking\u0105 form\u0105, tinkan\u010di\u0105 \u0161iuolaikiniam interjerui.<br \/>\nCentrinis sienin\u0117s spintel\u0117s elementas yra erdvi komoda, kurioje patogiai laikomi dokumentai, aksesuarai ir kasdieniai daiktai. Toks i\u0161d\u0117stymas skatina tvark\u0105 ir u\u017etikrina, kad da\u017enai naudojami daiktai visada b\u016bt\u0173 po ranka. Rakinamos spintel\u0117s ir lentynos leid\u017eia logi\u0161kai atskirti laikymo funkcijas.<br \/>\nKomplekt\u0105 sudaro dvi baro spintel\u0117s ir dviguba vitrina, kurios sukuria ekspozicijos element\u0105 ir suteikia sieninei spintelei reprezentatyvesn\u012f charakter\u012f. Stikliniai fasadai leid\u017eia eksponuoti stiklinius indus, dekoracijas ar knygas, tuo pa\u010diu sutvarkant erdv\u0119 vizualiai neapkraunant spintel\u0117s.<br \/>\nTelevizoriaus zona buvo nepastebimai integruota \u012f vis\u0105 komplekt\u0105, suteikiant vietos televizoriui ir multimedijos \u012frangai. Toks i\u0161d\u0117stymas leid\u017eia subalansuoti funkcionalum\u0105 ir estetik\u0105, vienam elementui nedominuojant kit\u0173. \u201eWotan Oak\u201c apdaila pabr\u0117\u017eia modern\u0173 sienin\u0117s spintel\u0117s charakter\u012f ir suteikia interjerui nat\u016bralumo. Ry\u0161kus medienos ra\u0161tas dera tiek su \u0161viesiu, tiek su\u0161velnintu interjeru, suteikdamas spintelei \u0161ilt\u0105, bet tvarking\u0105 i\u0161vaizd\u0105.<br \/>\nKaip ir visus \u201ee-Meblast\u201c si\u016blomus sieninius blokus, KENA model\u012f galima pritaikyti pagal matmenis, spalvas, element\u0173 i\u0161d\u0117stym\u0105 ir furnit\u016br\u0105, tod\u0117l galite susikurti komplekt\u0105, atitinkant\u012f j\u016bs\u0173 individualius poreikius ir kambario dyd\u012f.<\/p>\n<p>Galimos standartin\u0117s spalvos:<br \/>\nBalta<br \/>\nBalta \/ grafito pilka<br \/>\nVotano \u0105\u017euolas<br \/>\nBordo \u0105\u017euolas<\/p>","protected":false},"excerpt":{"rendered":"<p>Matmenys:<br \/>\nPlotis: 360 cm<br \/>\nAuk\u0161tis: 200 cm<br \/>\nGylis: 53 cm<\/p>","protected":false},"featured_media":333692,"comment_status":"open","ping_status":"closed","template":"","meta":[],"product_brand":[],"product_cat":[9983,9857,2008],"product_tag":[],"class_list":{"0":"post-333586","1":"product","2":"type-product","3":"status-publish","4":"has-post-thumbnail","6":"product_cat-furniture-sets-room-sets-meblast","7":"product_cat-meblast","8":"product_cat-wall-units","10":"first","11":"instock","12":"shipping-taxable","13":"purchasable","14":"product-type-variable","15":"wvs-archive-product-wrapper"},"_links":{"self":[{"href":"https:\/\/baldumarket.lt\/lt\/wp-json\/wp\/v2\/product\/333586","targetHints":{"allow":["GET"]}}],"collection":[{"href":"https:\/\/baldumarket.lt\/lt\/wp-json\/wp\/v2\/product"}],"about":[{"href":"https:\/\/baldumarket.lt\/lt\/wp-json\/wp\/v2\/types\/product"}],"replies":[{"embeddable":true,"href":"https:\/\/baldumarket.lt\/lt\/wp-json\/wp\/v2\/comments?post=333586"}],"wp:featuredmedia":[{"embeddable":true,"href":"https:\/\/baldumarket.lt\/lt\/wp-json\/wp\/v2\/media\/333692"}],"wp:attachment":[{"href":"https:\/\/baldumarket.lt\/lt\/wp-json\/wp\/v2\/media?parent=333586"}],"wp:term":[{"taxonomy":"product_brand","embeddable":true,"href":"https:\/\/baldumarket.lt\/lt\/wp-json\/wp\/v2\/product_brand?post=333586"},{"taxonomy":"product_cat","embeddable":true,"href":"https:\/\/baldumarket.lt\/lt\/wp-json\/wp\/v2\/product_cat?post=333586"},{"taxonomy":"product_tag","embeddable":true,"href":"https:\/\/baldumarket.lt\/lt\/wp-json\/wp\/v2\/product_tag?post=333586"}],"curies":[{"name":"wp","href":"https:\/\/api.w.org\/{rel}","templated":true}]}}