{"id":333537,"date":"2026-03-07T00:06:02","date_gmt":"2026-03-06T21:06:02","guid":{"rendered":"https:\/\/baldumarket.lt\/?post_type=product&#038;p=333537"},"modified":"2026-03-26T10:31:19","modified_gmt":"2026-03-26T07:31:19","slug":"kompaktiska-sienine-spintele-su-spintomis-stiklinemis-vitrinomis-ir-televizoriaus-zona-370-x-200-cm-tamsus-sonoma-didingas-azuolas-neptun","status":"publish","type":"product","link":"https:\/\/baldumarket.lt\/lt\/produktas\/kompaktiska-sienine-spintele-su-spintomis-stiklinemis-vitrinomis-ir-televizoriaus-zona-370-x-200-cm-tamsus-sonoma-didingas-azuolas-neptun\/","title":{"rendered":"Kompakti\u0161ka sienin\u0117 spintel\u0117 su spintomis, stiklin\u0117mis vitrinomis ir televizoriaus zona 370 \u00d7 200 cm, tamsus Sonoma Ciemna \/ D\u0105b Grand \u2013 NEPTUN"},"content":{"rendered":"<p>370 x 200 cm dyd\u017eio NEPTUN modelis buvo sukurtas kaip kompakti\u0161ka sienin\u0117 spintel\u0117, kurioje derinamos daikt\u0173 laikymo ir eksponavimo galimyb\u0117s, neu\u017egriozdinant erdv\u0117s didel\u0117mis spintel\u0117mis. Toks i\u0161d\u0117stymas ypa\u010d efektyvus svetain\u0117se ir darbo kambariuose, kur labai svarbi funkcionalumo ir vizualinio lengvumo pusiausvyra.<\/p>\n<p>Komplekt\u0105 sudaro erdvi spinta su pakaba ir lentynomis, taip pat papildoma kolona su daugybe lentyn\u0173 patogiam drabu\u017ei\u0173, tekstil\u0117s gamini\u0173 ir aksesuar\u0173 susid\u0117v\u0117jimui. Centrin\u0117 sienin\u0117s spintel\u0117s dalis skirta televizoriui, o ai\u0161kiai numatyta vieta dekoderiui ir multimedijos \u012frangai, integruotai \u012f bendr\u0105 darn\u0173 i\u0161d\u0117stym\u0105.<\/p>\n<p>NEPTUN modelio charakter\u012f pabr\u0117\u017eia televizoriaus praplatinimai su atviromis ir u\u017edaromis lentynomis, taip pat dvi didel\u0117s stiklin\u0117s vitrinos. \u0160is sprendimas leid\u017eia derinti daikt\u0173 laikym\u0105 su dekoracij\u0173, knyg\u0173 ar stalo \u012franki\u0173 eksponavimu, suteikiant sieninei spintelei reprezentatyvesn\u012f, svetain\u0117s charakter\u012f, i\u0161laikant kompakti\u0161kas proporcijas. Tamsaus Sonoma ir Grand Oak medienos derinys suteikia komplektui subalansuot\u0105, klasikin\u012f-modern\u0173 vaizd\u0105. Tamsesn\u0117 spalva vizualiai stabilizuoja sienin\u0117s spintel\u0117s form\u0105, o nat\u016brali Grand Oak medienos tekst\u016bra pary\u0161kina jos form\u0105 ir gerai dera prie sant\u016braus interjero dizaino. Kaip ir visas \u201ee-Meblast\u201c si\u016blomas sienines spinteles, NEPTUN model\u012f galima pritaikyti pagal matmenis, spalvas, element\u0173 i\u0161d\u0117stym\u0105 ir furnit\u016br\u0105, tod\u0117l galite susikurti komplekt\u0105, atitinkant\u012f individualius poreikius ir kambario dyd\u012f.<\/p>\n<p>K\u016bnas:<br \/>\nTamsusis Sonoma<br \/>\nBalta<\/p>\n<p>Priekin\u0117 dalis:<br \/>\nDidysis \u0105\u017euolas<br \/>\nOkapi rie\u0161utas<br \/>\n\u0160viesus Sonoma (MDF juostel\u0117)<br \/>\nBalta<\/p>","protected":false},"excerpt":{"rendered":"<p>Matmenys:<br \/>\nPlotis: 370 cm<br \/>\nAuk\u0161tis: 200 cm<br \/>\nGylis: 52 cm<\/p>","protected":false},"featured_media":333660,"comment_status":"open","ping_status":"closed","template":"","meta":[],"product_brand":[],"product_cat":[9983,9857,2008],"product_tag":[],"class_list":{"0":"post-333537","1":"product","2":"type-product","3":"status-publish","4":"has-post-thumbnail","6":"product_cat-furniture-sets-room-sets-meblast","7":"product_cat-meblast","8":"product_cat-wall-units","10":"first","11":"instock","12":"shipping-taxable","13":"purchasable","14":"product-type-variable","15":"wvs-archive-product-wrapper"},"_links":{"self":[{"href":"https:\/\/baldumarket.lt\/lt\/wp-json\/wp\/v2\/product\/333537","targetHints":{"allow":["GET"]}}],"collection":[{"href":"https:\/\/baldumarket.lt\/lt\/wp-json\/wp\/v2\/product"}],"about":[{"href":"https:\/\/baldumarket.lt\/lt\/wp-json\/wp\/v2\/types\/product"}],"replies":[{"embeddable":true,"href":"https:\/\/baldumarket.lt\/lt\/wp-json\/wp\/v2\/comments?post=333537"}],"wp:featuredmedia":[{"embeddable":true,"href":"https:\/\/baldumarket.lt\/lt\/wp-json\/wp\/v2\/media\/333660"}],"wp:attachment":[{"href":"https:\/\/baldumarket.lt\/lt\/wp-json\/wp\/v2\/media?parent=333537"}],"wp:term":[{"taxonomy":"product_brand","embeddable":true,"href":"https:\/\/baldumarket.lt\/lt\/wp-json\/wp\/v2\/product_brand?post=333537"},{"taxonomy":"product_cat","embeddable":true,"href":"https:\/\/baldumarket.lt\/lt\/wp-json\/wp\/v2\/product_cat?post=333537"},{"taxonomy":"product_tag","embeddable":true,"href":"https:\/\/baldumarket.lt\/lt\/wp-json\/wp\/v2\/product_tag?post=333537"}],"curies":[{"name":"wp","href":"https:\/\/api.w.org\/{rel}","templated":true}]}}