{"id":333521,"date":"2026-03-07T00:05:18","date_gmt":"2026-03-06T21:05:18","guid":{"rendered":"https:\/\/baldumarket.lt\/?post_type=product&#038;p=333521"},"modified":"2026-03-26T10:31:19","modified_gmt":"2026-03-26T07:31:19","slug":"kompaktiska-sienine-spintele-su-spintomis-stiklinemis-vitrinomis-ir-televizoriaus-zona-370-x-200-cm-tamsi-sonoma-okapi-riesuto-spalvos-neptun","status":"publish","type":"product","link":"https:\/\/baldumarket.lt\/lt\/produktas\/kompaktiska-sienine-spintele-su-spintomis-stiklinemis-vitrinomis-ir-televizoriaus-zona-370-x-200-cm-tamsi-sonoma-okapi-riesuto-spalvos-neptun\/","title":{"rendered":"Kompakti\u0161ka sienin\u0117 spintel\u0117 su spintomis, stiklin\u0117mis vitrinomis ir televizoriaus zona, 370 \u00d7 200 cm,Sonoma Ciemna \/ Orzech Okapi \u2013 NEPTUN"},"content":{"rendered":"<p>370 x 200 cm dyd\u017eio NEPTUN sienin\u0117 spintel\u0117 buvo sukurta kaip kompakti\u0161kas svetain\u0117s ar darbo kambario bald\u0173 komplektas, kuriame derinamos daikt\u0173 laikymo ir eksponavimo galimyb\u0117s. Vidutinis auk\u0161tis ir tvarkingas i\u0161d\u0117stymas suteikia jai lengvumo poj\u016bt\u012f nei tradicin\u0117s, auk\u0161tos spintel\u0117s, vizualiai neu\u017ego\u017eiant interjero.<\/p>\n<p>Komplekt\u0105 sudaro erdvi spinta su pakaba ir lentynomis, taip pat papildoma kolona su didel\u0117mis lentynomis patogiam drabu\u017ei\u0173, tekstil\u0117s gamini\u0173 ir aksesuar\u0173 laikymui. Centrin\u0117 sienin\u0117s spintel\u0117s dalis skirta televizoriui, o ai\u0161kiai atskirta vieta dekoderiui ir multimedijos \u012frangai darniai integruota \u012f bendr\u0105 dizain\u0105.<\/p>\n<p>Svarbus NEPTUN modelio elementas \u2013 televizoriaus spintel\u0117s prailginimai su atviromis ir u\u017edaromis lentynomis bei dviem didel\u0117mis stiklin\u0117mis vitrinomis. \u0160is sprendimas leid\u017eia eksponuoti dekoracijas, knygas ar stalo \u012frankius, i\u0161laikant tvark\u0105 ir funkcionalum\u0105. Stiklin\u0117s vitrinos suteikia sieninei spintelei reprezentatyvesn\u012f, svetain\u0117s stiliaus charakter\u012f, tuo pa\u010diu i\u0161laikant kompakti\u0161kas proporcijas. Tamsaus Sonoma ir Okapi Walnut spalv\u0173 derinys suteikia interjerui \u0161ilt\u0105 ir eleganti\u0161k\u0105 akcent\u0105. Tamsesni atspalviai vizualiai stabilizuoja komplekt\u0105, o Okapi Walnut akcentas pabr\u0117\u017eia klasikin\u012f sienin\u0117s spintel\u0117s charakter\u012f, gerai dera tiek su sant\u016briu, tiek su eleganti\u0161kesniu i\u0161d\u0117stymu.<\/p>\n<p>Kaip ir visus \u201ee-Meblast\u201c si\u016blomus sieninius blokus, NEPTUN model\u012f galima pritaikyti pagal matmenis, spalvas, element\u0173 i\u0161d\u0117stym\u0105 ir furnit\u016br\u0105, tod\u0117l galite susikurti komplekt\u0105, atitinkant\u012f j\u016bs\u0173 individualius poreikius ir kambario dyd\u012f.<\/p>\n<p>K\u016bnas:<br \/>\nTamsusis Sonoma<br \/>\nBalta<\/p>\n<p>Priekin\u0117 dalis:<br \/>\nDidysis \u0105\u017euolas<br \/>\nOkapi rie\u0161utas<br \/>\n\u0160viesus Sonoma (MDF juostel\u0117)<br \/>\nBalta<\/p>","protected":false},"excerpt":{"rendered":"<p>Matmenys:<br \/>\nPlotis: 370 cm<br \/>\nAuk\u0161tis: 200 cm<br \/>\nGylis: 52 cm<\/p>","protected":false},"featured_media":333642,"comment_status":"open","ping_status":"closed","template":"","meta":[],"product_brand":[],"product_cat":[9983,9857,2008],"product_tag":[],"class_list":{"0":"post-333521","1":"product","2":"type-product","3":"status-publish","4":"has-post-thumbnail","6":"product_cat-furniture-sets-room-sets-meblast","7":"product_cat-meblast","8":"product_cat-wall-units","10":"first","11":"instock","12":"shipping-taxable","13":"purchasable","14":"product-type-variable","15":"wvs-archive-product-wrapper"},"_links":{"self":[{"href":"https:\/\/baldumarket.lt\/lt\/wp-json\/wp\/v2\/product\/333521","targetHints":{"allow":["GET"]}}],"collection":[{"href":"https:\/\/baldumarket.lt\/lt\/wp-json\/wp\/v2\/product"}],"about":[{"href":"https:\/\/baldumarket.lt\/lt\/wp-json\/wp\/v2\/types\/product"}],"replies":[{"embeddable":true,"href":"https:\/\/baldumarket.lt\/lt\/wp-json\/wp\/v2\/comments?post=333521"}],"wp:featuredmedia":[{"embeddable":true,"href":"https:\/\/baldumarket.lt\/lt\/wp-json\/wp\/v2\/media\/333642"}],"wp:attachment":[{"href":"https:\/\/baldumarket.lt\/lt\/wp-json\/wp\/v2\/media?parent=333521"}],"wp:term":[{"taxonomy":"product_brand","embeddable":true,"href":"https:\/\/baldumarket.lt\/lt\/wp-json\/wp\/v2\/product_brand?post=333521"},{"taxonomy":"product_cat","embeddable":true,"href":"https:\/\/baldumarket.lt\/lt\/wp-json\/wp\/v2\/product_cat?post=333521"},{"taxonomy":"product_tag","embeddable":true,"href":"https:\/\/baldumarket.lt\/lt\/wp-json\/wp\/v2\/product_tag?post=333521"}],"curies":[{"name":"wp","href":"https:\/\/api.w.org\/{rel}","templated":true}]}}