{"id":333510,"date":"2026-03-07T00:04:13","date_gmt":"2026-03-06T21:04:13","guid":{"rendered":"https:\/\/baldumarket.lt\/?post_type=product&#038;p=333510"},"modified":"2026-03-23T17:43:01","modified_gmt":"2026-03-23T14:43:01","slug":"moderni-sienine-spintele-su-erdviomis-spintomis-televizoriumi-ir-praplatinimais-330-x-189-cm-sonoma-dark-grand-oak-zeus","status":"publish","type":"product","link":"https:\/\/baldumarket.lt\/lt\/produktas\/moderni-sienine-spintele-su-erdviomis-spintomis-televizoriumi-ir-praplatinimais-330-x-189-cm-sonoma-dark-grand-oak-zeus\/","title":{"rendered":"Moderni sienin\u0117 spintel\u0117 su erdviomis spintomis, televizoriumi ir praplatinimais 330 \u00d7 189 cm Sonoma Dark \/ Grand Oak \u2013 ZEUS"},"content":{"rendered":"<p>\u201eZEUS\u201c sienin\u0117 spintel\u0117, kurios spalv\u0173 gama \u2013 \u201eDark Sonoma\u201c \/ \u201eGrand Oak\u201c, kurios matmenys \u2013 330 x 189 cm, yra modernus ir tvirtas svetain\u0117s baldas, skirtas intensyviam kasdieniam naudojimui ir maksimaliam funkcionalumui. D\u0117l kompakti\u0161ko plo\u010dio ir gerai suplanuoto i\u0161planavimo ji idealiai tinka tiek butams, tiek individualiams namams.<br \/>\nCentrin\u0117 sienin\u0117s spintel\u0117s dalis skirta televizoriui su apatine spintele ir didele, atvira erdve televizoriui, u\u017etikrinan\u010dia patog\u0173 multimedijos \u012frangos naudojim\u0105. Apatin\u0117se dalyse galima laikyti pried\u0117lius, konsoles ir televizoriaus priedus, taip palaikant tvarking\u0105 ir esteti\u0161k\u0105 svetain\u0117s i\u0161vaizd\u0105.<br \/>\n\u0160alia multimedijos zonos \u012frengtos dvi didel\u0117s spintos \u2013 viena su pakaba daiktams kabinti ir lentyna, kita \u2013 su daugybe lentyn\u0173. \u0160is sprendimas leid\u017eia efektyviai laikyti drabu\u017eius, tekstil\u0117s gaminius ir kasdienius daiktus, tod\u0117l ZEUS sienin\u0117 spintel\u0117 taip pat gali b\u016bti naudojama kaip prakti\u0161ka drabu\u017ein\u0117. Vir\u0161utin\u0119 komplekto dal\u012f papildo prie \u0161onini\u0173 spinteli\u0173 pritvirtintas prailginimo blokas, kuris padidina konstrukcijos stabilum\u0105 ir panaikina poreik\u012f tvirtinti prie sienos. Prailginimo blokas suteikia papildomos vietos daiktams laikyti ir vizualiai u\u017ebaigia vis\u0105 spintel\u0119, sukurdamas darni\u0105, organizuot\u0105 strukt\u016br\u0105.<br \/>\n\u201eDark Sonoma\u201c ir \u201eGrand Oak\u201c med\u0173 derinys suteikia sieninei spintelei i\u0161skirtin\u012f, ta\u010diau \u0161ilt\u0105 charakter\u012f. Tamsesn\u0117 apdaila suteikia tvirtumo ir stabilumo poj\u016bt\u012f, o nat\u016bralus medienos atspalvis su\u0161ildo interjer\u0105 ir padaro erdv\u0119 jaukesn\u0119. \u0160i spalv\u0173 schema puikiai dera prie modernaus dizaino, modernios klasikos interjero ir svetaini\u0173, kur svarbi funkcionalumo ir estetikos pusiausvyra.<br \/>\n\u201eZEUS Dark Sonoma \/ Grand Oak\u201c sienin\u0117 spintel\u0117 \u2013 puikus pasirinkimas ie\u0161kantiems patvari\u0173, erdvi\u0173 ir esteti\u0161kai patraukli\u0173 svetain\u0117s bald\u0173, sukurt\u0173 ilgaam\u017ei\u0161kumui ir kasdieniam komfortui.<\/p>\n<p>K\u016bnas:<br \/>\nTamsusis Sonoma<br \/>\nBalta<br \/>\nLanceloto \u0105\u017euolas<br \/>\nAlyvuotas \u0105\u017euolas<br \/>\nKa\u0161myro sm\u0117lio spalvos<\/p>\n<p>Priekin\u0117 dalis:<br \/>\nAndersono pu\u0161is<br \/>\nDidysis \u0105\u017euolas<br \/>\nKaramel\u0117s \u0105\u017euolas<br \/>\nBalta<br \/>\nLanceloto \u0105\u017euolas<br \/>\nAlyvuotas \u0105\u017euolas<br \/>\nKa\u0161myro sm\u0117lio spalvos<\/p>","protected":false},"excerpt":{"rendered":"<p>Matmenys:<br \/>\nPlotis: 330 cm<br \/>\n\u016agis: 189 cm<br \/>\nGylis: 54 cm<\/p>","protected":false},"featured_media":333622,"comment_status":"open","ping_status":"closed","template":"","meta":[],"product_brand":[],"product_cat":[9857,2008],"product_tag":[],"class_list":{"0":"post-333510","1":"product","2":"type-product","3":"status-publish","4":"has-post-thumbnail","6":"product_cat-meblast","7":"product_cat-wall-units","9":"first","10":"instock","11":"shipping-taxable","12":"purchasable","13":"product-type-variable","14":"wvs-archive-product-wrapper"},"_links":{"self":[{"href":"https:\/\/baldumarket.lt\/lt\/wp-json\/wp\/v2\/product\/333510","targetHints":{"allow":["GET"]}}],"collection":[{"href":"https:\/\/baldumarket.lt\/lt\/wp-json\/wp\/v2\/product"}],"about":[{"href":"https:\/\/baldumarket.lt\/lt\/wp-json\/wp\/v2\/types\/product"}],"replies":[{"embeddable":true,"href":"https:\/\/baldumarket.lt\/lt\/wp-json\/wp\/v2\/comments?post=333510"}],"wp:featuredmedia":[{"embeddable":true,"href":"https:\/\/baldumarket.lt\/lt\/wp-json\/wp\/v2\/media\/333622"}],"wp:attachment":[{"href":"https:\/\/baldumarket.lt\/lt\/wp-json\/wp\/v2\/media?parent=333510"}],"wp:term":[{"taxonomy":"product_brand","embeddable":true,"href":"https:\/\/baldumarket.lt\/lt\/wp-json\/wp\/v2\/product_brand?post=333510"},{"taxonomy":"product_cat","embeddable":true,"href":"https:\/\/baldumarket.lt\/lt\/wp-json\/wp\/v2\/product_cat?post=333510"},{"taxonomy":"product_tag","embeddable":true,"href":"https:\/\/baldumarket.lt\/lt\/wp-json\/wp\/v2\/product_tag?post=333510"}],"curies":[{"name":"wp","href":"https:\/\/api.w.org\/{rel}","templated":true}]}}