{"id":333494,"date":"2026-03-07T00:03:38","date_gmt":"2026-03-06T21:03:38","guid":{"rendered":"https:\/\/baldumarket.lt\/?post_type=product&#038;p=333494"},"modified":"2026-03-25T09:45:52","modified_gmt":"2026-03-25T06:45:52","slug":"sienine-spintele-su-komoda-strypais-ir-spinta-360-x-200-cm-balta-grafito-pilka-kena","status":"publish","type":"product","link":"https:\/\/baldumarket.lt\/lt\/produktas\/sienine-spintele-su-komoda-strypais-ir-spinta-360-x-200-cm-balta-grafito-pilka-kena\/","title":{"rendered":"Sienin\u0117 spintel\u0117 su komoda, strypais ir spinta 360 \u00d7 200 cm Biel \/ Szary Grafit \u2013 KENA"},"content":{"rendered":"<p>360 \u00d7 200 cm dyd\u017eio KENA modelis buvo sukurtas kaip sienin\u0117 spintel\u0117, kurioje pagrindinis d\u0117mesys skiriamas ai\u0161kiai organizuotumui ir patogiam daikt\u0173 laikymui. Komodos, spintos ir baro spinteli\u0173 derinys leid\u017eia sukurti darni\u0105 sienin\u0119 spintel\u0119, kuri puikiai tinka svetain\u0117je ar darbo kambaryje, kur tvarka ir funkcionalumas yra svarbiausi.<br \/>\nCentrin\u0117 komplekto dalis \u2013 erdvi komoda, kurioje tilps dokumentai, aksesuarai ir kasdieniai daiktai. Komplekt\u0105 papildo erdvi spinta, kurioje be papildom\u0173 bald\u0173 tilps drabu\u017eiai, tekstil\u0117 ar didesni baldai.<br \/>\nSienin\u0117je spintel\u0117je yra dvi baro spintel\u0117s ir vitrinos, kurios tarnauja kaip ekspozicij\u0173 elementai ir sutvarko erdv\u0119. Stiklin\u0117s fasadai leid\u017eia eksponuoti stiklinius indus, dekoracijas ar knygas, i\u0161laikant vizualin\u012f spintel\u0117s lengvum\u0105 ir pusiausvyr\u0105 tarp daikt\u0173 laikymo bei estetikos.<br \/>\nTelevizoriaus zona buvo nepastebimai integruota \u012f vis\u0105 komplekt\u0105, suteikiant vietos televizoriui ir multimedijos \u012frangai. Toks i\u0161d\u0117stymas leid\u017eia sukurti darni\u0105 kompozicij\u0105 ir i\u0161vengti vizualinio chaoso gyvenamojoje erdv\u0117je.<br \/>\nBaltos ir grafito pilkos spalv\u0173 derinys suteikia sieninei spintelei modern\u0173, tvarking\u0105 charakter\u012f. \u0160viesus pagrindas vizualiai pa\u0161viesina kambar\u012f, o tamsesnis akcentas i\u0161ry\u0161kina spintel\u0117s form\u0105 ir puikiai dera prie sant\u016braus, modernaus interjero.<br \/>\nKaip ir visus \u201ee-Meblast\u201c si\u016blomus sieninius blokus, KENA model\u012f galima pritaikyti pagal matmenis, spalvas, element\u0173 i\u0161d\u0117stym\u0105 ir furnit\u016br\u0105, tod\u0117l galite susikurti komplekt\u0105, atitinkant\u012f j\u016bs\u0173 individualius poreikius ir kambario dyd\u012f.<\/p>\n<p>Galimos standartin\u0117s spalvos:<br \/>\nBalta<br \/>\nBalta \/ grafito pilka<br \/>\nVotano \u0105\u017euolas<br \/>\nBordo \u0105\u017euolas<\/p>","protected":false},"excerpt":{"rendered":"<p>Matmenys:<br \/>\nPlotis: 360 cm<br \/>\nAuk\u0161tis: 200 cm<br \/>\nGylis: 53 cm<\/p>","protected":false},"featured_media":333616,"comment_status":"open","ping_status":"closed","template":"","meta":[],"product_brand":[],"product_cat":[9983,9857,2008],"product_tag":[],"class_list":{"0":"post-333494","1":"product","2":"type-product","3":"status-publish","4":"has-post-thumbnail","6":"product_cat-furniture-sets-room-sets-meblast","7":"product_cat-meblast","8":"product_cat-wall-units","10":"first","11":"instock","12":"shipping-taxable","13":"purchasable","14":"product-type-variable","15":"wvs-archive-product-wrapper"},"_links":{"self":[{"href":"https:\/\/baldumarket.lt\/lt\/wp-json\/wp\/v2\/product\/333494","targetHints":{"allow":["GET"]}}],"collection":[{"href":"https:\/\/baldumarket.lt\/lt\/wp-json\/wp\/v2\/product"}],"about":[{"href":"https:\/\/baldumarket.lt\/lt\/wp-json\/wp\/v2\/types\/product"}],"replies":[{"embeddable":true,"href":"https:\/\/baldumarket.lt\/lt\/wp-json\/wp\/v2\/comments?post=333494"}],"wp:featuredmedia":[{"embeddable":true,"href":"https:\/\/baldumarket.lt\/lt\/wp-json\/wp\/v2\/media\/333616"}],"wp:attachment":[{"href":"https:\/\/baldumarket.lt\/lt\/wp-json\/wp\/v2\/media?parent=333494"}],"wp:term":[{"taxonomy":"product_brand","embeddable":true,"href":"https:\/\/baldumarket.lt\/lt\/wp-json\/wp\/v2\/product_brand?post=333494"},{"taxonomy":"product_cat","embeddable":true,"href":"https:\/\/baldumarket.lt\/lt\/wp-json\/wp\/v2\/product_cat?post=333494"},{"taxonomy":"product_tag","embeddable":true,"href":"https:\/\/baldumarket.lt\/lt\/wp-json\/wp\/v2\/product_tag?post=333494"}],"curies":[{"name":"wp","href":"https:\/\/api.w.org\/{rel}","templated":true}]}}