{"id":333492,"date":"2026-03-07T00:03:35","date_gmt":"2026-03-06T21:03:35","guid":{"rendered":"https:\/\/baldumarket.lt\/?post_type=product&#038;p=333492"},"modified":"2026-03-24T11:58:18","modified_gmt":"2026-03-24T08:58:18","slug":"maza-sienine-spintele-su-vitrina-ir-vieta-televizoriui-266-x-210-cm-tamsus-sonoma-sviesus-sonoma-apollo","status":"publish","type":"product","link":"https:\/\/baldumarket.lt\/lt\/produktas\/maza-sienine-spintele-su-vitrina-ir-vieta-televizoriui-266-x-210-cm-tamsus-sonoma-sviesus-sonoma-apollo\/","title":{"rendered":"Ma\u017ea sienin\u0117 spintel\u0117 su vitrina ir vieta televizoriui 266 \u00d7 210 cm Sonoma Ciemna \/ Sonoma Jasna \u2013 APOLLO"},"content":{"rendered":"<p>APOLLO modelis, kurio matmenys \u2013 266 x 210 cm, buvo sukurtas kaip ma\u017ea sienin\u0117 spintel\u0117, padedanti sutvarkyti svetain\u0119, neatrodant netvarkingai. \u0160is komplektas puikiai tinka patalpoms, kuriose svarbiausia lengvumas, funkcionalumas ir ai\u0161kus bald\u0173 i\u0161d\u0117stymas.<br \/>\nKomplekt\u0105 sudaro spintel\u0117s, lentynos ir vitrina, skirta laikyti ir eksponuoti knygas, dekoracijas ir kasdienius daiktus. Stiklin\u0117 vitrina leid\u017eia eksponuoti pasirinktus daiktus, i\u0161laikant viso sieninio bloko vizualin\u012f lengvum\u0105 ir tvark\u0105 erdv\u0117je.<br \/>\nCentrin\u0117 komplekto dalis suprojektuota kaip televizoriaus staliukas su vieta multimedijos \u012frangai. Toks i\u0161d\u0117stymas leid\u017eia patogiai naudotis multimedijos dalimi neu\u017ego\u017eiant kit\u0173 \u012frenginio element\u0173.<br \/>\n\u201eSonoma Dark\u201c ir \u201eSonoma Light\u201c dekor\u0173 derinys suteikia sieninei spintelei subalansuot\u0105, neutral\u0173 charakter\u012f. \u0160viesesn\u0117 spalva vizualiai pary\u0161kina vis\u0105 spintel\u0119, o tamsesn\u0117 spalva sutvarko form\u0105 ir pabr\u0117\u017eia jos form\u0105, tod\u0117l komplektas puikiai dera prie sant\u016braus interjero dizaino. Kaip ir visas \u201ee-Meblast\u201c si\u016blomas sienines spinteles, \u201eAPOLLO\u201c model\u012f galima pritaikyti pagal matmenis, spalvas, element\u0173 i\u0161d\u0117stym\u0105 ir naudojamus priedus, tod\u0117l galite susikurti komplekt\u0105, pritaikyt\u0105 individualiems poreikiams ir kambario dyd\u017eiui.<\/p>\n<p>K\u016bnas:<br \/>\nTamsusis Sonoma<br \/>\n\u0160viesusis Sonoma<\/p>\n<p>Priekin\u0117 dalis:<br \/>\nDidysis \u0105\u017euolas (MDF juostel\u0117s)<br \/>\nOkapi rie\u0161utmedis (MDF juostel\u0117s)<br \/>\n\u0160viesusis Sonoma<\/p>","protected":false},"excerpt":{"rendered":"<p>Matmenys:<br \/>\nPlotis: 266 cm<br \/>\nAuk\u0161tis: 210 cm<br \/>\nGylis: 42 cm<\/p>","protected":false},"featured_media":333604,"comment_status":"open","ping_status":"closed","template":"","meta":[],"product_brand":[],"product_cat":[9983,9857,2008],"product_tag":[],"class_list":{"0":"post-333492","1":"product","2":"type-product","3":"status-publish","4":"has-post-thumbnail","6":"product_cat-furniture-sets-room-sets-meblast","7":"product_cat-meblast","8":"product_cat-wall-units","10":"first","11":"instock","12":"shipping-taxable","13":"purchasable","14":"product-type-variable","15":"wvs-archive-product-wrapper"},"_links":{"self":[{"href":"https:\/\/baldumarket.lt\/lt\/wp-json\/wp\/v2\/product\/333492","targetHints":{"allow":["GET"]}}],"collection":[{"href":"https:\/\/baldumarket.lt\/lt\/wp-json\/wp\/v2\/product"}],"about":[{"href":"https:\/\/baldumarket.lt\/lt\/wp-json\/wp\/v2\/types\/product"}],"replies":[{"embeddable":true,"href":"https:\/\/baldumarket.lt\/lt\/wp-json\/wp\/v2\/comments?post=333492"}],"wp:featuredmedia":[{"embeddable":true,"href":"https:\/\/baldumarket.lt\/lt\/wp-json\/wp\/v2\/media\/333604"}],"wp:attachment":[{"href":"https:\/\/baldumarket.lt\/lt\/wp-json\/wp\/v2\/media?parent=333492"}],"wp:term":[{"taxonomy":"product_brand","embeddable":true,"href":"https:\/\/baldumarket.lt\/lt\/wp-json\/wp\/v2\/product_brand?post=333492"},{"taxonomy":"product_cat","embeddable":true,"href":"https:\/\/baldumarket.lt\/lt\/wp-json\/wp\/v2\/product_cat?post=333492"},{"taxonomy":"product_tag","embeddable":true,"href":"https:\/\/baldumarket.lt\/lt\/wp-json\/wp\/v2\/product_tag?post=333492"}],"curies":[{"name":"wp","href":"https:\/\/api.w.org\/{rel}","templated":true}]}}