{"id":333476,"date":"2026-03-07T00:03:04","date_gmt":"2026-03-06T21:03:04","guid":{"rendered":"https:\/\/baldumarket.lt\/?post_type=product&#038;p=333476"},"modified":"2026-03-24T11:58:18","modified_gmt":"2026-03-24T08:58:18","slug":"maza-sienine-spintele-su-vitrina-ir-vieta-televizoriui-266-x-210-cm-sonoma-light-apollo","status":"publish","type":"product","link":"https:\/\/baldumarket.lt\/lt\/produktas\/maza-sienine-spintele-su-vitrina-ir-vieta-televizoriui-266-x-210-cm-sonoma-light-apollo\/","title":{"rendered":"Ma\u017ea sienin\u0117 spintel\u0117 su vitrina ir vieta televizoriui 266 \u00d7 210 cm Sonoma Jasna \u2013 APOLLO"},"content":{"rendered":"<p>Kompakti\u0161ka APOLLO sienin\u0117 spintel\u0117, kurios matmenys \u2013 266 x 210 cm, puikiai tinka patalpoms, kuriose svarbiausia funkcionalumas, bet erdv\u0117s neu\u017egriozdinimas. Komplektas buvo sukurtas kaip ma\u017ea sienin\u0117 spintel\u0117, kuri sutvarko gyvenam\u0105j\u0105 erdv\u0119 ir suteikia vizualiai lengvumo poj\u016bt\u012f.<br \/>\nKomplekt\u0105 sudaro spintel\u0117s, lentynos ir vitrina, leid\u017eianti laikyti ir esteti\u0161kai eksponuoti knygas, dekoracijas ir kasdienius daiktus. Stiklin\u0117 vitrina suteikia subtil\u0173 akcent\u0105, neu\u017ego\u017edama bendro dizaino.<\/p>\n<p>Sienin\u0117s spintel\u0117s centre yra televizoriaus staliukas. Multimedijos \u012frangos erdv\u0117 suplanuota ai\u0161kiai ir funkcionaliai, tod\u0117l kasdien naudojant visame komplekte i\u0161lieka tvarka ir vizualin\u0117 darna.<br \/>\n\u0160viesi Sonoma spalva suteikia sieninei spintelei neutral\u0173 ir universal\u0173 charakter\u012f. \u0160viesi med\u017eio apdaila vizualiai pagyvina interjer\u0105 ir leid\u017eia komplektui dera prie \u012fvairi\u0173 interjero stili\u0173 \u2013 nuo klasikinio iki modernesnio. Kaip ir visas \u201ee-Meblast\u201c si\u016blomas sienines spinteles, APOLLO model\u012f galima pritaikyti pagal matmenis, spalvas, element\u0173 i\u0161d\u0117stym\u0105 ir naudojamus priedus, tod\u0117l galite susikurti komplekt\u0105, pritaikyt\u0105 individualiems poreikiams ir kambario dyd\u017eiui.<\/p>\n<p>K\u016bnas:<br \/>\nTamsusis Sonoma<br \/>\n\u0160viesusis Sonoma<\/p>\n<p>Priekin\u0117 dalis:<br \/>\nDidysis \u0105\u017euolas (MDF juostel\u0117s)<br \/>\nOkapi rie\u0161utmedis (MDF juostel\u0117s)<br \/>\n\u0160viesusis Sonoma<\/p>","protected":false},"excerpt":{"rendered":"<p>Matmenys:<br \/>\nPlotis: 266 cm<br \/>\nAuk\u0161tis: 210 cm<br \/>\nGylis: 42 cm<\/p>","protected":false},"featured_media":333598,"comment_status":"open","ping_status":"closed","template":"","meta":[],"product_brand":[],"product_cat":[9983,9857,2008],"product_tag":[],"class_list":{"0":"post-333476","1":"product","2":"type-product","3":"status-publish","4":"has-post-thumbnail","6":"product_cat-furniture-sets-room-sets-meblast","7":"product_cat-meblast","8":"product_cat-wall-units","10":"first","11":"instock","12":"shipping-taxable","13":"purchasable","14":"product-type-variable","15":"wvs-archive-product-wrapper"},"_links":{"self":[{"href":"https:\/\/baldumarket.lt\/lt\/wp-json\/wp\/v2\/product\/333476","targetHints":{"allow":["GET"]}}],"collection":[{"href":"https:\/\/baldumarket.lt\/lt\/wp-json\/wp\/v2\/product"}],"about":[{"href":"https:\/\/baldumarket.lt\/lt\/wp-json\/wp\/v2\/types\/product"}],"replies":[{"embeddable":true,"href":"https:\/\/baldumarket.lt\/lt\/wp-json\/wp\/v2\/comments?post=333476"}],"wp:featuredmedia":[{"embeddable":true,"href":"https:\/\/baldumarket.lt\/lt\/wp-json\/wp\/v2\/media\/333598"}],"wp:attachment":[{"href":"https:\/\/baldumarket.lt\/lt\/wp-json\/wp\/v2\/media?parent=333476"}],"wp:term":[{"taxonomy":"product_brand","embeddable":true,"href":"https:\/\/baldumarket.lt\/lt\/wp-json\/wp\/v2\/product_brand?post=333476"},{"taxonomy":"product_cat","embeddable":true,"href":"https:\/\/baldumarket.lt\/lt\/wp-json\/wp\/v2\/product_cat?post=333476"},{"taxonomy":"product_tag","embeddable":true,"href":"https:\/\/baldumarket.lt\/lt\/wp-json\/wp\/v2\/product_tag?post=333476"}],"curies":[{"name":"wp","href":"https:\/\/api.w.org\/{rel}","templated":true}]}}