{"id":333474,"date":"2026-03-07T00:03:01","date_gmt":"2026-03-06T21:03:01","guid":{"rendered":"https:\/\/baldumarket.lt\/?post_type=product&#038;p=333474"},"modified":"2026-03-23T17:43:01","modified_gmt":"2026-03-23T14:43:01","slug":"moderni-sienine-spintele-su-erdviomis-spintomis-televizoriumi-praplatinimais-ir-spintelemis-330-x-189-cm-tamsus-sonoma-karameles-azuolas-zeus","status":"publish","type":"product","link":"https:\/\/baldumarket.lt\/lt\/produktas\/moderni-sienine-spintele-su-erdviomis-spintomis-televizoriumi-praplatinimais-ir-spintelemis-330-x-189-cm-tamsus-sonoma-karameles-azuolas-zeus\/","title":{"rendered":"Moderni sienin\u0117 spintel\u0117 su erdviomis spintomis, televizoriumi, praplatinimais ir spintel\u0117mis 330 \u00d7 189 cm Tamsus Sonoma \/ Karamel\u0117s \u0105\u017euolas \u2013 ZEUS"},"content":{"rendered":"<p>\u201eZEUS\u201c sienin\u0117 spintel\u0117, kurios spalv\u0173 palet\u0117 \u2013 \u201eDark Sonoma\u201c \/ \u201eCaramel Oak\u201c, kurios matmenys \u2013 330 x 189 cm, yra modernus ir tvirtas svetain\u0117s baldas, sukurtas atsi\u017evelgiant \u012f auk\u0161t\u0105 funkcionalum\u0105 ir ilgaam\u017ei\u0161kum\u0105 kasdieniam naudojimui. Gerai apgalvotas komponent\u0173 i\u0161d\u0117stymas leid\u017eia efektyviai i\u0161naudoti erdv\u0119, i\u0161laikant esteti\u0161k\u0105 ir tvarking\u0105 i\u0161vaizd\u0105.<br \/>\nCentrin\u0117 komplekto dalis yra televizoriaus zona su apatine spintele ir didele, atvira erdve televizoriui, u\u017etikrinan\u010dia patog\u0173 multimedijos \u012frangos naudojim\u0105. Apatin\u0117se spintel\u0117se laikomi pried\u0117liai, konsol\u0117s, nuotolinio valdymo pultai ir kiti priedai, padedantys palaikyti tvark\u0105 poilsio zonoje.<br \/>\nAbiejose televizoriaus zonos pus\u0117se yra dvi didel\u0117s, erdvios spintos. Viena turi pakab\u0105 ir lentyn\u0105, kita \u2013 daugyb\u0119 lentyn\u0173. \u0160is sprendimas leid\u017eia patogiai laikyti drabu\u017eius, tekstil\u0117s gaminius ir kasdienius daiktus, tod\u0117l ZEUS sienin\u0117 spintel\u0117 gali b\u016bti naudojama ir kaip prakti\u0161ka spinta. Vir\u0161utin\u0119 sienin\u0117s spintel\u0117s dal\u012f papildo priestatas, tvirtinamas prie \u0161onini\u0173 spinteli\u0173, taip padidinant visos konstrukcijos stabilum\u0105 ir panaikinant poreik\u012f j\u0105 tvirtinti prie sienos. Priestatas suteikia papildomos vietos daiktams laikyti ir vizualiai u\u017ebaigia spintel\u0119, sukurdamas darni\u0105 ir harmoning\u0105 visum\u0105.<br \/>\nTamsaus Sonoma ir karamelinio \u0105\u017euolo derinys suteikia sieninei spintelei \u0161ilt\u0105, eleganti\u0161k\u0105 charakter\u012f. Tamsesn\u0117 apdaila suteikia tvirtumo ir stabilumo poj\u016bt\u012f, o karamelinis medienos atspalvis su\u0161ildo interjer\u0105 ir padaro erdv\u0119 jaukesn\u0119 bei svetingesn\u0119. \u0160i spalv\u0173 schema puikiai tinka moderniose svetain\u0117se, moderniuose klasikiniuose interjeruose ir i\u0161d\u0117stymuose, kur b\u016btina i\u0161rai\u0161kingos formos ir jaukios atmosferos pusiausvyra.<br \/>\n\u201eZEUS Dark Sonoma \/ Caramel Oak\u201c sienin\u0117 spintel\u0117 yra puikus pasirinkimas ie\u0161kantiems patvari\u0173, erdvi\u0173 ir esteti\u0161kai patraukli\u0173 svetain\u0117s bald\u0173, sukurt\u0173 atsi\u017evelgiant \u012f kasdien\u012f komfort\u0105 ir ilgalaik\u012f naudojim\u0105.<\/p>\n<p>K\u016bnas:<br \/>\nTamsusis Sonoma<br \/>\nBalta<br \/>\nLanceloto \u0105\u017euolas<br \/>\nAlyvuotas \u0105\u017euolas<br \/>\nKa\u0161myro sm\u0117lio spalvos<\/p>\n<p>Priekin\u0117 dalis:<br \/>\nAndersono pu\u0161is<br \/>\nDidysis \u0105\u017euolas<br \/>\nKaramel\u0117s \u0105\u017euolas<br \/>\nBalta<br \/>\nLanceloto \u0105\u017euolas<br \/>\nAlyvuotas \u0105\u017euolas<br \/>\nKa\u0161myro sm\u0117lio spalvos<\/p>","protected":false},"excerpt":{"rendered":"<p>Matmenys:<br \/>\nPlotis: 330 cm<br \/>\n\u016agis: 189 cm<br \/>\nGylis: 54 cm<\/p>","protected":false},"featured_media":333591,"comment_status":"open","ping_status":"closed","template":"","meta":[],"product_brand":[],"product_cat":[9857,2008],"product_tag":[],"class_list":{"0":"post-333474","1":"product","2":"type-product","3":"status-publish","4":"has-post-thumbnail","6":"product_cat-meblast","7":"product_cat-wall-units","9":"first","10":"instock","11":"shipping-taxable","12":"purchasable","13":"product-type-variable","14":"wvs-archive-product-wrapper"},"_links":{"self":[{"href":"https:\/\/baldumarket.lt\/lt\/wp-json\/wp\/v2\/product\/333474","targetHints":{"allow":["GET"]}}],"collection":[{"href":"https:\/\/baldumarket.lt\/lt\/wp-json\/wp\/v2\/product"}],"about":[{"href":"https:\/\/baldumarket.lt\/lt\/wp-json\/wp\/v2\/types\/product"}],"replies":[{"embeddable":true,"href":"https:\/\/baldumarket.lt\/lt\/wp-json\/wp\/v2\/comments?post=333474"}],"wp:featuredmedia":[{"embeddable":true,"href":"https:\/\/baldumarket.lt\/lt\/wp-json\/wp\/v2\/media\/333591"}],"wp:attachment":[{"href":"https:\/\/baldumarket.lt\/lt\/wp-json\/wp\/v2\/media?parent=333474"}],"wp:term":[{"taxonomy":"product_brand","embeddable":true,"href":"https:\/\/baldumarket.lt\/lt\/wp-json\/wp\/v2\/product_brand?post=333474"},{"taxonomy":"product_cat","embeddable":true,"href":"https:\/\/baldumarket.lt\/lt\/wp-json\/wp\/v2\/product_cat?post=333474"},{"taxonomy":"product_tag","embeddable":true,"href":"https:\/\/baldumarket.lt\/lt\/wp-json\/wp\/v2\/product_tag?post=333474"}],"curies":[{"name":"wp","href":"https:\/\/api.w.org\/{rel}","templated":true}]}}