{"id":333457,"date":"2026-03-07T00:02:24","date_gmt":"2026-03-06T21:02:24","guid":{"rendered":"https:\/\/baldumarket.lt\/?post_type=product&#038;p=333457"},"modified":"2026-03-23T17:43:09","modified_gmt":"2026-03-23T14:43:09","slug":"moderni-sienine-spintele-su-erdviomis-spintomis-televizoriumi-praplatinimais-ir-spintelemis-330-x-189-cm-lancelot-oak-zeus","status":"publish","type":"product","link":"https:\/\/baldumarket.lt\/lt\/produktas\/moderni-sienine-spintele-su-erdviomis-spintomis-televizoriumi-praplatinimais-ir-spintelemis-330-x-189-cm-lancelot-oak-zeus\/","title":{"rendered":"Moderni sienin\u0117 spintel\u0117 su erdviomis spintomis, televizoriumi, praplatinimais ir spintel\u0117mis 330 \u00d7 189 cm Lancelot Oak \u2013 ZEUS"},"content":{"rendered":"<p>ZEUS sienin\u0117 spintel\u0117 \u201eLancelot Oak\u201c spalvos, kurios matmenys 330 x 189 cm, yra modernus ir tvirtas svetain\u0117s baldas, sukurtas atsi\u017evelgiant \u012f funkcional\u0173 erdv\u0117s valdym\u0105 ir ilgaam\u017ei\u0161kum\u0105. Gerai apgalvotas komponent\u0173 i\u0161d\u0117stymas leid\u017eia suderinti kompakti\u0161kus matmenis su didele talpa daiktams susid\u0117ti, tod\u0117l jis tinka tiek butams, tiek individualiams namams.<br \/>\nCentrin\u0117 sienin\u0117s spintel\u0117s dalis skirta televizoriui su apatine spintele ir didele, atvira erdve televizoriui, u\u017etikrinan\u010dia patog\u0173 multimedijos \u012frangos naudojim\u0105. Apatin\u0117se dalyse galima laikyti pried\u0117lius, konsoles, nuotolinio valdymo pultelius ir kitus priedus, taip palaikant tvark\u0105 ir esteti\u0161k\u0105 svetain\u0117s zonos vaizd\u0105.<br \/>\n\u0160alia televizoriaus zonos yra dvi erdvios spintos \u2013 viena su pakaba ir lentyna, kita \u2013 su daugybe lentyn\u0173. \u0160is sprendimas leid\u017eia patogiai laikyti drabu\u017eius, tekstil\u0119 ir kasdienius daiktus, tod\u0117l ZEUS sienin\u0117 spintel\u0117 gali b\u016bti naudojama ir kaip prakti\u0161ka spinta. Vir\u0161utin\u0119 komplekto dal\u012f papildo prie \u0161onini\u0173 spinteli\u0173 pritvirtintas prailginimo blokas, kuris padidina visos konstrukcijos stabilum\u0105 ir panaikina poreik\u012f tvirtinti prie sienos. Prailginimo blokas suteikia papildomos vietos daiktams susid\u0117ti ir vizualiai u\u017ebaigia spint\u0105, sukurdamas darni\u0105 ir organizuot\u0105 visum\u0105.<br \/>\nNat\u016brali \u201eLancelot Oak\u201c spalva suteikia sieninei spintelei \u0161ilt\u0105, eleganti\u0161k\u0105 charakter\u012f ir pabr\u0117\u017eia jos tvirt\u0105 form\u0105. \u0160is atspalvis suteikia interjerui jaukumo ir harmonijos poj\u016bt\u012f, i\u0161laikant moderni\u0105 spintel\u0117s i\u0161vaizd\u0105. \u0160i spalv\u0173 schema puikiai dera tiek moderniu, tiek klasikiniu stiliumi dekoruotose svetain\u0117se, taip pat ir nat\u016brali\u0173 med\u017eiag\u0173 bei sant\u016brios spalv\u0173 palet\u0117s pagrindu sukurtose kompozicijose.<br \/>\n\u201eZEUS Lancelot Oak\u201c sienin\u0117 spintel\u0117 yra puikus pasirinkimas ie\u0161kantiems patvari\u0173, erdvi\u0173 ir esteti\u0161kai patraukli\u0173 svetain\u0117s bald\u0173, sukurt\u0173 atsi\u017evelgiant \u012f komfort\u0105 ir ilgaam\u017ei\u0161kum\u0105.<\/p>\n<p>K\u016bnas:<br \/>\nTamsusis Sonoma<br \/>\nBalta<br \/>\nLanceloto \u0105\u017euolas<br \/>\nAlyvuotas \u0105\u017euolas<br \/>\nKa\u0161myro sm\u0117lio spalvos<\/p>\n<p>Priekin\u0117 dalis:<br \/>\nAndersono pu\u0161is<br \/>\nDidysis \u0105\u017euolas<br \/>\nKaramel\u0117s \u0105\u017euolas<br \/>\nBalta<br \/>\nLanceloto \u0105\u017euolas<br \/>\nAlyvuotas \u0105\u017euolas<br \/>\nKa\u0161myro sm\u0117lio spalvos<\/p>","protected":false},"excerpt":{"rendered":"<p>Matmenys:<br \/>\nPlotis: 330 cm<br \/>\n\u016agis: 189 cm<br \/>\nGylis: 54 cm<\/p>","protected":false},"featured_media":333571,"comment_status":"open","ping_status":"closed","template":"","meta":[],"product_brand":[],"product_cat":[9857,2008],"product_tag":[],"class_list":{"0":"post-333457","1":"product","2":"type-product","3":"status-publish","4":"has-post-thumbnail","6":"product_cat-meblast","7":"product_cat-wall-units","9":"first","10":"instock","11":"shipping-taxable","12":"purchasable","13":"product-type-variable","14":"wvs-archive-product-wrapper"},"_links":{"self":[{"href":"https:\/\/baldumarket.lt\/lt\/wp-json\/wp\/v2\/product\/333457","targetHints":{"allow":["GET"]}}],"collection":[{"href":"https:\/\/baldumarket.lt\/lt\/wp-json\/wp\/v2\/product"}],"about":[{"href":"https:\/\/baldumarket.lt\/lt\/wp-json\/wp\/v2\/types\/product"}],"replies":[{"embeddable":true,"href":"https:\/\/baldumarket.lt\/lt\/wp-json\/wp\/v2\/comments?post=333457"}],"wp:featuredmedia":[{"embeddable":true,"href":"https:\/\/baldumarket.lt\/lt\/wp-json\/wp\/v2\/media\/333571"}],"wp:attachment":[{"href":"https:\/\/baldumarket.lt\/lt\/wp-json\/wp\/v2\/media?parent=333457"}],"wp:term":[{"taxonomy":"product_brand","embeddable":true,"href":"https:\/\/baldumarket.lt\/lt\/wp-json\/wp\/v2\/product_brand?post=333457"},{"taxonomy":"product_cat","embeddable":true,"href":"https:\/\/baldumarket.lt\/lt\/wp-json\/wp\/v2\/product_cat?post=333457"},{"taxonomy":"product_tag","embeddable":true,"href":"https:\/\/baldumarket.lt\/lt\/wp-json\/wp\/v2\/product_tag?post=333457"}],"curies":[{"name":"wp","href":"https:\/\/api.w.org\/{rel}","templated":true}]}}